{"id":19081,"date":"2021-12-14T00:05:30","date_gmt":"2021-12-13T17:05:30","guid":{"rendered":"https:\/\/dev.proski.ca\/?page_id=19081"},"modified":"2025-07-10T16:17:26","modified_gmt":"2025-07-10T20:17:26","slug":"livraison-et-retours","status":"publish","type":"page","link":"https:\/\/noramproski.com\/fr\/livraison-et-retours\/","title":{"rendered":"Livraison et retours"},"content":{"rendered":"\t\t<div data-elementor-type=\"wp-page\" data-elementor-id=\"19081\" class=\"elementor elementor-19081\" data-elementor-post-type=\"page\">\n\t\t\t\t\t\t<section class=\"elementor-section elementor-top-section elementor-element elementor-element-0bb75d8 elementor-section-boxed elementor-section-height-default elementor-section-height-default\" data-id=\"0bb75d8\" data-element_type=\"section\" data-e-type=\"section\">\n\t\t\t\t\t\t<div class=\"elementor-container elementor-column-gap-default\">\n\t\t\t\t\t<div class=\"elementor-column elementor-col-100 elementor-top-column elementor-element elementor-element-434ca17\" data-id=\"434ca17\" data-element_type=\"column\" data-e-type=\"column\">\n\t\t\t<div class=\"elementor-widget-wrap elementor-element-populated\">\n\t\t\t\t\t\t<div class=\"elementor-element elementor-element-855f696 elementor-widget elementor-widget-text-editor\" data-id=\"855f696\" data-element_type=\"widget\" data-e-type=\"widget\" data-widget_type=\"text-editor.default\">\n\t\t\t\t<div class=\"elementor-widget-container\">\n\t\t\t\t\t\t\t\t\t<h6><span lang=\"EN-CA\">Politique de livraison<\/span><\/h6><p>Nous offrons la livraison partout au Canada dans un d\u00e9lai d&#8217;environ 12 \u00e0 15 jours ouvrables suivant votre commande. Si ce d\u00e9lai est exc\u00e9d\u00e9, veuillez communiquer avec nous au <a href=\"tel:4502271235\">450 227-1235<\/a> ou nous \u00e9crire au <a href=\"mailto:info@proski.ca\">info@proski.ca<\/a>.<\/p><p>Les livraisons sont en sus. Selon le code postal partout au Canada et aux \u00c9tats-Unis et gratuite pour les accessoires command\u00e9s en m\u00eame temps qu&#8217;un simulateur, \u00e0 moins d&#8217;avis contraire au moment de finaliser la commande en ligne. Pour les accessoires command\u00e9s s\u00e9par\u00e9ment, les frais de livraison sont en sus et s&#8217;afficheront avant l\u2019\u00e9tape de paiement de votre commande.<\/p><p>Nous ne sommes pas responsables des retards de livraison qui seraient dus \u00e0 des circonstances impr\u00e9vues et ind\u00e9pendantes de notre volont\u00e9, telles que des conditions m\u00e9t\u00e9orologiques extr\u00eames, des catastrophes naturelles, des gr\u00e8ves, etc.<\/p><p>Une fois la transaction en ligne finalis\u00e9e et\u00a0 confirm\u00e9e, vous recevrez les directives pour v\u00e9rifier l&#8217;\u00e9tat de votre commande et les \u00e9tapes d&#8217;exp\u00e9dition en temps r\u00e9el.<\/p>\t\t\t\t\t\t\t\t<\/div>\n\t\t\t\t<\/div>\n\t\t\t\t<div class=\"elementor-element elementor-element-1a64521 elementor-widget elementor-widget-text-editor\" data-id=\"1a64521\" data-element_type=\"widget\" data-e-type=\"widget\" data-widget_type=\"text-editor.default\">\n\t\t\t\t<div class=\"elementor-widget-container\">\n\t\t\t\t\t\t\t\t\t<h6>Politique de retour et d&#8217;\u00e9change \/ Garantie sur les produits<\/h6><p>ProSki Canada garantit l\u2019absence de d\u00e9faut de fabrication de ses simulateurs pendant une p\u00e9riode d\u2019un\u00a0(1)\u00a0an suivant la date d\u2019achat du produit, et ce, dans le cadre d\u2019un usage normal. Cette garantie limit\u00e9e ne couvre pas les d\u00e9faillances dues \u00e0 un usage abusif, aux dommages accidentels ou \u00e0 une r\u00e9paration ou tentative de r\u00e9paration effectu\u00e9e par un tiers. Tout produit d\u00e9fectueux qui remplit les conditions de garantie \u00e9nonc\u00e9es sera remplac\u00e9 ou r\u00e9par\u00e9 sans frais.<\/p><p>Cette garantie ne s\u2019applique pas aux accessoires. Cette garantie ne s\u2019applique pas aux produits destin\u00e9s \u00e0 un usage commercial et, par cons\u00e9quent, un tel usage annulera sa garantie. Pour conna\u00eetre les d\u00e9tails de la politique de garantie pour des fins d\u2019usage commercial, veuillez communiquer avec notre service \u00e0 la client\u00e8le ou vous r\u00e9f\u00e9rer \u00e0 votre contrat de vente.<\/p><p>Pour nous informer de toute d\u00e9fectuosit\u00e9 de votre appareil, veuillez communiquer avec nous \u00e0 notre adresse \u00e9lectronique\u00a0<a href=\"mailto:service@proski.ca\">service@proski.ca<\/a>\u00a0ou au num\u00e9ro <a href=\"tel:4502279633\">450 227-9633<\/a>.<\/p><p><strong>Important : Avant de retourner un produit, veuillez\u00a0<\/strong><a href=\"\/contact\/\"><strong>communiquer avec nous<\/strong><\/a><strong>\u00a0pour obtenir un num\u00e9ro d&#8217;autorisation de retour et conna\u00eetre les proc\u00e9dures \u00e0 respecter.<\/strong><\/p>\t\t\t\t\t\t\t\t<\/div>\n\t\t\t\t<\/div>\n\t\t\t\t<div class=\"elementor-element elementor-element-d48a853 elementor-align-center elementor-widget elementor-widget-button\" data-id=\"d48a853\" data-element_type=\"widget\" data-e-type=\"widget\" data-widget_type=\"button.default\">\n\t\t\t\t<div class=\"elementor-widget-container\">\n\t\t\t\t\t\t\t\t\t<div class=\"elementor-button-wrapper\">\n\t\t\t\t\t<a class=\"elementor-button elementor-button-link elementor-size-md\" href=\"\/infos-pratiques\/\">\n\t\t\t\t\t\t<span class=\"elementor-button-content-wrapper\">\n\t\t\t\t\t\t<span class=\"elementor-button-icon\">\n\t\t\t\t<i aria-hidden=\"true\" class=\"fas fa-long-arrow-alt-right\"><\/i>\t\t\t<\/span>\n\t\t\t\t\t\t\t\t\t<span class=\"elementor-button-text\">DES QUESTIONS ? Voir les les Infos pratiques<\/span>\n\t\t\t\t\t<\/span>\n\t\t\t\t\t<\/a>\n\t\t\t\t<\/div>\n\t\t\t\t\t\t\t\t<\/div>\n\t\t\t\t<\/div>\n\t\t\t\t\t<\/div>\n\t\t<\/div>\n\t\t\t\t\t<\/div>\n\t\t<\/section>\n\t\t\t\t<\/div>\n\t\t","protected":false},"excerpt":{"rendered":"<p>Politique de livraison Nous offrons la livraison partout au Canada dans un d\u00e9lai d&#8217;environ 12 \u00e0 15 jours ouvrables suivant votre commande. Si ce d\u00e9lai est exc\u00e9d\u00e9, veuillez communiquer avec nous au 450 227-1235 ou nous \u00e9crire au info@proski.ca. Les livraisons sont en sus. Selon le code postal partout au Canada et aux \u00c9tats-Unis et [&hellip;]<\/p>\n","protected":false},"author":1,"featured_media":0,"parent":0,"menu_order":0,"comment_status":"closed","ping_status":"closed","template":"","meta":{"footnotes":""},"class_list":["post-19081","page","type-page","status-publish","hentry"],"yoast_head":"<!-- This site is optimized with the Yoast SEO plugin v27.3 - https:\/\/yoast.com\/product\/yoast-seo-wordpress\/ -->\n<title>Livraison et retours - Noram ProSki Simulator<\/title>\n<meta name=\"robots\" content=\"noindex, follow\" \/>\n<meta property=\"og:locale\" content=\"fr_CA\" \/>\n<meta property=\"og:type\" content=\"article\" \/>\n<meta property=\"og:title\" content=\"Livraison et retours - Noram ProSki Simulator\" \/>\n<meta property=\"og:description\" content=\"Politique de livraison Nous offrons la livraison partout au Canada dans un d\u00e9lai d&#8217;environ 12 \u00e0 15 jours ouvrables suivant votre commande. Si ce d\u00e9lai est exc\u00e9d\u00e9, veuillez communiquer avec nous au 450 227-1235 ou nous \u00e9crire au info@proski.ca. Les livraisons sont en sus. Selon le code postal partout au Canada et aux \u00c9tats-Unis et [&hellip;]\" \/>\n<meta property=\"og:url\" content=\"https:\/\/noramproski.com\/fr\/livraison-et-retours\/\" \/>\n<meta property=\"og:site_name\" content=\"Noram ProSki Simulator\" \/>\n<meta property=\"article:modified_time\" content=\"2025-07-10T20:17:26+00:00\" \/>\n<meta name=\"twitter:card\" content=\"summary_large_image\" \/>\n<meta name=\"twitter:label1\" content=\"Estimation du temps de lecture\" \/>\n\t<meta name=\"twitter:data1\" content=\"2 minutes\" \/>\n<script type=\"application\/ld+json\" class=\"yoast-schema-graph\">{\"@context\":\"https:\\\/\\\/schema.org\",\"@graph\":[{\"@type\":\"WebPage\",\"@id\":\"https:\\\/\\\/noramproski.com\\\/fr\\\/livraison-et-retours\\\/\",\"url\":\"https:\\\/\\\/noramproski.com\\\/fr\\\/livraison-et-retours\\\/\",\"name\":\"Livraison et retours - Noram ProSki Simulator\",\"isPartOf\":{\"@id\":\"https:\\\/\\\/noramproski.com\\\/fr\\\/#website\"},\"datePublished\":\"2021-12-13T17:05:30+00:00\",\"dateModified\":\"2025-07-10T20:17:26+00:00\",\"breadcrumb\":{\"@id\":\"https:\\\/\\\/noramproski.com\\\/fr\\\/livraison-et-retours\\\/#breadcrumb\"},\"inLanguage\":\"fr-CA\",\"potentialAction\":[{\"@type\":\"ReadAction\",\"target\":[\"https:\\\/\\\/noramproski.com\\\/fr\\\/livraison-et-retours\\\/\"]}]},{\"@type\":\"BreadcrumbList\",\"@id\":\"https:\\\/\\\/noramproski.com\\\/fr\\\/livraison-et-retours\\\/#breadcrumb\",\"itemListElement\":[{\"@type\":\"ListItem\",\"position\":1,\"name\":\"Accueil\",\"item\":\"https:\\\/\\\/noramproski.com\\\/fr\\\/\"},{\"@type\":\"ListItem\",\"position\":2,\"name\":\"Livraison et retours\"}]},{\"@type\":\"WebSite\",\"@id\":\"https:\\\/\\\/noramproski.com\\\/fr\\\/#website\",\"url\":\"https:\\\/\\\/noramproski.com\\\/fr\\\/\",\"name\":\"Noram ProSki Simulator - Professional Ski Training - L\u2019entra\u00eenement de ski hors neige\",\"description\":\"Noram ProSki Simulator\",\"potentialAction\":[{\"@type\":\"SearchAction\",\"target\":{\"@type\":\"EntryPoint\",\"urlTemplate\":\"https:\\\/\\\/noramproski.com\\\/fr\\\/?s={search_term_string}\"},\"query-input\":{\"@type\":\"PropertyValueSpecification\",\"valueRequired\":true,\"valueName\":\"search_term_string\"}}],\"inLanguage\":\"fr-CA\"}]}<\/script>\n<!-- \/ Yoast SEO plugin. -->","yoast_head_json":{"title":"Livraison et retours - Noram ProSki Simulator","robots":{"index":"noindex","follow":"follow"},"og_locale":"fr_CA","og_type":"article","og_title":"Livraison et retours - Noram ProSki Simulator","og_description":"Politique de livraison Nous offrons la livraison partout au Canada dans un d\u00e9lai d&#8217;environ 12 \u00e0 15 jours ouvrables suivant votre commande. Si ce d\u00e9lai est exc\u00e9d\u00e9, veuillez communiquer avec nous au 450 227-1235 ou nous \u00e9crire au info@proski.ca. Les livraisons sont en sus. Selon le code postal partout au Canada et aux \u00c9tats-Unis et [&hellip;]","og_url":"https:\/\/noramproski.com\/fr\/livraison-et-retours\/","og_site_name":"Noram ProSki Simulator","article_modified_time":"2025-07-10T20:17:26+00:00","twitter_card":"summary_large_image","twitter_misc":{"Estimation du temps de lecture":"2 minutes"},"schema":{"@context":"https:\/\/schema.org","@graph":[{"@type":"WebPage","@id":"https:\/\/noramproski.com\/fr\/livraison-et-retours\/","url":"https:\/\/noramproski.com\/fr\/livraison-et-retours\/","name":"Livraison et retours - Noram ProSki Simulator","isPartOf":{"@id":"https:\/\/noramproski.com\/fr\/#website"},"datePublished":"2021-12-13T17:05:30+00:00","dateModified":"2025-07-10T20:17:26+00:00","breadcrumb":{"@id":"https:\/\/noramproski.com\/fr\/livraison-et-retours\/#breadcrumb"},"inLanguage":"fr-CA","potentialAction":[{"@type":"ReadAction","target":["https:\/\/noramproski.com\/fr\/livraison-et-retours\/"]}]},{"@type":"BreadcrumbList","@id":"https:\/\/noramproski.com\/fr\/livraison-et-retours\/#breadcrumb","itemListElement":[{"@type":"ListItem","position":1,"name":"Accueil","item":"https:\/\/noramproski.com\/fr\/"},{"@type":"ListItem","position":2,"name":"Livraison et retours"}]},{"@type":"WebSite","@id":"https:\/\/noramproski.com\/fr\/#website","url":"https:\/\/noramproski.com\/fr\/","name":"Noram ProSki Simulator - Professional Ski Training - L\u2019entra\u00eenement de ski hors neige","description":"Noram ProSki Simulator","potentialAction":[{"@type":"SearchAction","target":{"@type":"EntryPoint","urlTemplate":"https:\/\/noramproski.com\/fr\/?s={search_term_string}"},"query-input":{"@type":"PropertyValueSpecification","valueRequired":true,"valueName":"search_term_string"}}],"inLanguage":"fr-CA"}]}},"_links":{"self":[{"href":"https:\/\/noramproski.com\/fr\/wp-json\/wp\/v2\/pages\/19081","targetHints":{"allow":["GET"]}}],"collection":[{"href":"https:\/\/noramproski.com\/fr\/wp-json\/wp\/v2\/pages"}],"about":[{"href":"https:\/\/noramproski.com\/fr\/wp-json\/wp\/v2\/types\/page"}],"author":[{"embeddable":true,"href":"https:\/\/noramproski.com\/fr\/wp-json\/wp\/v2\/users\/1"}],"replies":[{"embeddable":true,"href":"https:\/\/noramproski.com\/fr\/wp-json\/wp\/v2\/comments?post=19081"}],"version-history":[{"count":0,"href":"https:\/\/noramproski.com\/fr\/wp-json\/wp\/v2\/pages\/19081\/revisions"}],"wp:attachment":[{"href":"https:\/\/noramproski.com\/fr\/wp-json\/wp\/v2\/media?parent=19081"}],"curies":[{"name":"wp","href":"https:\/\/api.w.org\/{rel}","templated":true}]}}