{"id":19202,"date":"2022-04-15T22:08:30","date_gmt":"2022-04-15T15:08:30","guid":{"rendered":"https:\/\/dev.proski.ca\/?page_id=19202"},"modified":"2025-07-10T16:04:20","modified_gmt":"2025-07-10T20:04:20","slug":"installation","status":"publish","type":"page","link":"https:\/\/noramproski.com\/fr\/installation\/","title":{"rendered":"Assemblage et s\u00e9curit\u00e9"},"content":{"rendered":"\t\t<div data-elementor-type=\"wp-page\" data-elementor-id=\"19202\" class=\"elementor elementor-19202\" data-elementor-post-type=\"page\">\n\t\t\t\t\t\t<section class=\"elementor-section elementor-top-section elementor-element elementor-element-664c739 elementor-section-boxed elementor-section-height-default elementor-section-height-default\" data-id=\"664c739\" data-element_type=\"section\" data-e-type=\"section\">\n\t\t\t\t\t\t<div class=\"elementor-container elementor-column-gap-default\">\n\t\t\t\t\t<div class=\"elementor-column elementor-col-100 elementor-top-column elementor-element elementor-element-43ee3c5\" data-id=\"43ee3c5\" data-element_type=\"column\" data-e-type=\"column\">\n\t\t\t<div class=\"elementor-widget-wrap elementor-element-populated\">\n\t\t\t\t\t\t<div class=\"elementor-element elementor-element-34aa582 elementor-widget elementor-widget-text-editor\" data-id=\"34aa582\" data-element_type=\"widget\" data-e-type=\"widget\" data-widget_type=\"text-editor.default\">\n\t\t\t\t<div class=\"elementor-widget-container\">\n\t\t\t\t\t\t\t\t\t<h5>Facile \u00e0 monter, facile \u00e0 utiliser!<\/h5>\t\t\t\t\t\t\t\t<\/div>\n\t\t\t\t<\/div>\n\t\t\t\t<div class=\"elementor-element elementor-element-a935a9b elementor-widget elementor-widget-text-editor\" data-id=\"a935a9b\" data-element_type=\"widget\" data-e-type=\"widget\" data-widget_type=\"text-editor.default\">\n\t\t\t\t<div class=\"elementor-widget-container\">\n\t\t\t\t\t\t\t\t\t<p>Bienvenue dans l\u2019univers Pro Ski. Gr\u00e2ce \u00e0 votre nouveau simulateur de ski, il est d\u00e9sormais possible de vous entra\u00eener \u00e0 votre rythme, 12 mois par ann\u00e9e.<\/p>\t\t\t\t\t\t\t\t<\/div>\n\t\t\t\t<\/div>\n\t\t\t\t<div class=\"elementor-element elementor-element-712627d elementor-widget elementor-widget-text-editor\" data-id=\"712627d\" data-element_type=\"widget\" data-e-type=\"widget\" data-widget_type=\"text-editor.default\">\n\t\t\t\t<div class=\"elementor-widget-container\">\n\t\t\t\t\t\t\t\t\t<h5>COMMENT MONTER ET INSTALLER VOTRE NOUVEAU SIMULATEUR<\/h5>\t\t\t\t\t\t\t\t<\/div>\n\t\t\t\t<\/div>\n\t\t\t\t<div class=\"elementor-element elementor-element-ad3a92b elementor-widget elementor-widget-heading\" data-id=\"ad3a92b\" data-element_type=\"widget\" data-e-type=\"widget\" data-widget_type=\"heading.default\">\n\t\t\t\t<div class=\"elementor-widget-container\">\n\t\t\t\t\t<h2 class=\"elementor-heading-title elementor-size-default\">Mod\u00e8les Classic et PREMIUM<\/h2>\t\t\t\t<\/div>\n\t\t\t\t<\/div>\n\t\t\t\t<div class=\"elementor-element elementor-element-a3661bb elementor-widget elementor-widget-video\" data-id=\"a3661bb\" data-element_type=\"widget\" data-e-type=\"widget\" data-settings=\"{&quot;youtube_url&quot;:&quot;https:\\\/\\\/www.youtube.com\\\/watch?v=-jWtMyMwK1I&quot;,&quot;mute&quot;:&quot;yes&quot;,&quot;video_type&quot;:&quot;youtube&quot;,&quot;controls&quot;:&quot;yes&quot;}\" data-widget_type=\"video.default\">\n\t\t\t\t<div class=\"elementor-widget-container\">\n\t\t\t\t\t\t\t<div class=\"elementor-wrapper elementor-open-inline\">\n\t\t\t<div class=\"elementor-video\"><\/div>\t\t<\/div>\n\t\t\t\t\t\t<\/div>\n\t\t\t\t<\/div>\n\t\t\t\t<div class=\"elementor-element elementor-element-663e897 elementor-widget elementor-widget-heading\" data-id=\"663e897\" data-element_type=\"widget\" data-e-type=\"widget\" data-widget_type=\"heading.default\">\n\t\t\t\t<div class=\"elementor-widget-container\">\n\t\t\t\t\t<h2 class=\"elementor-heading-title elementor-size-default\">Mod\u00e8le POWER XL<\/h2>\t\t\t\t<\/div>\n\t\t\t\t<\/div>\n\t\t\t\t<div class=\"elementor-element elementor-element-0f92c56 elementor-widget elementor-widget-video\" data-id=\"0f92c56\" data-element_type=\"widget\" data-e-type=\"widget\" data-settings=\"{&quot;youtube_url&quot;:&quot;https:\\\/\\\/youtu.be\\\/CZeKzyeKDes&quot;,&quot;mute&quot;:&quot;yes&quot;,&quot;video_type&quot;:&quot;youtube&quot;,&quot;controls&quot;:&quot;yes&quot;}\" data-widget_type=\"video.default\">\n\t\t\t\t<div class=\"elementor-widget-container\">\n\t\t\t\t\t\t\t<div class=\"elementor-wrapper elementor-open-inline\">\n\t\t\t<div class=\"elementor-video\"><\/div>\t\t<\/div>\n\t\t\t\t\t\t<\/div>\n\t\t\t\t<\/div>\n\t\t\t\t<div class=\"elementor-element elementor-element-a344a35 elementor-widget elementor-widget-heading\" data-id=\"a344a35\" data-element_type=\"widget\" data-e-type=\"widget\" data-widget_type=\"heading.default\">\n\t\t\t\t<div class=\"elementor-widget-container\">\n\t\t\t\t\t<h2 class=\"elementor-heading-title elementor-size-default\">Mod\u00e8le PROFESSIONAL<\/h2>\t\t\t\t<\/div>\n\t\t\t\t<\/div>\n\t\t\t\t<div class=\"elementor-element elementor-element-4775991 elementor-widget elementor-widget-video\" data-id=\"4775991\" data-element_type=\"widget\" data-e-type=\"widget\" data-settings=\"{&quot;youtube_url&quot;:&quot;https:\\\/\\\/youtu.be\\\/b6rOAxiF4pA&quot;,&quot;mute&quot;:&quot;yes&quot;,&quot;video_type&quot;:&quot;youtube&quot;,&quot;controls&quot;:&quot;yes&quot;}\" data-widget_type=\"video.default\">\n\t\t\t\t<div class=\"elementor-widget-container\">\n\t\t\t\t\t\t\t<div class=\"elementor-wrapper elementor-open-inline\">\n\t\t\t<div class=\"elementor-video\"><\/div>\t\t<\/div>\n\t\t\t\t\t\t<\/div>\n\t\t\t\t<\/div>\n\t\t\t\t<div class=\"elementor-element elementor-element-fb71944 elementor-widget elementor-widget-text-editor\" data-id=\"fb71944\" data-element_type=\"widget\" data-e-type=\"widget\" data-widget_type=\"text-editor.default\">\n\t\t\t\t<div class=\"elementor-widget-container\">\n\t\t\t\t\t\t\t\t\t<h6>UTILISATION S\u00c9CURITAIRE<\/h6><p>Votre simulateur Pro Ski est un appareil d\u2019entra\u00eenement s\u00e9curitaire d\u00e8s lors que vous respectez les consignes d\u2019utilisation et d\u2019installation. Un usage incorrect pourrait accro\u00eetre le risque de blessures. Notez qu\u2019il est essentiel pour les d\u00e9butants de tenir la rampe d\u2019appui et que l\u2019usage est \u00e0 vos propres risques.<\/p><p>Le simulateur Pro Ski s\u2019adresse \u00e0 tous les groupes d\u2019\u00e2ge, mais ce n\u2019est pas un jouet. Les enfants doivent l\u2019utiliser sous la supervision d\u2019un adulte. Tout accident, blessure ou dommage r\u00e9sultant d\u2019un usage incorrect sont \u00e0 vos propres risques. Veuillez ne pas utiliser le simulateur Pro Ski sans supervision et autorisation m\u00e9dicale si vous \u00eates enceinte ou souffrez d\u2019une condition m\u00e9dicale.<\/p>\t\t\t\t\t\t\t\t<\/div>\n\t\t\t\t<\/div>\n\t\t\t\t<div class=\"elementor-element elementor-element-9cbbe73 elementor-widget elementor-widget-text-editor\" data-id=\"9cbbe73\" data-element_type=\"widget\" data-e-type=\"widget\" data-widget_type=\"text-editor.default\">\n\t\t\t\t<div class=\"elementor-widget-container\">\n\t\t\t\t\t\t\t\t\t<h6>INFORMATIONS IMPORTANTES avant d\u2019utiliser votre simulateur Pro Ski<\/h6>\n<strong>Poids maximal<\/strong>\n<table>\n<thead>\n<tr>\n<th>Mod\u00e8le<\/th>\n<th>Poids maximal<\/th>\n<\/tr>\n<\/thead>\n<thead>\n<tr>\n<td>Classic JUNIOR<\/td>\n<td>120 kg (265 lb)<\/td>\n<\/tr>\n<tr>\n<td>Classic<\/td>\n<td>120 kg (265 lb)<\/td>\n<\/tr>\n<tr>\n<td>\u00c9dition sp\u00e9ciale GRAFFITI<\/td>\n<td>120 kg (265 lb)<\/td>\n<\/tr>\n<tr>\n<td>PREMIUM<\/td>\n<td>120 kg (265 lb)<\/td>\n<\/tr>\n<tr>\n<td>POWER XL<\/td>\n<td>120 kg (265 lb)<\/td>\n<\/tr>\n<tr>\n<td>PROFESSIONAL<\/td>\n<td>150 kg (330 lb)<\/td>\n<\/tr>\n<\/thead>\n<\/table>\t\t\t\t\t\t\t\t<\/div>\n\t\t\t\t<\/div>\n\t\t\t\t<div class=\"elementor-element elementor-element-1f56117 elementor-widget elementor-widget-text-editor\" data-id=\"1f56117\" data-element_type=\"widget\" data-e-type=\"widget\" data-widget_type=\"text-editor.default\">\n\t\t\t\t<div class=\"elementor-widget-container\">\n\t\t\t\t\t\t\t\t\t<h6>RECOMMANDATIONS<\/h6><p>Pour profiter au maximum de l\u2019entra\u00eenement fourni par votre simulateur Pro Ski, il est recommand\u00e9 de:<\/p><ul><li>Porter toujours des semelles adh\u00e9rentes et des v\u00eatements confortables.<\/li><li>S\u2019assurer que les bandes \u00e9lastiques sont correctement fix\u00e9es avant chaque usage.<\/li><li>Utiliser le simulateur sur une surface propre, plane, ferme, adh\u00e9rente et stable, afin d\u2019\u00e9viter que l\u2019appareil bouge durant l\u2019usage, de limiter tout risque de blessure et de ne pas endommager le plancher.<\/li><li>Choisir des exercices et un niveau d\u2019entra\u00eenement appropri\u00e9s et adapt\u00e9s \u00e0 votre forme physique ainsi que votre condition m\u00e9dicale.<\/li><li>Garder votre zone d\u2019entra\u00eenement d\u00e9gag\u00e9e et libre de tout obstacle.<\/li><\/ul>\t\t\t\t\t\t\t\t<\/div>\n\t\t\t\t<\/div>\n\t\t\t\t<div class=\"elementor-element elementor-element-518d5a0 elementor-widget elementor-widget-text-editor\" data-id=\"518d5a0\" data-element_type=\"widget\" data-e-type=\"widget\" data-widget_type=\"text-editor.default\">\n\t\t\t\t<div class=\"elementor-widget-container\">\n\t\t\t\t\t\t\t\t\t<h6>ENTRETIEN<\/h6><p>Pour un entra\u00eenement fluide et s\u00e9curitaire, appliquez r\u00e9guli\u00e8rement du lubrifiant de type silicone sur les rails de glissement de votre simulateur Pro Ski.<\/p>\t\t\t\t\t\t\t\t<\/div>\n\t\t\t\t<\/div>\n\t\t\t\t\t<\/div>\n\t\t<\/div>\n\t\t\t\t\t<\/div>\n\t\t<\/section>\n\t\t\t\t<section class=\"elementor-section elementor-top-section elementor-element elementor-element-bc3e23d elementor-section-boxed elementor-section-height-default elementor-section-height-default\" data-id=\"bc3e23d\" data-element_type=\"section\" data-e-type=\"section\">\n\t\t\t\t\t\t<div class=\"elementor-container elementor-column-gap-default\">\n\t\t\t\t\t<div class=\"elementor-column elementor-col-100 elementor-top-column elementor-element elementor-element-3c7fd29\" data-id=\"3c7fd29\" data-element_type=\"column\" data-e-type=\"column\">\n\t\t\t<div class=\"elementor-widget-wrap\">\n\t\t\t\t\t\t\t<\/div>\n\t\t<\/div>\n\t\t\t\t\t<\/div>\n\t\t<\/section>\n\t\t\t\t<\/div>\n\t\t","protected":false},"excerpt":{"rendered":"<p>Facile \u00e0 monter, facile \u00e0 utiliser! Bienvenue dans l\u2019univers Pro Ski. Gr\u00e2ce \u00e0 votre nouveau simulateur de ski, il est d\u00e9sormais possible de vous entra\u00eener \u00e0 votre rythme, 12 mois par ann\u00e9e. COMMENT MONTER ET INSTALLER VOTRE NOUVEAU SIMULATEUR Mod\u00e8les Classic et PREMIUM Mod\u00e8le POWER XL Mod\u00e8le PROFESSIONAL UTILISATION S\u00c9CURITAIRE Votre simulateur Pro Ski est [&hellip;]<\/p>\n","protected":false},"author":1,"featured_media":0,"parent":0,"menu_order":0,"comment_status":"closed","ping_status":"closed","template":"","meta":{"footnotes":""},"class_list":["post-19202","page","type-page","status-publish","hentry"],"yoast_head":"<!-- This site is optimized with the Yoast SEO plugin v27.3 - https:\/\/yoast.com\/product\/yoast-seo-wordpress\/ -->\n<title>Assemblage et s\u00e9curit\u00e9 - Noram ProSki Simulator<\/title>\n<meta name=\"robots\" content=\"noindex, follow\" \/>\n<meta property=\"og:locale\" content=\"fr_CA\" \/>\n<meta property=\"og:type\" content=\"article\" \/>\n<meta property=\"og:title\" content=\"Assemblage et s\u00e9curit\u00e9 - Noram ProSki Simulator\" \/>\n<meta property=\"og:description\" content=\"Facile \u00e0 monter, facile \u00e0 utiliser! Bienvenue dans l\u2019univers Pro Ski. Gr\u00e2ce \u00e0 votre nouveau simulateur de ski, il est d\u00e9sormais possible de vous entra\u00eener \u00e0 votre rythme, 12 mois par ann\u00e9e. COMMENT MONTER ET INSTALLER VOTRE NOUVEAU SIMULATEUR Mod\u00e8les Classic et PREMIUM Mod\u00e8le POWER XL Mod\u00e8le PROFESSIONAL UTILISATION S\u00c9CURITAIRE Votre simulateur Pro Ski est [&hellip;]\" \/>\n<meta property=\"og:url\" content=\"https:\/\/noramproski.com\/fr\/installation\/\" \/>\n<meta property=\"og:site_name\" content=\"Noram ProSki Simulator\" \/>\n<meta property=\"article:modified_time\" content=\"2025-07-10T20:04:20+00:00\" \/>\n<meta name=\"twitter:card\" content=\"summary_large_image\" \/>\n<meta name=\"twitter:label1\" content=\"Estimation du temps de lecture\" \/>\n\t<meta name=\"twitter:data1\" content=\"2 minutes\" \/>\n<script type=\"application\/ld+json\" class=\"yoast-schema-graph\">{\"@context\":\"https:\\\/\\\/schema.org\",\"@graph\":[{\"@type\":\"WebPage\",\"@id\":\"https:\\\/\\\/noramproski.com\\\/fr\\\/installation\\\/\",\"url\":\"https:\\\/\\\/noramproski.com\\\/fr\\\/installation\\\/\",\"name\":\"Assemblage et s\u00e9curit\u00e9 - Noram ProSki Simulator\",\"isPartOf\":{\"@id\":\"https:\\\/\\\/noramproski.com\\\/fr\\\/#website\"},\"datePublished\":\"2022-04-15T15:08:30+00:00\",\"dateModified\":\"2025-07-10T20:04:20+00:00\",\"breadcrumb\":{\"@id\":\"https:\\\/\\\/noramproski.com\\\/fr\\\/installation\\\/#breadcrumb\"},\"inLanguage\":\"fr-CA\",\"potentialAction\":[{\"@type\":\"ReadAction\",\"target\":[\"https:\\\/\\\/noramproski.com\\\/fr\\\/installation\\\/\"]}]},{\"@type\":\"BreadcrumbList\",\"@id\":\"https:\\\/\\\/noramproski.com\\\/fr\\\/installation\\\/#breadcrumb\",\"itemListElement\":[{\"@type\":\"ListItem\",\"position\":1,\"name\":\"Accueil\",\"item\":\"https:\\\/\\\/noramproski.com\\\/fr\\\/\"},{\"@type\":\"ListItem\",\"position\":2,\"name\":\"Assemblage et s\u00e9curit\u00e9\"}]},{\"@type\":\"WebSite\",\"@id\":\"https:\\\/\\\/noramproski.com\\\/fr\\\/#website\",\"url\":\"https:\\\/\\\/noramproski.com\\\/fr\\\/\",\"name\":\"Noram ProSki Simulator - Professional Ski Training - L\u2019entra\u00eenement de ski hors neige\",\"description\":\"Noram ProSki Simulator\",\"potentialAction\":[{\"@type\":\"SearchAction\",\"target\":{\"@type\":\"EntryPoint\",\"urlTemplate\":\"https:\\\/\\\/noramproski.com\\\/fr\\\/?s={search_term_string}\"},\"query-input\":{\"@type\":\"PropertyValueSpecification\",\"valueRequired\":true,\"valueName\":\"search_term_string\"}}],\"inLanguage\":\"fr-CA\"}]}<\/script>\n<!-- \/ Yoast SEO plugin. -->","yoast_head_json":{"title":"Assemblage et s\u00e9curit\u00e9 - Noram ProSki Simulator","robots":{"index":"noindex","follow":"follow"},"og_locale":"fr_CA","og_type":"article","og_title":"Assemblage et s\u00e9curit\u00e9 - Noram ProSki Simulator","og_description":"Facile \u00e0 monter, facile \u00e0 utiliser! Bienvenue dans l\u2019univers Pro Ski. Gr\u00e2ce \u00e0 votre nouveau simulateur de ski, il est d\u00e9sormais possible de vous entra\u00eener \u00e0 votre rythme, 12 mois par ann\u00e9e. COMMENT MONTER ET INSTALLER VOTRE NOUVEAU SIMULATEUR Mod\u00e8les Classic et PREMIUM Mod\u00e8le POWER XL Mod\u00e8le PROFESSIONAL UTILISATION S\u00c9CURITAIRE Votre simulateur Pro Ski est [&hellip;]","og_url":"https:\/\/noramproski.com\/fr\/installation\/","og_site_name":"Noram ProSki Simulator","article_modified_time":"2025-07-10T20:04:20+00:00","twitter_card":"summary_large_image","twitter_misc":{"Estimation du temps de lecture":"2 minutes"},"schema":{"@context":"https:\/\/schema.org","@graph":[{"@type":"WebPage","@id":"https:\/\/noramproski.com\/fr\/installation\/","url":"https:\/\/noramproski.com\/fr\/installation\/","name":"Assemblage et s\u00e9curit\u00e9 - Noram ProSki Simulator","isPartOf":{"@id":"https:\/\/noramproski.com\/fr\/#website"},"datePublished":"2022-04-15T15:08:30+00:00","dateModified":"2025-07-10T20:04:20+00:00","breadcrumb":{"@id":"https:\/\/noramproski.com\/fr\/installation\/#breadcrumb"},"inLanguage":"fr-CA","potentialAction":[{"@type":"ReadAction","target":["https:\/\/noramproski.com\/fr\/installation\/"]}]},{"@type":"BreadcrumbList","@id":"https:\/\/noramproski.com\/fr\/installation\/#breadcrumb","itemListElement":[{"@type":"ListItem","position":1,"name":"Accueil","item":"https:\/\/noramproski.com\/fr\/"},{"@type":"ListItem","position":2,"name":"Assemblage et s\u00e9curit\u00e9"}]},{"@type":"WebSite","@id":"https:\/\/noramproski.com\/fr\/#website","url":"https:\/\/noramproski.com\/fr\/","name":"Noram ProSki Simulator - Professional Ski Training - L\u2019entra\u00eenement de ski hors neige","description":"Noram ProSki Simulator","potentialAction":[{"@type":"SearchAction","target":{"@type":"EntryPoint","urlTemplate":"https:\/\/noramproski.com\/fr\/?s={search_term_string}"},"query-input":{"@type":"PropertyValueSpecification","valueRequired":true,"valueName":"search_term_string"}}],"inLanguage":"fr-CA"}]}},"_links":{"self":[{"href":"https:\/\/noramproski.com\/fr\/wp-json\/wp\/v2\/pages\/19202","targetHints":{"allow":["GET"]}}],"collection":[{"href":"https:\/\/noramproski.com\/fr\/wp-json\/wp\/v2\/pages"}],"about":[{"href":"https:\/\/noramproski.com\/fr\/wp-json\/wp\/v2\/types\/page"}],"author":[{"embeddable":true,"href":"https:\/\/noramproski.com\/fr\/wp-json\/wp\/v2\/users\/1"}],"replies":[{"embeddable":true,"href":"https:\/\/noramproski.com\/fr\/wp-json\/wp\/v2\/comments?post=19202"}],"version-history":[{"count":0,"href":"https:\/\/noramproski.com\/fr\/wp-json\/wp\/v2\/pages\/19202\/revisions"}],"wp:attachment":[{"href":"https:\/\/noramproski.com\/fr\/wp-json\/wp\/v2\/media?parent=19202"}],"curies":[{"name":"wp","href":"https:\/\/api.w.org\/{rel}","templated":true}]}}