{"id":20770,"date":"2022-12-22T23:16:01","date_gmt":"2022-12-23T04:16:01","guid":{"rendered":"https:\/\/dev.proski.ca\/?page_id=20770"},"modified":"2025-07-10T16:28:31","modified_gmt":"2025-07-10T20:28:31","slug":"up-la-sante","status":"publish","type":"page","link":"https:\/\/noramproski.com\/fr\/up-la-sante\/","title":{"rendered":"UP la sant\u00e9"},"content":{"rendered":"\t\t<div data-elementor-type=\"wp-page\" data-elementor-id=\"20770\" class=\"elementor elementor-20770\" data-elementor-post-type=\"page\">\n\t\t\t\t\t\t<section class=\"elementor-section elementor-top-section elementor-element elementor-element-feb930f elementor-section-boxed elementor-section-height-default elementor-section-height-default\" data-id=\"feb930f\" data-element_type=\"section\" data-e-type=\"section\">\n\t\t\t\t\t\t<div class=\"elementor-container elementor-column-gap-default\">\n\t\t\t\t\t<div class=\"elementor-column elementor-col-100 elementor-top-column elementor-element elementor-element-ab3648d\" data-id=\"ab3648d\" data-element_type=\"column\" data-e-type=\"column\">\n\t\t\t<div class=\"elementor-widget-wrap elementor-element-populated\">\n\t\t\t\t\t\t<div class=\"elementor-element elementor-element-e34d09c elementor-widget elementor-widget-heading\" data-id=\"e34d09c\" data-element_type=\"widget\" data-e-type=\"widget\" data-widget_type=\"heading.default\">\n\t\t\t\t<div class=\"elementor-widget-container\">\n\t\t\t\t\t<h2 class=\"elementor-heading-title elementor-size-default\">Une bonne sant\u00e9 passe<br>par un mode de vie actif!<\/h2>\t\t\t\t<\/div>\n\t\t\t\t<\/div>\n\t\t\t\t<div class=\"elementor-element elementor-element-5ee9a41 elementor-widget elementor-widget-text-editor\" data-id=\"5ee9a41\" data-element_type=\"widget\" data-e-type=\"widget\" data-widget_type=\"text-editor.default\">\n\t\t\t\t<div class=\"elementor-widget-container\">\n\t\t\t\t\t\t\t\t\t<p>L&#8217;innovation sportive en mati\u00e8re d&#8217;entra\u00eenement global, les simulateurs Pro Ski s&#8217;adressent aux personnes de tous \u00e2ges et de tous niveaux, gr\u00e2ce une vari\u00e9t\u00e9 d&#8217;exercices ciblant le cardio, le tonus musculaire, l&#8217;endurance, la souplesse, l&#8217;\u00e9quilibre et plus encore!<\/p>\t\t\t\t\t\t\t\t<\/div>\n\t\t\t\t<\/div>\n\t\t\t\t\t<\/div>\n\t\t<\/div>\n\t\t\t\t\t<\/div>\n\t\t<\/section>\n\t\t\t\t<section class=\"elementor-section elementor-top-section elementor-element elementor-element-78f33edc elementor-section-content-middle elementor-section-boxed elementor-section-height-default elementor-section-height-default\" data-id=\"78f33edc\" data-element_type=\"section\" data-e-type=\"section\">\n\t\t\t\t\t\t<div class=\"elementor-container elementor-column-gap-no\">\n\t\t\t\t\t<div class=\"elementor-column elementor-col-100 elementor-top-column elementor-element elementor-element-2837cf78\" data-id=\"2837cf78\" data-element_type=\"column\" data-e-type=\"column\">\n\t\t\t<div class=\"elementor-widget-wrap elementor-element-populated\">\n\t\t\t\t\t\t<section class=\"elementor-section elementor-inner-section elementor-element elementor-element-52d61ea0 elementor-section-content-middle elementor-section-boxed elementor-section-height-default elementor-section-height-default\" data-id=\"52d61ea0\" data-element_type=\"section\" data-e-type=\"section\">\n\t\t\t\t\t\t<div class=\"elementor-container elementor-column-gap-no\">\n\t\t\t\t\t<div class=\"elementor-column elementor-col-50 elementor-inner-column elementor-element elementor-element-78d22dd7\" data-id=\"78d22dd7\" data-element_type=\"column\" data-e-type=\"column\">\n\t\t\t<div class=\"elementor-widget-wrap elementor-element-populated\">\n\t\t\t\t\t\t<div class=\"elementor-element elementor-element-0e556be elementor-widget elementor-widget-heading\" data-id=\"0e556be\" data-element_type=\"widget\" data-e-type=\"widget\" data-widget_type=\"heading.default\">\n\t\t\t\t<div class=\"elementor-widget-container\">\n\t\t\t\t\t<h2 class=\"elementor-heading-title elementor-size-default\">Le cardio et votre sant\u00e9<\/h2>\t\t\t\t<\/div>\n\t\t\t\t<\/div>\n\t\t\t\t<div class=\"elementor-element elementor-element-d1aa9aa list-class elementor-widget elementor-widget-text-editor\" data-id=\"d1aa9aa\" data-element_type=\"widget\" data-e-type=\"widget\" data-widget_type=\"text-editor.default\">\n\t\t\t\t<div class=\"elementor-widget-container\">\n\t\t\t\t\t\t\t\t\t<p>L&#8217;exercice est fondamental pour mener une vie saine et un bon r\u00e9gime de fitness favorise le fonctionnement optimal de chaque partie du corps. Les simulateurs Pro Ski stimulent le cardio de fa\u00e7on efficace. Selon l&#8217;intensit\u00e9 et la consommation d&#8217;\u00e9nergie, une seule session peut facilement br\u00fbler de 800 \u00e0 1000 calories.<\/p>\t\t\t\t\t\t\t\t<\/div>\n\t\t\t\t<\/div>\n\t\t\t\t<div class=\"elementor-element elementor-element-37e99fd9 elementor-widget elementor-widget-heading\" data-id=\"37e99fd9\" data-element_type=\"widget\" data-e-type=\"widget\" data-widget_type=\"heading.default\">\n\t\t\t\t<div class=\"elementor-widget-container\">\n\t\t\t\t\t<h2 class=\"elementor-heading-title elementor-size-default\">Le PRO de la posture<\/h2>\t\t\t\t<\/div>\n\t\t\t\t<\/div>\n\t\t\t\t<div class=\"elementor-element elementor-element-1e361a56 list-class elementor-widget elementor-widget-text-editor\" data-id=\"1e361a56\" data-element_type=\"widget\" data-e-type=\"widget\" data-widget_type=\"text-editor.default\">\n\t\t\t\t<div class=\"elementor-widget-container\">\n\t\t\t\t\t\t\t\t\t<p>R\u00e9volutionnaire, Pro Ski ne sert pas seulement \u00e0 apprendre \u00e0 skier. Il fait travailler tous les muscles du corps pour augmenter votre forme physique et votre performance en g\u00e9n\u00e9ral, quel que soit votre sport pr\u00e9f\u00e9r\u00e9. En renfor\u00e7ant les principaux muscles et ligaments au niveau de l&#8217;abdomen et du dos, Pro Ski peut aussi aider \u00e0 corriger une posture souvent malmen\u00e9e par les heures pass\u00e9es assis devant un ordinateur ou la t\u00e9l\u00e9.<\/p>\t\t\t\t\t\t\t\t<\/div>\n\t\t\t\t<\/div>\n\t\t\t\t\t<\/div>\n\t\t<\/div>\n\t\t\t\t<div class=\"elementor-column elementor-col-50 elementor-inner-column elementor-element elementor-element-777835ec\" data-id=\"777835ec\" data-element_type=\"column\" data-e-type=\"column\">\n\t\t\t<div class=\"elementor-widget-wrap elementor-element-populated\">\n\t\t\t\t\t\t<div class=\"elementor-element elementor-element-36e3f875 elementor-widget elementor-widget-image\" data-id=\"36e3f875\" data-element_type=\"widget\" data-e-type=\"widget\" data-widget_type=\"image.default\">\n\t\t\t\t<div class=\"elementor-widget-container\">\n\t\t\t\t\t\t\t\t\t\t\t\t\t\t\t<img fetchpriority=\"high\" decoding=\"async\" width=\"786\" height=\"755\" src=\"https:\/\/noramproski.com\/wp-content\/uploads\/2022\/12\/gym.jpg\" class=\"attachment-large size-large wp-image-20722\" alt=\"\" srcset=\"https:\/\/noramproski.com\/wp-content\/uploads\/2022\/12\/gym.jpg 786w, https:\/\/noramproski.com\/wp-content\/uploads\/2022\/12\/gym-620x596.jpg 620w, https:\/\/noramproski.com\/wp-content\/uploads\/2022\/12\/gym-300x288.jpg 300w, https:\/\/noramproski.com\/wp-content\/uploads\/2022\/12\/gym-768x738.jpg 768w\" sizes=\"(max-width: 786px) 100vw, 786px\" \/>\t\t\t\t\t\t\t\t\t\t\t\t\t\t\t<\/div>\n\t\t\t\t<\/div>\n\t\t\t\t\t<\/div>\n\t\t<\/div>\n\t\t\t\t\t<\/div>\n\t\t<\/section>\n\t\t\t\t\t<\/div>\n\t\t<\/div>\n\t\t\t\t\t<\/div>\n\t\t<\/section>\n\t\t\t\t<section class=\"elementor-section elementor-top-section elementor-element elementor-element-e25c2d6 elementor-section-boxed elementor-section-height-default elementor-section-height-default\" data-id=\"e25c2d6\" data-element_type=\"section\" data-e-type=\"section\">\n\t\t\t\t\t\t<div class=\"elementor-container elementor-column-gap-default\">\n\t\t\t\t\t<div class=\"elementor-column elementor-col-100 elementor-top-column elementor-element elementor-element-eeb27d6\" data-id=\"eeb27d6\" data-element_type=\"column\" data-e-type=\"column\">\n\t\t\t<div class=\"elementor-widget-wrap elementor-element-populated\">\n\t\t\t\t\t\t<div class=\"elementor-element elementor-element-b8c7872 elementor-widget elementor-widget-heading\" data-id=\"b8c7872\" data-element_type=\"widget\" data-e-type=\"widget\" data-widget_type=\"heading.default\">\n\t\t\t\t<div class=\"elementor-widget-container\">\n\t\t\t\t\t<h2 class=\"elementor-heading-title elementor-size-default\">Le choix Sport &amp; Sant\u00e9<\/h2>\t\t\t\t<\/div>\n\t\t\t\t<\/div>\n\t\t\t\t\t<\/div>\n\t\t<\/div>\n\t\t\t\t\t<\/div>\n\t\t<\/section>\n\t\t\t\t<section class=\"elementor-section elementor-top-section elementor-element elementor-element-1eb78f9 elementor-section-boxed elementor-section-height-default elementor-section-height-default\" data-id=\"1eb78f9\" data-element_type=\"section\" data-e-type=\"section\">\n\t\t\t\t\t\t<div class=\"elementor-container elementor-column-gap-default\">\n\t\t\t\t\t<div class=\"elementor-column elementor-col-100 elementor-top-column elementor-element elementor-element-f064eba\" data-id=\"f064eba\" data-element_type=\"column\" data-e-type=\"column\">\n\t\t\t<div class=\"elementor-widget-wrap elementor-element-populated\">\n\t\t\t\t\t\t<div class=\"elementor-element elementor-element-e8ff343 elementor-widget elementor-widget-text-editor\" data-id=\"e8ff343\" data-element_type=\"widget\" data-e-type=\"widget\" data-widget_type=\"text-editor.default\">\n\t\t\t\t<div class=\"elementor-widget-container\">\n\t\t\t\t\t\t\t\t\t<p>Contrairement aux appareils de conditionnement physique traditionnels, la technologie sign\u00e9e Pro Ski permet de travailler tous les muscles du corps \u00e0 la fois. Et si les simulateurs ont \u00e9t\u00e9 d\u00e9velopp\u00e9s \u00e0 l&#8217;origine pour le ski, ils promettent d&#8217;am\u00e9liorer la performance dans tous les sports gr\u00e2ce \u00e0 6 configurations diff\u00e9rentes et des modules cibl\u00e9s pour l&#8217;entra\u00eenement en souliers de course, en bottes de ski ou en planche \u00e0 neige.<\/p>\t\t\t\t\t\t\t\t<\/div>\n\t\t\t\t<\/div>\n\t\t\t\t<div class=\"elementor-element elementor-element-9e84660 elementor-widget elementor-widget-video\" data-id=\"9e84660\" data-element_type=\"widget\" data-e-type=\"widget\" data-settings=\"{&quot;youtube_url&quot;:&quot;https:\\\/\\\/youtu.be\\\/op0wc7-dRDY&quot;,&quot;video_type&quot;:&quot;youtube&quot;,&quot;controls&quot;:&quot;yes&quot;}\" data-widget_type=\"video.default\">\n\t\t\t\t<div class=\"elementor-widget-container\">\n\t\t\t\t\t\t\t<div class=\"elementor-wrapper elementor-open-inline\">\n\t\t\t<div class=\"elementor-video\"><\/div>\t\t<\/div>\n\t\t\t\t\t\t<\/div>\n\t\t\t\t<\/div>\n\t\t\t\t\t<\/div>\n\t\t<\/div>\n\t\t\t\t\t<\/div>\n\t\t<\/section>\n\t\t\t\t<\/div>\n\t\t","protected":false},"excerpt":{"rendered":"<p>Une bonne sant\u00e9 passe par un mode de vie actif! L&#8217;innovation sportive en mati\u00e8re d&#8217;entra\u00eenement global, les simulateurs Pro Ski s&#8217;adressent aux personnes de tous \u00e2ges et de tous niveaux, gr\u00e2ce une vari\u00e9t\u00e9 d&#8217;exercices ciblant le cardio, le tonus musculaire, l&#8217;endurance, la souplesse, l&#8217;\u00e9quilibre et plus encore! Le cardio et votre sant\u00e9 L&#8217;exercice est fondamental [&hellip;]<\/p>\n","protected":false},"author":1,"featured_media":0,"parent":0,"menu_order":0,"comment_status":"closed","ping_status":"closed","template":"","meta":{"footnotes":""},"class_list":["post-20770","page","type-page","status-publish","hentry"],"yoast_head":"<!-- This site is optimized with the Yoast SEO plugin v27.3 - https:\/\/yoast.com\/product\/yoast-seo-wordpress\/ -->\n<title>UP la sant\u00e9 - Noram ProSki Simulator<\/title>\n<meta name=\"robots\" content=\"noindex, follow\" \/>\n<meta property=\"og:locale\" content=\"fr_CA\" \/>\n<meta property=\"og:type\" content=\"article\" \/>\n<meta property=\"og:title\" content=\"UP la sant\u00e9 - Noram ProSki Simulator\" \/>\n<meta property=\"og:description\" content=\"Une bonne sant\u00e9 passe par un mode de vie actif! L&#8217;innovation sportive en mati\u00e8re d&#8217;entra\u00eenement global, les simulateurs Pro Ski s&#8217;adressent aux personnes de tous \u00e2ges et de tous niveaux, gr\u00e2ce une vari\u00e9t\u00e9 d&#8217;exercices ciblant le cardio, le tonus musculaire, l&#8217;endurance, la souplesse, l&#8217;\u00e9quilibre et plus encore! Le cardio et votre sant\u00e9 L&#8217;exercice est fondamental [&hellip;]\" \/>\n<meta property=\"og:url\" content=\"https:\/\/noramproski.com\/fr\/up-la-sante\/\" \/>\n<meta property=\"og:site_name\" content=\"Noram ProSki Simulator\" \/>\n<meta property=\"article:modified_time\" content=\"2025-07-10T20:28:31+00:00\" \/>\n<meta property=\"og:image\" content=\"https:\/\/proski.ca\/wp-content\/uploads\/2022\/12\/gym.jpg\" \/>\n<meta name=\"twitter:card\" content=\"summary_large_image\" \/>\n<meta name=\"twitter:label1\" content=\"Estimation du temps de lecture\" \/>\n\t<meta name=\"twitter:data1\" content=\"2 minutes\" \/>\n<script type=\"application\/ld+json\" class=\"yoast-schema-graph\">{\"@context\":\"https:\\\/\\\/schema.org\",\"@graph\":[{\"@type\":\"WebPage\",\"@id\":\"https:\\\/\\\/noramproski.com\\\/fr\\\/up-la-sante\\\/\",\"url\":\"https:\\\/\\\/noramproski.com\\\/fr\\\/up-la-sante\\\/\",\"name\":\"UP la sant\u00e9 - Noram ProSki Simulator\",\"isPartOf\":{\"@id\":\"https:\\\/\\\/noramproski.com\\\/fr\\\/#website\"},\"primaryImageOfPage\":{\"@id\":\"https:\\\/\\\/noramproski.com\\\/fr\\\/up-la-sante\\\/#primaryimage\"},\"image\":{\"@id\":\"https:\\\/\\\/noramproski.com\\\/fr\\\/up-la-sante\\\/#primaryimage\"},\"thumbnailUrl\":\"https:\\\/\\\/proski.ca\\\/wp-content\\\/uploads\\\/2022\\\/12\\\/gym.jpg\",\"datePublished\":\"2022-12-23T04:16:01+00:00\",\"dateModified\":\"2025-07-10T20:28:31+00:00\",\"breadcrumb\":{\"@id\":\"https:\\\/\\\/noramproski.com\\\/fr\\\/up-la-sante\\\/#breadcrumb\"},\"inLanguage\":\"fr-CA\",\"potentialAction\":[{\"@type\":\"ReadAction\",\"target\":[\"https:\\\/\\\/noramproski.com\\\/fr\\\/up-la-sante\\\/\"]}]},{\"@type\":\"ImageObject\",\"inLanguage\":\"fr-CA\",\"@id\":\"https:\\\/\\\/noramproski.com\\\/fr\\\/up-la-sante\\\/#primaryimage\",\"url\":\"https:\\\/\\\/proski.ca\\\/wp-content\\\/uploads\\\/2022\\\/12\\\/gym.jpg\",\"contentUrl\":\"https:\\\/\\\/proski.ca\\\/wp-content\\\/uploads\\\/2022\\\/12\\\/gym.jpg\"},{\"@type\":\"BreadcrumbList\",\"@id\":\"https:\\\/\\\/noramproski.com\\\/fr\\\/up-la-sante\\\/#breadcrumb\",\"itemListElement\":[{\"@type\":\"ListItem\",\"position\":1,\"name\":\"Accueil\",\"item\":\"https:\\\/\\\/noramproski.com\\\/fr\\\/\"},{\"@type\":\"ListItem\",\"position\":2,\"name\":\"UP la sant\u00e9\"}]},{\"@type\":\"WebSite\",\"@id\":\"https:\\\/\\\/noramproski.com\\\/fr\\\/#website\",\"url\":\"https:\\\/\\\/noramproski.com\\\/fr\\\/\",\"name\":\"Noram ProSki Simulator - Professional Ski Training - L\u2019entra\u00eenement de ski hors neige\",\"description\":\"Noram ProSki Simulator\",\"potentialAction\":[{\"@type\":\"SearchAction\",\"target\":{\"@type\":\"EntryPoint\",\"urlTemplate\":\"https:\\\/\\\/noramproski.com\\\/fr\\\/?s={search_term_string}\"},\"query-input\":{\"@type\":\"PropertyValueSpecification\",\"valueRequired\":true,\"valueName\":\"search_term_string\"}}],\"inLanguage\":\"fr-CA\"}]}<\/script>\n<!-- \/ Yoast SEO plugin. -->","yoast_head_json":{"title":"UP la sant\u00e9 - Noram ProSki Simulator","robots":{"index":"noindex","follow":"follow"},"og_locale":"fr_CA","og_type":"article","og_title":"UP la sant\u00e9 - Noram ProSki Simulator","og_description":"Une bonne sant\u00e9 passe par un mode de vie actif! L&#8217;innovation sportive en mati\u00e8re d&#8217;entra\u00eenement global, les simulateurs Pro Ski s&#8217;adressent aux personnes de tous \u00e2ges et de tous niveaux, gr\u00e2ce une vari\u00e9t\u00e9 d&#8217;exercices ciblant le cardio, le tonus musculaire, l&#8217;endurance, la souplesse, l&#8217;\u00e9quilibre et plus encore! Le cardio et votre sant\u00e9 L&#8217;exercice est fondamental [&hellip;]","og_url":"https:\/\/noramproski.com\/fr\/up-la-sante\/","og_site_name":"Noram ProSki Simulator","article_modified_time":"2025-07-10T20:28:31+00:00","og_image":[{"url":"https:\/\/proski.ca\/wp-content\/uploads\/2022\/12\/gym.jpg","type":"","width":"","height":""}],"twitter_card":"summary_large_image","twitter_misc":{"Estimation du temps de lecture":"2 minutes"},"schema":{"@context":"https:\/\/schema.org","@graph":[{"@type":"WebPage","@id":"https:\/\/noramproski.com\/fr\/up-la-sante\/","url":"https:\/\/noramproski.com\/fr\/up-la-sante\/","name":"UP la sant\u00e9 - Noram ProSki Simulator","isPartOf":{"@id":"https:\/\/noramproski.com\/fr\/#website"},"primaryImageOfPage":{"@id":"https:\/\/noramproski.com\/fr\/up-la-sante\/#primaryimage"},"image":{"@id":"https:\/\/noramproski.com\/fr\/up-la-sante\/#primaryimage"},"thumbnailUrl":"https:\/\/proski.ca\/wp-content\/uploads\/2022\/12\/gym.jpg","datePublished":"2022-12-23T04:16:01+00:00","dateModified":"2025-07-10T20:28:31+00:00","breadcrumb":{"@id":"https:\/\/noramproski.com\/fr\/up-la-sante\/#breadcrumb"},"inLanguage":"fr-CA","potentialAction":[{"@type":"ReadAction","target":["https:\/\/noramproski.com\/fr\/up-la-sante\/"]}]},{"@type":"ImageObject","inLanguage":"fr-CA","@id":"https:\/\/noramproski.com\/fr\/up-la-sante\/#primaryimage","url":"https:\/\/proski.ca\/wp-content\/uploads\/2022\/12\/gym.jpg","contentUrl":"https:\/\/proski.ca\/wp-content\/uploads\/2022\/12\/gym.jpg"},{"@type":"BreadcrumbList","@id":"https:\/\/noramproski.com\/fr\/up-la-sante\/#breadcrumb","itemListElement":[{"@type":"ListItem","position":1,"name":"Accueil","item":"https:\/\/noramproski.com\/fr\/"},{"@type":"ListItem","position":2,"name":"UP la sant\u00e9"}]},{"@type":"WebSite","@id":"https:\/\/noramproski.com\/fr\/#website","url":"https:\/\/noramproski.com\/fr\/","name":"Noram ProSki Simulator - Professional Ski Training - L\u2019entra\u00eenement de ski hors neige","description":"Noram ProSki Simulator","potentialAction":[{"@type":"SearchAction","target":{"@type":"EntryPoint","urlTemplate":"https:\/\/noramproski.com\/fr\/?s={search_term_string}"},"query-input":{"@type":"PropertyValueSpecification","valueRequired":true,"valueName":"search_term_string"}}],"inLanguage":"fr-CA"}]}},"_links":{"self":[{"href":"https:\/\/noramproski.com\/fr\/wp-json\/wp\/v2\/pages\/20770","targetHints":{"allow":["GET"]}}],"collection":[{"href":"https:\/\/noramproski.com\/fr\/wp-json\/wp\/v2\/pages"}],"about":[{"href":"https:\/\/noramproski.com\/fr\/wp-json\/wp\/v2\/types\/page"}],"author":[{"embeddable":true,"href":"https:\/\/noramproski.com\/fr\/wp-json\/wp\/v2\/users\/1"}],"replies":[{"embeddable":true,"href":"https:\/\/noramproski.com\/fr\/wp-json\/wp\/v2\/comments?post=20770"}],"version-history":[{"count":0,"href":"https:\/\/noramproski.com\/fr\/wp-json\/wp\/v2\/pages\/20770\/revisions"}],"wp:attachment":[{"href":"https:\/\/noramproski.com\/fr\/wp-json\/wp\/v2\/media?parent=20770"}],"curies":[{"name":"wp","href":"https:\/\/api.w.org\/{rel}","templated":true}]}}