{"id":20777,"date":"2022-12-22T23:26:51","date_gmt":"2022-12-23T04:26:51","guid":{"rendered":"https:\/\/dev.proski.ca\/?page_id=20777"},"modified":"2025-10-22T17:30:37","modified_gmt":"2025-10-22T21:30:37","slug":"up-la-performance","status":"publish","type":"page","link":"https:\/\/noramproski.com\/fr\/up-la-performance\/","title":{"rendered":"UP la performance"},"content":{"rendered":"\t\t<div data-elementor-type=\"wp-page\" data-elementor-id=\"20777\" class=\"elementor elementor-20777\" data-elementor-post-type=\"page\">\n\t\t\t\t\t\t<section class=\"elementor-section elementor-top-section elementor-element elementor-element-feb930f elementor-section-boxed elementor-section-height-default elementor-section-height-default\" data-id=\"feb930f\" data-element_type=\"section\" data-e-type=\"section\">\n\t\t\t\t\t\t<div class=\"elementor-container elementor-column-gap-default\">\n\t\t\t\t\t<div class=\"elementor-column elementor-col-100 elementor-top-column elementor-element elementor-element-ab3648d\" data-id=\"ab3648d\" data-element_type=\"column\" data-e-type=\"column\">\n\t\t\t<div class=\"elementor-widget-wrap elementor-element-populated\">\n\t\t\t\t\t\t<div class=\"elementor-element elementor-element-600dadd elementor-widget elementor-widget-heading\" data-id=\"600dadd\" data-element_type=\"widget\" data-e-type=\"widget\" data-widget_type=\"heading.default\">\n\t\t\t\t<div class=\"elementor-widget-container\">\n\t\t\t\t\t<h2 class=\"elementor-heading-title elementor-size-default\">\u00c9levez votre performance<br>vers de nouveaux sommets!<\/h2>\t\t\t\t<\/div>\n\t\t\t\t<\/div>\n\t\t\t\t<div class=\"elementor-element elementor-element-5ee9a41 elementor-widget elementor-widget-text-editor\" data-id=\"5ee9a41\" data-element_type=\"widget\" data-e-type=\"widget\" data-widget_type=\"text-editor.default\">\n\t\t\t\t<div class=\"elementor-widget-container\">\n\t\t\t\t\t\t\t\t\t<p>D\u00e9couvrir les simulateurs Pro Ski, c&#8217;est explorer une nouvelle dimension en mati\u00e8re d&#8217;exercice TOTAL. Cardio, tonus musculaire, souplesse, endurance, \u00e9quilibre: Pro Ski travaille tous les groupes musculaires et le core \u00e0 la fois, augmente la puissance des jambes et am\u00e9liore la synergie avec le torse, les \u00e9paules et le cou pour un entra\u00eenement de la t\u00eate aux pieds. D\u00e9veloppez votre capacit\u00e9 motrice et appliquez plus facilement et instinctivement les techniques de ski une fois sur la neige.<\/p>\t\t\t\t\t\t\t\t<\/div>\n\t\t\t\t<\/div>\n\t\t\t\t\t<\/div>\n\t\t<\/div>\n\t\t\t\t\t<\/div>\n\t\t<\/section>\n\t\t\t\t<section class=\"elementor-section elementor-top-section elementor-element elementor-element-78f33edc elementor-section-content-middle elementor-section-boxed elementor-section-height-default elementor-section-height-default\" data-id=\"78f33edc\" data-element_type=\"section\" data-e-type=\"section\">\n\t\t\t\t\t\t<div class=\"elementor-container elementor-column-gap-no\">\n\t\t\t\t\t<div class=\"elementor-column elementor-col-100 elementor-top-column elementor-element elementor-element-2837cf78\" data-id=\"2837cf78\" data-element_type=\"column\" data-e-type=\"column\">\n\t\t\t<div class=\"elementor-widget-wrap elementor-element-populated\">\n\t\t\t\t\t\t<section class=\"elementor-section elementor-inner-section elementor-element elementor-element-52d61ea0 elementor-section-content-middle elementor-section-boxed elementor-section-height-default elementor-section-height-default\" data-id=\"52d61ea0\" data-element_type=\"section\" data-e-type=\"section\">\n\t\t\t\t\t\t<div class=\"elementor-container elementor-column-gap-no\">\n\t\t\t\t\t<div class=\"elementor-column elementor-col-50 elementor-inner-column elementor-element elementor-element-78d22dd7\" data-id=\"78d22dd7\" data-element_type=\"column\" data-e-type=\"column\">\n\t\t\t<div class=\"elementor-widget-wrap elementor-element-populated\">\n\t\t\t\t\t\t<div class=\"elementor-element elementor-element-0e556be elementor-widget elementor-widget-heading\" data-id=\"0e556be\" data-element_type=\"widget\" data-e-type=\"widget\" data-widget_type=\"heading.default\">\n\t\t\t\t<div class=\"elementor-widget-container\">\n\t\t\t\t\t<h2 class=\"elementor-heading-title elementor-size-default\">C'est une question d'\u00e9quilibre<\/h2>\t\t\t\t<\/div>\n\t\t\t\t<\/div>\n\t\t\t\t<div class=\"elementor-element elementor-element-d1aa9aa list-class elementor-widget elementor-widget-text-editor\" data-id=\"d1aa9aa\" data-element_type=\"widget\" data-e-type=\"widget\" data-widget_type=\"text-editor.default\">\n\t\t\t\t<div class=\"elementor-widget-container\">\n\t\t\t\t\t\t\t\t\t<p>En ski comme dans tous les sports, l&#8217;\u00e9quilibre est la cl\u00e9 du succ\u00e8s et de la performance. Les simulateurs Pro Ski vous aident \u00e0 assimiler les bonnes techniques de mouvement tout en entra\u00eenant votre coordination et votre endurance. Du simulateur aux pistes de ski, vous serez capable de positionner votre corps correctement et de conserver votre \u00e9quilibre avec aisance. En int\u00e9riorisant le rythme de votre mouvement (la \u00abm\u00e9moire musculaire\u00bb), skier deviendra une vraie partie de plaisir!<\/p>\t\t\t\t\t\t\t\t<\/div>\n\t\t\t\t<\/div>\n\t\t\t\t<div class=\"elementor-element elementor-element-37e99fd9 elementor-widget elementor-widget-heading\" data-id=\"37e99fd9\" data-element_type=\"widget\" data-e-type=\"widget\" data-widget_type=\"heading.default\">\n\t\t\t\t<div class=\"elementor-widget-container\">\n\t\t\t\t\t<h2 class=\"elementor-heading-title elementor-size-default\">Entra\u00eenement \u00e0 l'ann\u00e9e, performance \u00e0&nbsp;vie<\/h2>\t\t\t\t<\/div>\n\t\t\t\t<\/div>\n\t\t\t\t<div class=\"elementor-element elementor-element-1e361a56 list-class elementor-widget elementor-widget-text-editor\" data-id=\"1e361a56\" data-element_type=\"widget\" data-e-type=\"widget\" data-widget_type=\"text-editor.default\">\n\t\t\t\t<div class=\"elementor-widget-container\">\n\t\t\t\t\t\t\t\t\t<p>Les simulateurs Pro Ski optimisent l&#8217;entra\u00eenement <u>12 mois par ann\u00e9e,<\/u> \u00e0 tous les niveaux, pour:<\/p><ul><li>Synchroniser le mouvement et vos muscles<\/li><li>Corriger la position du corps en rotation et en virage<\/li><li>D\u00e9velopper vos habilet\u00e9s motrices et fonctionnelles<\/li><li>Augmenter votre capacit\u00e9 a\u00e9robique ET ana\u00e9robique<\/li><li>Maximiser la coordination, la vitesse et l&#8217;agilit\u00e9<\/li><li>R\u00e9duire le risque de blessures et acc\u00e9l\u00e9rer la r\u00e9habilitation (par ex. lors de blessures aux articulations tels genoux, hanches et dos)<\/li><\/ul>\t\t\t\t\t\t\t\t<\/div>\n\t\t\t\t<\/div>\n\t\t\t\t\t<\/div>\n\t\t<\/div>\n\t\t\t\t<div class=\"elementor-column elementor-col-50 elementor-inner-column elementor-element elementor-element-777835ec\" data-id=\"777835ec\" data-element_type=\"column\" data-e-type=\"column\">\n\t\t\t<div class=\"elementor-widget-wrap elementor-element-populated\">\n\t\t\t\t\t\t<div class=\"elementor-element elementor-element-36e3f875 elementor-widget elementor-widget-image\" data-id=\"36e3f875\" data-element_type=\"widget\" data-e-type=\"widget\" data-widget_type=\"image.default\">\n\t\t\t\t<div class=\"elementor-widget-container\">\n\t\t\t\t\t\t\t\t\t\t\t\t\t\t\t<img fetchpriority=\"high\" decoding=\"async\" width=\"786\" height=\"755\" src=\"https:\/\/noramproski.com\/wp-content\/uploads\/2022\/12\/bg-5.jpg\" class=\"attachment-large size-large wp-image-20665\" alt=\"\" srcset=\"https:\/\/noramproski.com\/wp-content\/uploads\/2022\/12\/bg-5.jpg 786w, https:\/\/noramproski.com\/wp-content\/uploads\/2022\/12\/bg-5-620x596.jpg 620w, https:\/\/noramproski.com\/wp-content\/uploads\/2022\/12\/bg-5-300x288.jpg 300w, https:\/\/noramproski.com\/wp-content\/uploads\/2022\/12\/bg-5-768x738.jpg 768w\" sizes=\"(max-width: 786px) 100vw, 786px\" \/>\t\t\t\t\t\t\t\t\t\t\t\t\t\t\t<\/div>\n\t\t\t\t<\/div>\n\t\t\t\t\t<\/div>\n\t\t<\/div>\n\t\t\t\t\t<\/div>\n\t\t<\/section>\n\t\t\t\t\t<\/div>\n\t\t<\/div>\n\t\t\t\t\t<\/div>\n\t\t<\/section>\n\t\t\t\t<section class=\"elementor-section elementor-top-section elementor-element elementor-element-1eb78f9 elementor-section-boxed elementor-section-height-default elementor-section-height-default\" data-id=\"1eb78f9\" data-element_type=\"section\" data-e-type=\"section\">\n\t\t\t\t\t\t<div class=\"elementor-container elementor-column-gap-default\">\n\t\t\t\t\t<div class=\"elementor-column elementor-col-100 elementor-top-column elementor-element elementor-element-f064eba\" data-id=\"f064eba\" data-element_type=\"column\" data-e-type=\"column\">\n\t\t\t<div class=\"elementor-widget-wrap elementor-element-populated\">\n\t\t\t\t\t\t<div class=\"elementor-element elementor-element-e8ff343 elementor-widget elementor-widget-text-editor\" data-id=\"e8ff343\" data-element_type=\"widget\" data-e-type=\"widget\" data-widget_type=\"text-editor.default\">\n\t\t\t\t<div class=\"elementor-widget-container\">\n\t\t\t\t\t\t\t\t\t<p>Contrairement aux appareils de conditionnement physique traditionnels, la technologie sign\u00e9e Pro Ski permet de travailler tous les muscles du corps \u00e0 la fois. Et si les simulateurs ont \u00e9t\u00e9 d\u00e9velopp\u00e9s \u00e0 l&#8217;origine pour le ski, ils promettent d&#8217;am\u00e9liorer la performance dans tous les sports gr\u00e2ce \u00e0 6 configurations diff\u00e9rentes et des modules cibl\u00e9s pour l&#8217;entra\u00eenement en souliers de course, en bottes de ski ou en planche \u00e0 neige.<\/p>\t\t\t\t\t\t\t\t<\/div>\n\t\t\t\t<\/div>\n\t\t\t\t\t<\/div>\n\t\t<\/div>\n\t\t\t\t\t<\/div>\n\t\t<\/section>\n\t\t\t\t<section class=\"elementor-section elementor-top-section elementor-element elementor-element-af29923 elementor-section-boxed elementor-section-height-default elementor-section-height-default\" data-id=\"af29923\" data-element_type=\"section\" data-e-type=\"section\">\n\t\t\t\t\t\t<div class=\"elementor-container elementor-column-gap-default\">\n\t\t\t\t\t<div class=\"elementor-column elementor-col-100 elementor-top-column elementor-element elementor-element-ce7e69f\" data-id=\"ce7e69f\" data-element_type=\"column\" data-e-type=\"column\">\n\t\t\t<div class=\"elementor-widget-wrap elementor-element-populated\">\n\t\t\t\t\t\t<div class=\"elementor-element elementor-element-b8c7872 elementor-widget elementor-widget-heading\" data-id=\"b8c7872\" data-element_type=\"widget\" data-e-type=\"widget\" data-widget_type=\"heading.default\">\n\t\t\t\t<div class=\"elementor-widget-container\">\n\t\t\t\t\t<h2 class=\"elementor-heading-title elementor-size-default\">La performance accessible \u00e0 tous les \u00e2ges!<\/h2>\t\t\t\t<\/div>\n\t\t\t\t<\/div>\n\t\t\t\t\t<\/div>\n\t\t<\/div>\n\t\t\t\t\t<\/div>\n\t\t<\/section>\n\t\t\t\t<section class=\"elementor-section elementor-top-section elementor-element elementor-element-d784dec elementor-section-boxed elementor-section-height-default elementor-section-height-default\" data-id=\"d784dec\" data-element_type=\"section\" data-e-type=\"section\">\n\t\t\t\t\t\t<div class=\"elementor-container elementor-column-gap-default\">\n\t\t\t\t\t<div class=\"elementor-column elementor-col-100 elementor-top-column elementor-element elementor-element-383afcd\" data-id=\"383afcd\" data-element_type=\"column\" data-e-type=\"column\">\n\t\t\t<div class=\"elementor-widget-wrap elementor-element-populated\">\n\t\t\t\t\t\t<div class=\"elementor-element elementor-element-be891a7 elementor-widget elementor-widget-video\" data-id=\"be891a7\" data-element_type=\"widget\" data-e-type=\"widget\" data-settings=\"{&quot;youtube_url&quot;:&quot;https:\\\/\\\/youtu.be\\\/BPu7QDUckts&quot;,&quot;show_image_overlay&quot;:&quot;yes&quot;,&quot;image_overlay&quot;:{&quot;url&quot;:&quot;https:\\\/\\\/proski.ca\\\/wp-content\\\/uploads\\\/2023\\\/03\\\/promo-video-start.jpg&quot;,&quot;id&quot;:21647,&quot;size&quot;:&quot;&quot;,&quot;alt&quot;:&quot;&quot;,&quot;source&quot;:&quot;library&quot;},&quot;video_type&quot;:&quot;youtube&quot;,&quot;controls&quot;:&quot;yes&quot;}\" data-widget_type=\"video.default\">\n\t\t\t\t<div class=\"elementor-widget-container\">\n\t\t\t\t\t\t\t<div class=\"elementor-wrapper elementor-open-inline\">\n\t\t\t<div class=\"elementor-video\"><\/div>\t\t\t\t<div class=\"elementor-custom-embed-image-overlay\" style=\"background-image: url(https:\/\/noramproski.com\/wp-content\/uploads\/2023\/03\/promo-video-start.jpg);\">\n\t\t\t\t\t\t\t\t\t\t\t\t\t\t\t\t<div class=\"elementor-custom-embed-play\" role=\"button\" aria-label=\"Lire la vid\u00e9o\" tabindex=\"0\">\n\t\t\t\t\t\t\t<i aria-hidden=\"true\" class=\"eicon-play\"><\/i>\t\t\t\t\t\t<\/div>\n\t\t\t\t\t\t\t\t\t<\/div>\n\t\t\t\t\t<\/div>\n\t\t\t\t\t\t<\/div>\n\t\t\t\t<\/div>\n\t\t\t\t\t<\/div>\n\t\t<\/div>\n\t\t\t\t\t<\/div>\n\t\t<\/section>\n\t\t\t\t<\/div>\n\t\t","protected":false},"excerpt":{"rendered":"<p>\u00c9levez votre performance vers de nouveaux sommets! D\u00e9couvrir les simulateurs Pro Ski, c&#8217;est explorer une nouvelle dimension en mati\u00e8re d&#8217;exercice TOTAL. Cardio, tonus musculaire, souplesse, endurance, \u00e9quilibre: Pro Ski travaille tous les groupes musculaires et le core \u00e0 la fois, augmente la puissance des jambes et am\u00e9liore la synergie avec le torse, les \u00e9paules et [&hellip;]<\/p>\n","protected":false},"author":1,"featured_media":0,"parent":0,"menu_order":0,"comment_status":"closed","ping_status":"closed","template":"","meta":{"footnotes":""},"class_list":["post-20777","page","type-page","status-publish","hentry"],"yoast_head":"<!-- This site is optimized with the Yoast SEO plugin v27.3 - https:\/\/yoast.com\/product\/yoast-seo-wordpress\/ -->\n<title>UP la performance - Noram ProSki Simulator<\/title>\n<meta name=\"description\" content=\"Boostez votre entra\u00eenement avec les simulateurs Pro Ski et d\u00e9couvrez une nouvelle dimension en mati\u00e8re d&#039;exercice total. Travaillez tous les groupes musculaires pour augmenter votre puissance et am\u00e9liorer votre synergie pour un entra\u00eenement de la t\u00eate aux pieds. D\u00e9veloppez votre capacit\u00e9 motrice pour appliquer facilement les techniques de ski une fois sur la neige.\" \/>\n<meta name=\"robots\" content=\"noindex, follow\" \/>\n<meta property=\"og:locale\" content=\"fr_CA\" \/>\n<meta property=\"og:type\" content=\"article\" \/>\n<meta property=\"og:title\" content=\"UP la performance - Noram ProSki Simulator\" \/>\n<meta property=\"og:description\" content=\"Boostez votre entra\u00eenement avec les simulateurs Pro Ski et d\u00e9couvrez une nouvelle dimension en mati\u00e8re d&#039;exercice total. Travaillez tous les groupes musculaires pour augmenter votre puissance et am\u00e9liorer votre synergie pour un entra\u00eenement de la t\u00eate aux pieds. D\u00e9veloppez votre capacit\u00e9 motrice pour appliquer facilement les techniques de ski une fois sur la neige.\" \/>\n<meta property=\"og:url\" content=\"https:\/\/noramproski.com\/fr\/up-la-performance\/\" \/>\n<meta property=\"og:site_name\" content=\"Noram ProSki Simulator\" \/>\n<meta property=\"article:modified_time\" content=\"2025-10-22T21:30:37+00:00\" \/>\n<meta property=\"og:image\" content=\"https:\/\/dev.proski.ca\/wp-content\/uploads\/2022\/12\/bg-5.jpg\" \/>\n<meta name=\"twitter:card\" content=\"summary_large_image\" \/>\n<meta name=\"twitter:label1\" content=\"Estimation du temps de lecture\" \/>\n\t<meta name=\"twitter:data1\" content=\"2 minutes\" \/>\n<script type=\"application\/ld+json\" class=\"yoast-schema-graph\">{\"@context\":\"https:\\\/\\\/schema.org\",\"@graph\":[{\"@type\":\"WebPage\",\"@id\":\"https:\\\/\\\/noramproski.com\\\/fr\\\/up-la-performance\\\/\",\"url\":\"https:\\\/\\\/noramproski.com\\\/fr\\\/up-la-performance\\\/\",\"name\":\"UP la performance - Noram ProSki Simulator\",\"isPartOf\":{\"@id\":\"https:\\\/\\\/noramproski.com\\\/fr\\\/#website\"},\"primaryImageOfPage\":{\"@id\":\"https:\\\/\\\/noramproski.com\\\/fr\\\/up-la-performance\\\/#primaryimage\"},\"image\":{\"@id\":\"https:\\\/\\\/noramproski.com\\\/fr\\\/up-la-performance\\\/#primaryimage\"},\"thumbnailUrl\":\"https:\\\/\\\/dev.proski.ca\\\/wp-content\\\/uploads\\\/2022\\\/12\\\/bg-5.jpg\",\"datePublished\":\"2022-12-23T04:26:51+00:00\",\"dateModified\":\"2025-10-22T21:30:37+00:00\",\"description\":\"Boostez votre entra\u00eenement avec les simulateurs Pro Ski et d\u00e9couvrez une nouvelle dimension en mati\u00e8re d'exercice total. Travaillez tous les groupes musculaires pour augmenter votre puissance et am\u00e9liorer votre synergie pour un entra\u00eenement de la t\u00eate aux pieds. D\u00e9veloppez votre capacit\u00e9 motrice pour appliquer facilement les techniques de ski une fois sur la neige.\",\"breadcrumb\":{\"@id\":\"https:\\\/\\\/noramproski.com\\\/fr\\\/up-la-performance\\\/#breadcrumb\"},\"inLanguage\":\"fr-CA\",\"potentialAction\":[{\"@type\":\"ReadAction\",\"target\":[\"https:\\\/\\\/noramproski.com\\\/fr\\\/up-la-performance\\\/\"]}]},{\"@type\":\"ImageObject\",\"inLanguage\":\"fr-CA\",\"@id\":\"https:\\\/\\\/noramproski.com\\\/fr\\\/up-la-performance\\\/#primaryimage\",\"url\":\"https:\\\/\\\/dev.proski.ca\\\/wp-content\\\/uploads\\\/2022\\\/12\\\/bg-5.jpg\",\"contentUrl\":\"https:\\\/\\\/dev.proski.ca\\\/wp-content\\\/uploads\\\/2022\\\/12\\\/bg-5.jpg\"},{\"@type\":\"BreadcrumbList\",\"@id\":\"https:\\\/\\\/noramproski.com\\\/fr\\\/up-la-performance\\\/#breadcrumb\",\"itemListElement\":[{\"@type\":\"ListItem\",\"position\":1,\"name\":\"Accueil\",\"item\":\"https:\\\/\\\/noramproski.com\\\/fr\\\/\"},{\"@type\":\"ListItem\",\"position\":2,\"name\":\"UP la performance\"}]},{\"@type\":\"WebSite\",\"@id\":\"https:\\\/\\\/noramproski.com\\\/fr\\\/#website\",\"url\":\"https:\\\/\\\/noramproski.com\\\/fr\\\/\",\"name\":\"Noram ProSki Simulator - Professional Ski Training - L\u2019entra\u00eenement de ski hors neige\",\"description\":\"Noram ProSki Simulator\",\"potentialAction\":[{\"@type\":\"SearchAction\",\"target\":{\"@type\":\"EntryPoint\",\"urlTemplate\":\"https:\\\/\\\/noramproski.com\\\/fr\\\/?s={search_term_string}\"},\"query-input\":{\"@type\":\"PropertyValueSpecification\",\"valueRequired\":true,\"valueName\":\"search_term_string\"}}],\"inLanguage\":\"fr-CA\"}]}<\/script>\n<!-- \/ Yoast SEO plugin. -->","yoast_head_json":{"title":"UP la performance - Noram ProSki Simulator","description":"Boostez votre entra\u00eenement avec les simulateurs Pro Ski et d\u00e9couvrez une nouvelle dimension en mati\u00e8re d'exercice total. Travaillez tous les groupes musculaires pour augmenter votre puissance et am\u00e9liorer votre synergie pour un entra\u00eenement de la t\u00eate aux pieds. D\u00e9veloppez votre capacit\u00e9 motrice pour appliquer facilement les techniques de ski une fois sur la neige.","robots":{"index":"noindex","follow":"follow"},"og_locale":"fr_CA","og_type":"article","og_title":"UP la performance - Noram ProSki Simulator","og_description":"Boostez votre entra\u00eenement avec les simulateurs Pro Ski et d\u00e9couvrez une nouvelle dimension en mati\u00e8re d'exercice total. Travaillez tous les groupes musculaires pour augmenter votre puissance et am\u00e9liorer votre synergie pour un entra\u00eenement de la t\u00eate aux pieds. D\u00e9veloppez votre capacit\u00e9 motrice pour appliquer facilement les techniques de ski une fois sur la neige.","og_url":"https:\/\/noramproski.com\/fr\/up-la-performance\/","og_site_name":"Noram ProSki Simulator","article_modified_time":"2025-10-22T21:30:37+00:00","og_image":[{"url":"https:\/\/dev.proski.ca\/wp-content\/uploads\/2022\/12\/bg-5.jpg","type":"","width":"","height":""}],"twitter_card":"summary_large_image","twitter_misc":{"Estimation du temps de lecture":"2 minutes"},"schema":{"@context":"https:\/\/schema.org","@graph":[{"@type":"WebPage","@id":"https:\/\/noramproski.com\/fr\/up-la-performance\/","url":"https:\/\/noramproski.com\/fr\/up-la-performance\/","name":"UP la performance - Noram ProSki Simulator","isPartOf":{"@id":"https:\/\/noramproski.com\/fr\/#website"},"primaryImageOfPage":{"@id":"https:\/\/noramproski.com\/fr\/up-la-performance\/#primaryimage"},"image":{"@id":"https:\/\/noramproski.com\/fr\/up-la-performance\/#primaryimage"},"thumbnailUrl":"https:\/\/dev.proski.ca\/wp-content\/uploads\/2022\/12\/bg-5.jpg","datePublished":"2022-12-23T04:26:51+00:00","dateModified":"2025-10-22T21:30:37+00:00","description":"Boostez votre entra\u00eenement avec les simulateurs Pro Ski et d\u00e9couvrez une nouvelle dimension en mati\u00e8re d'exercice total. Travaillez tous les groupes musculaires pour augmenter votre puissance et am\u00e9liorer votre synergie pour un entra\u00eenement de la t\u00eate aux pieds. D\u00e9veloppez votre capacit\u00e9 motrice pour appliquer facilement les techniques de ski une fois sur la neige.","breadcrumb":{"@id":"https:\/\/noramproski.com\/fr\/up-la-performance\/#breadcrumb"},"inLanguage":"fr-CA","potentialAction":[{"@type":"ReadAction","target":["https:\/\/noramproski.com\/fr\/up-la-performance\/"]}]},{"@type":"ImageObject","inLanguage":"fr-CA","@id":"https:\/\/noramproski.com\/fr\/up-la-performance\/#primaryimage","url":"https:\/\/dev.proski.ca\/wp-content\/uploads\/2022\/12\/bg-5.jpg","contentUrl":"https:\/\/dev.proski.ca\/wp-content\/uploads\/2022\/12\/bg-5.jpg"},{"@type":"BreadcrumbList","@id":"https:\/\/noramproski.com\/fr\/up-la-performance\/#breadcrumb","itemListElement":[{"@type":"ListItem","position":1,"name":"Accueil","item":"https:\/\/noramproski.com\/fr\/"},{"@type":"ListItem","position":2,"name":"UP la performance"}]},{"@type":"WebSite","@id":"https:\/\/noramproski.com\/fr\/#website","url":"https:\/\/noramproski.com\/fr\/","name":"Noram ProSki Simulator - Professional Ski Training - L\u2019entra\u00eenement de ski hors neige","description":"Noram ProSki Simulator","potentialAction":[{"@type":"SearchAction","target":{"@type":"EntryPoint","urlTemplate":"https:\/\/noramproski.com\/fr\/?s={search_term_string}"},"query-input":{"@type":"PropertyValueSpecification","valueRequired":true,"valueName":"search_term_string"}}],"inLanguage":"fr-CA"}]}},"_links":{"self":[{"href":"https:\/\/noramproski.com\/fr\/wp-json\/wp\/v2\/pages\/20777","targetHints":{"allow":["GET"]}}],"collection":[{"href":"https:\/\/noramproski.com\/fr\/wp-json\/wp\/v2\/pages"}],"about":[{"href":"https:\/\/noramproski.com\/fr\/wp-json\/wp\/v2\/types\/page"}],"author":[{"embeddable":true,"href":"https:\/\/noramproski.com\/fr\/wp-json\/wp\/v2\/users\/1"}],"replies":[{"embeddable":true,"href":"https:\/\/noramproski.com\/fr\/wp-json\/wp\/v2\/comments?post=20777"}],"version-history":[{"count":0,"href":"https:\/\/noramproski.com\/fr\/wp-json\/wp\/v2\/pages\/20777\/revisions"}],"wp:attachment":[{"href":"https:\/\/noramproski.com\/fr\/wp-json\/wp\/v2\/media?parent=20777"}],"curies":[{"name":"wp","href":"https:\/\/api.w.org\/{rel}","templated":true}]}}