{"id":3,"date":"2022-12-05T17:13:26","date_gmt":"2022-12-05T17:13:26","guid":{"rendered":"https:\/\/dev.proski.ca\/?page_id=3"},"modified":"2025-07-10T16:18:05","modified_gmt":"2025-07-10T20:18:05","slug":"politique-de-confidentialite","status":"publish","type":"page","link":"https:\/\/noramproski.com\/fr\/politique-de-confidentialite\/","title":{"rendered":"Politique de confidentialit\u00e9"},"content":{"rendered":"<h3>Politique de confidentialit\u00e9 et de la vie priv\u00e9e<\/h3>\n<p><strong>\u00a0<\/strong>Pro Ski<sup>MC<\/sup> et Alpin 365 Distribution Inc. accordent beaucoup d\u2019importance au respect de la vie priv\u00e9e de leurs clients, leurs employ\u00e9s et leurs fournisseurs. C\u2019est pourquoi ils ont mis en place la pr\u00e9sente politique de respect de la vie priv\u00e9e ayant comme objectif d\u2019encadrer leurs pratiques en mati\u00e8re de collecte, d&#8217;utilisation et de communication de renseignements personnels.<\/p>\n<p>La pr\u00e9sente politique fait \u00e9tat de la mani\u00e8re dont Pro Ski<sup>MC<\/sup> et Alpin 365 Distribution collectent, utilisent, communiquent et prot\u00e8gent vos renseignements personnels. Nos pratiques en mati\u00e8re de respect de vos renseignements personnels sont conformes \u00e0 la\u00a0<em>Loi sur la Protection des renseignements personnels dans le secteur priv\u00e9 du Qu\u00e9bec<\/em> ainsi qu&#8217;aux autres dispositions l\u00e9gislatives et r\u00e8glements applicables. Cette politique ne s&#8217;applique pas aux renseignements ne constituant pas des \u00ab renseignements personnels \u00bb au sens des lois applicables sur le respect de la vie priv\u00e9e.<\/p>\n<h3>Renseignements recueillis<\/h3>\n<p>Si vous remplissez un formulaire en ligne sur le site de Pro Ski, les renseignements personnels fournis ne seront utilis\u00e9s qu&#8217;aux fins du traitement de votre demande. Les crit\u00e8res de conservation sont \u00e9tablis en fonction du type de renseignements recueillis.\u00a0Pro Ski<sup>MC<\/sup> et Alpin 365 Distribution Inc.<strong>\u00a0<\/strong>ne les divulgueront en aucun temps \u00e0 des tiers, \u00e0 moins d&#8217;obtenir votre autorisation de ce faire ou en cas de circonstances pr\u00e9cises pr\u00e9vues par la loi. Nous ne partageons jamais vos renseignements confidentiels (nom, adresse, t\u00e9l\u00e9phone, adresse courriel) avec des tiers et ne vendons ou n&#8217;\u00e9changeons jamais vos donn\u00e9es recueillies lors d&#8217;une visite ou d&#8217;un achat via ce site.<\/p>\n<p>Tout renseignement fourni par vous sera communiqu\u00e9 au personnel de Pro Ski<sup>MC<\/sup> et Alpin 365 Distribution Inc. dans la mesure o\u00f9 l&#8217;information concern\u00e9e est n\u00e9cessaire \u00e0 l\u2019exercice de leurs fonctions.\u00a0Tous les membres de notre personnel ont entendu qu&#8217;ils sont \u00e9galement tenus de respecter la pr\u00e9sente politique relative \u00e0 la confidentialit\u00e9.<\/p>\n<p>Toutes les transactions d&#8217;achat des produits sont effectu\u00e9es via le site Woo Commerce et sujettes \u00e0 leur politique de confidentialit\u00e9 tout aussi respectueuse de votre s\u00e9curit\u00e9 et de votre vie priv\u00e9e.<\/p>\n<h3>Autres renseignements obtenus<\/h3>\n<p>D\u00e8s que vous acc\u00e9dez au site web de Pro Ski, comme le veut la proc\u00e9dure pour la majorit\u00e9 des sites Internet, certaines informations ne permettant pas de vous identifier personnellement sont recueillies automatiquement. Elles comprennent notamment le pays \u00e0 partir duquel vous acc\u00e9dez au site, le nom de domaine et l\u2019adresse IP avec lesquels vous acc\u00e9dez au site\u00a0ainsi que le type de navigateur et le syst\u00e8me d\u2019exploitation que vous utilisez.\u00a0Pro Ski<sup>MC<\/sup> et Alpin 365 Distribution Inc. utilisent ces informations strictement \u00e0 des fins statistiques pour analyser l\u2019affluence au site web et leur permettre d\u2019am\u00e9liorer l&#8217;exp\u00e9rience des visiteurs.<\/p>\n<h3>Conservation des renseignements personnels<\/h3>\n<p>Tous les renseignements personnels recueillis par Pro Ski<sup>MC<\/sup> et Alpin 365 Distribution Inc. sont prot\u00e9g\u00e9s par des mesures de s\u00e9curit\u00e9 raisonnable propres \u00e0 assurer leur protection compte tenu de leur sensibilit\u00e9. Les renseignements personnels conserv\u00e9s sur un support \u00e9lectronique, y compris tous les renseignements recueillis par l&#8217;entremise du site web de Pro Ski, sont conserv\u00e9s dans des banques de donn\u00e9es confidentielles sur des serveurs dot\u00e9s de syst\u00e8mes de haute s\u00e9curit\u00e9, prot\u00e9g\u00e9s contre l&#8217;acc\u00e8s par des personnes non autoris\u00e9es et les utilisations malveillantes. Pro Ski<sup>MC<\/sup> et Alpin 365 Distribution Inc. \u00e9valuent leur \u00e9quipement et leurs proc\u00e9dures de s\u00e9curit\u00e9 r\u00e9guli\u00e8rement et les modifient si n\u00e9cessaire.<\/p>\n<h3>T\u00e9moins ou \u00abCookies\u00bb<\/h3>\n<p>Il est possible que Pro Ski<sup>MC<\/sup> et Alpin 365 Distribution Inc. utilisent des \u00abcookies\u00bb ou \u00abt\u00e9moins\u00bb pour mesurer l&#8217;achalandage du site et pour personnaliser votre utilisation future. Cette technologie inoffensive est largement r\u00e9pandue sur Internet. Elle ne peut en aucun cas transmettre de virus informatique \u00e0 votre ordinateur ou permettre de vous identifier. Il vous est possible en tout temps de refuser les t\u00e9moins en modifiant tout simplement la configuration de votre ordinateur. Si vous refusez les t\u00e9moins, vous aurez quand m\u00eame acc\u00e8s au site, mais il est possible que votre navigation en soit affect\u00e9e et que vous ne puissiez profiter de certains services si une inscription est requise.<\/p>\n<h3>Droits d\u2019acc\u00e8s et de rectification<\/h3>\n<p>Conform\u00e9ment aux lois applicables, vous pouvez avoir acc\u00e8s en tout temps aux renseignements que Pro Ski<sup>MC<\/sup> et Alpin 365 Distribution Inc.\u00a0recueillent \u00e0 votre sujet et demander \u00e0 les rectifier au besoin en communiquant avec nous. Afin de nous assurer que les renseignements sont communiqu\u00e9s \u00e0 la bonne personne, il peut vous \u00eatre demand\u00e9 de fournir un document d&#8217;identification appropri\u00e9 ou de vous identifier autrement.<\/p>\n<h3>R\u00e9serves<\/h3>\n<p>Pro Ski<sup>MC<\/sup> et Alpin 365 Distribution Inc. se r\u00e9servent le droit de modifier en tout temps cette politique relative \u00e0 la confidentialit\u00e9 sans pr\u00e9avis. Vous pouvez la consulter en permanence sur notre site. Pour toute information relativement \u00e0 cette politique, veuillez <a href=\"\/contact\/\"><strong>communiquer<\/strong><\/a> avec Alpin 365 Distribution Inc.<\/p>\n<p>&nbsp;<\/p>\n","protected":false},"excerpt":{"rendered":"<p>Politique de confidentialit\u00e9 et de la vie priv\u00e9e \u00a0Pro SkiMC et Alpin 365 Distribution Inc. accordent beaucoup d\u2019importance au respect de la vie priv\u00e9e de leurs clients, leurs employ\u00e9s et leurs fournisseurs. C\u2019est pourquoi ils ont mis en place la pr\u00e9sente politique de respect de la vie priv\u00e9e ayant comme objectif d\u2019encadrer leurs pratiques en [&hellip;]<\/p>\n","protected":false},"author":1,"featured_media":0,"parent":0,"menu_order":0,"comment_status":"closed","ping_status":"open","template":"","meta":{"footnotes":""},"class_list":["post-3","page","type-page","status-publish","hentry"],"yoast_head":"<!-- This site is optimized with the Yoast SEO plugin v27.3 - https:\/\/yoast.com\/product\/yoast-seo-wordpress\/ -->\n<title>Politique de confidentialit\u00e9 - Noram ProSki Simulator<\/title>\n<meta name=\"robots\" content=\"noindex, follow\" \/>\n<meta property=\"og:locale\" content=\"fr_CA\" \/>\n<meta property=\"og:type\" content=\"article\" \/>\n<meta property=\"og:title\" content=\"Politique de confidentialit\u00e9 - Noram ProSki Simulator\" \/>\n<meta property=\"og:description\" content=\"Politique de confidentialit\u00e9 et de la vie priv\u00e9e \u00a0Pro SkiMC et Alpin 365 Distribution Inc. accordent beaucoup d\u2019importance au respect de la vie priv\u00e9e de leurs clients, leurs employ\u00e9s et leurs fournisseurs. C\u2019est pourquoi ils ont mis en place la pr\u00e9sente politique de respect de la vie priv\u00e9e ayant comme objectif d\u2019encadrer leurs pratiques en [&hellip;]\" \/>\n<meta property=\"og:url\" content=\"https:\/\/noramproski.com\/fr\/politique-de-confidentialite\/\" \/>\n<meta property=\"og:site_name\" content=\"Noram ProSki Simulator\" \/>\n<meta property=\"article:modified_time\" content=\"2025-07-10T20:18:05+00:00\" \/>\n<meta name=\"twitter:card\" content=\"summary_large_image\" \/>\n<meta name=\"twitter:label1\" content=\"Estimation du temps de lecture\" \/>\n\t<meta name=\"twitter:data1\" content=\"5 minutes\" \/>\n<script type=\"application\/ld+json\" class=\"yoast-schema-graph\">{\"@context\":\"https:\\\/\\\/schema.org\",\"@graph\":[{\"@type\":\"WebPage\",\"@id\":\"https:\\\/\\\/noramproski.com\\\/fr\\\/politique-de-confidentialite\\\/\",\"url\":\"https:\\\/\\\/noramproski.com\\\/fr\\\/politique-de-confidentialite\\\/\",\"name\":\"Politique de confidentialit\u00e9 - Noram ProSki Simulator\",\"isPartOf\":{\"@id\":\"https:\\\/\\\/noramproski.com\\\/fr\\\/#website\"},\"datePublished\":\"2022-12-05T17:13:26+00:00\",\"dateModified\":\"2025-07-10T20:18:05+00:00\",\"breadcrumb\":{\"@id\":\"https:\\\/\\\/noramproski.com\\\/fr\\\/politique-de-confidentialite\\\/#breadcrumb\"},\"inLanguage\":\"fr-CA\",\"potentialAction\":[{\"@type\":\"ReadAction\",\"target\":[\"https:\\\/\\\/noramproski.com\\\/fr\\\/politique-de-confidentialite\\\/\"]}]},{\"@type\":\"BreadcrumbList\",\"@id\":\"https:\\\/\\\/noramproski.com\\\/fr\\\/politique-de-confidentialite\\\/#breadcrumb\",\"itemListElement\":[{\"@type\":\"ListItem\",\"position\":1,\"name\":\"Accueil\",\"item\":\"https:\\\/\\\/noramproski.com\\\/fr\\\/\"},{\"@type\":\"ListItem\",\"position\":2,\"name\":\"Politique de confidentialit\u00e9\"}]},{\"@type\":\"WebSite\",\"@id\":\"https:\\\/\\\/noramproski.com\\\/fr\\\/#website\",\"url\":\"https:\\\/\\\/noramproski.com\\\/fr\\\/\",\"name\":\"Noram ProSki Simulator - Professional Ski Training - L\u2019entra\u00eenement de ski hors neige\",\"description\":\"Noram ProSki Simulator\",\"potentialAction\":[{\"@type\":\"SearchAction\",\"target\":{\"@type\":\"EntryPoint\",\"urlTemplate\":\"https:\\\/\\\/noramproski.com\\\/fr\\\/?s={search_term_string}\"},\"query-input\":{\"@type\":\"PropertyValueSpecification\",\"valueRequired\":true,\"valueName\":\"search_term_string\"}}],\"inLanguage\":\"fr-CA\"}]}<\/script>\n<!-- \/ Yoast SEO plugin. -->","yoast_head_json":{"title":"Politique de confidentialit\u00e9 - Noram ProSki Simulator","robots":{"index":"noindex","follow":"follow"},"og_locale":"fr_CA","og_type":"article","og_title":"Politique de confidentialit\u00e9 - Noram ProSki Simulator","og_description":"Politique de confidentialit\u00e9 et de la vie priv\u00e9e \u00a0Pro SkiMC et Alpin 365 Distribution Inc. accordent beaucoup d\u2019importance au respect de la vie priv\u00e9e de leurs clients, leurs employ\u00e9s et leurs fournisseurs. C\u2019est pourquoi ils ont mis en place la pr\u00e9sente politique de respect de la vie priv\u00e9e ayant comme objectif d\u2019encadrer leurs pratiques en [&hellip;]","og_url":"https:\/\/noramproski.com\/fr\/politique-de-confidentialite\/","og_site_name":"Noram ProSki Simulator","article_modified_time":"2025-07-10T20:18:05+00:00","twitter_card":"summary_large_image","twitter_misc":{"Estimation du temps de lecture":"5 minutes"},"schema":{"@context":"https:\/\/schema.org","@graph":[{"@type":"WebPage","@id":"https:\/\/noramproski.com\/fr\/politique-de-confidentialite\/","url":"https:\/\/noramproski.com\/fr\/politique-de-confidentialite\/","name":"Politique de confidentialit\u00e9 - Noram ProSki Simulator","isPartOf":{"@id":"https:\/\/noramproski.com\/fr\/#website"},"datePublished":"2022-12-05T17:13:26+00:00","dateModified":"2025-07-10T20:18:05+00:00","breadcrumb":{"@id":"https:\/\/noramproski.com\/fr\/politique-de-confidentialite\/#breadcrumb"},"inLanguage":"fr-CA","potentialAction":[{"@type":"ReadAction","target":["https:\/\/noramproski.com\/fr\/politique-de-confidentialite\/"]}]},{"@type":"BreadcrumbList","@id":"https:\/\/noramproski.com\/fr\/politique-de-confidentialite\/#breadcrumb","itemListElement":[{"@type":"ListItem","position":1,"name":"Accueil","item":"https:\/\/noramproski.com\/fr\/"},{"@type":"ListItem","position":2,"name":"Politique de confidentialit\u00e9"}]},{"@type":"WebSite","@id":"https:\/\/noramproski.com\/fr\/#website","url":"https:\/\/noramproski.com\/fr\/","name":"Noram ProSki Simulator - Professional Ski Training - L\u2019entra\u00eenement de ski hors neige","description":"Noram ProSki Simulator","potentialAction":[{"@type":"SearchAction","target":{"@type":"EntryPoint","urlTemplate":"https:\/\/noramproski.com\/fr\/?s={search_term_string}"},"query-input":{"@type":"PropertyValueSpecification","valueRequired":true,"valueName":"search_term_string"}}],"inLanguage":"fr-CA"}]}},"_links":{"self":[{"href":"https:\/\/noramproski.com\/fr\/wp-json\/wp\/v2\/pages\/3","targetHints":{"allow":["GET"]}}],"collection":[{"href":"https:\/\/noramproski.com\/fr\/wp-json\/wp\/v2\/pages"}],"about":[{"href":"https:\/\/noramproski.com\/fr\/wp-json\/wp\/v2\/types\/page"}],"author":[{"embeddable":true,"href":"https:\/\/noramproski.com\/fr\/wp-json\/wp\/v2\/users\/1"}],"replies":[{"embeddable":true,"href":"https:\/\/noramproski.com\/fr\/wp-json\/wp\/v2\/comments?post=3"}],"version-history":[{"count":0,"href":"https:\/\/noramproski.com\/fr\/wp-json\/wp\/v2\/pages\/3\/revisions"}],"wp:attachment":[{"href":"https:\/\/noramproski.com\/fr\/wp-json\/wp\/v2\/media?parent=3"}],"curies":[{"name":"wp","href":"https:\/\/api.w.org\/{rel}","templated":true}]}}