{"id":20078,"date":"2022-12-10T16:46:36","date_gmt":"2022-12-10T21:46:36","guid":{"rendered":"https:\/\/dev.proski.ca\/?post_type=product&#038;p=20078"},"modified":"2026-03-16T20:36:12","modified_gmt":"2026-03-17T00:36:12","slug":"simulateur-pro-ski-classic","status":"publish","type":"product","link":"https:\/\/noramproski.com\/fr\/produit\/simulateur-pro-ski-classic\/","title":{"rendered":"Classic"},"content":{"rendered":"<h3>Performez \u00e0 la hauteur de vos attentes!<\/h3>\n<div class=\"su-row\">\n<div class=\"su-column su-column-size-1-2\"><div class=\"su-column-inner su-u-clearfix su-u-trim\">Le simulateur Pro Ski CLASSIC est l&#8217;appareil d\u2019entra\u00eenement de base et complet, pens\u00e9 pour les skieurs de tous niveaux et qui travaille les m\u00eames habilet\u00e9s n\u00e9cessaires aux adeptes de sports d\u2019impulsion de type \u00abStop &amp; Go\u00bb. Il convient aussi aux programmes de mise en forme, de maintien d&#8217;un poids sant\u00e9 et de r\u00e9habilitation. Gr\u00e2ce \u00e0 sa technologie \u00e0 faible impact, ce simulateur fournit un entra\u00eenement cross-training pour tous ceux qui pratiquent un sport \u00e0 fort impact et qui souhaitent prot\u00e9ger leurs articulations. Son design compact est pens\u00e9 pour l&#8217;espace gym \u00e0 la maison ou en entreprise. Id\u00e9al pour augmenter la puissance, la coordination et l&#8217;\u00e9quilibre.<\/div><\/div><div class=\"su-column su-column-size-1-2\"><div class=\"su-column-inner su-u-clearfix su-u-trim\">\n<div style=\"width: 640px;\" class=\"wp-video\"><!--[if lt IE 9]><script>document.createElement('video');<\/script><![endif]-->\n<video class=\"wp-video-shortcode\" id=\"video-20078-1\" width=\"640\" height=\"360\" preload=\"metadata\" controls=\"controls\"><source type=\"video\/mp4\" src=\"\/wp-content\/uploads\/2023\/01\/video2-compressed.mp4?_=1\" \/><a href=\"\/wp-content\/uploads\/2023\/01\/video2-compressed.mp4\">\/wp-content\/uploads\/2023\/01\/video2-compressed.mp4<\/a><\/video><\/div>\n<\/div><\/div><\/div>\n<h3>Avec 6 niveaux de r\u00e9sistance\/intensit\u00e9 faciles \u00e0 ajuster, Pro Ski CLASSIC est parfait pour:<\/h3>\n<ul>\n<li>Travailler le cardio et la musculation en m\u00eame temps<\/li>\n<li>Br\u00fbler 800 kcal\/heure ou plus pour aider \u00e0 maintenir un poids sant\u00e9<\/li>\n<li>Les entra\u00eenements en intervalles \u00e0 haute intensit\u00e9 ou HIIT<\/li>\n<li>Les exercices ciblant les jambes et le core: fesses, abdominaux, hanches<\/li>\n<li>Les programmes full-body avec b\u00e2tons de ski lest\u00e9s (non fournis)<\/li>\n<\/ul>\n<p>&nbsp;<\/p>\n<h2>Caract\u00e9ristiques<\/h2>\n<div class=\"su-row\">\n<div class=\"su-column su-column-size-1-2 prod-col\"><div class=\"su-column-inner su-u-clearfix su-u-trim\">\n<h3>Chariot pour souliers seulement<\/h3>\n<p><img fetchpriority=\"high\" decoding=\"async\" class=\"alignnone size-full wp-image-20161\" src=\"\/wp-content\/uploads\/2022\/12\/B-TYPE-CART-1.jpg\" alt=\"\" width=\"800\" height=\"450\" srcset=\"https:\/\/noramproski.com\/wp-content\/uploads\/2022\/12\/B-TYPE-CART-1.jpg 800w, https:\/\/noramproski.com\/wp-content\/uploads\/2022\/12\/B-TYPE-CART-1-620x349.jpg 620w, https:\/\/noramproski.com\/wp-content\/uploads\/2022\/12\/B-TYPE-CART-1-300x169.jpg 300w, https:\/\/noramproski.com\/wp-content\/uploads\/2022\/12\/B-TYPE-CART-1-768x432.jpg 768w\" sizes=\"(max-width: 800px) 100vw, 800px\" \/><br \/>\nLe chariot mobile est con\u00e7u pour les skieurs de d\u00e9butants \u00e0 avanc\u00e9s. Il offre la possibilit\u00e9 de r\u00e9gler les p\u00e9dales en deux positions au choix, selon votre taille. Vous devez vous tenir debout sur les p\u00e9dales pendant l&#8217;entra\u00eenement. Un total de 6 bandes \u00e9lastiques peuvent \u00eatre fix\u00e9es au bas du chariot et ajust\u00e9es en fonction de votre poids.<br \/>\n<\/div><\/div>\n<div class=\"su-column su-column-size-1-2 prod-col\"><div class=\"su-column-inner su-u-clearfix su-u-trim\">\n<h3>But\u00e9e de ski<\/h3>\n<p><img decoding=\"async\" class=\"alignnone size-full wp-image-20163\" src=\"\/wp-content\/uploads\/2022\/12\/EDGE-SKI-STOPPER.jpg\" alt=\"\" width=\"800\" height=\"450\" srcset=\"https:\/\/noramproski.com\/wp-content\/uploads\/2022\/12\/EDGE-SKI-STOPPER.jpg 800w, https:\/\/noramproski.com\/wp-content\/uploads\/2022\/12\/EDGE-SKI-STOPPER-620x349.jpg 620w, https:\/\/noramproski.com\/wp-content\/uploads\/2022\/12\/EDGE-SKI-STOPPER-300x169.jpg 300w, https:\/\/noramproski.com\/wp-content\/uploads\/2022\/12\/EDGE-SKI-STOPPER-768x432.jpg 768w\" sizes=\"(max-width: 800px) 100vw, 800px\" \/><br \/>\nLa but\u00e9e de ski \u00e9vite les chocs violents en fin de virage. Une protection anti-impact, cette but\u00e9e absorbe les chocs et vous assure un entra\u00eenement plus agr\u00e9able.<br \/>\n<\/div><\/div>\n<\/div>\n<div class=\"su-row\">\n<div class=\"su-column su-column-size-1-2 prod-col\"><div class=\"su-column-inner su-u-clearfix su-u-trim\">\n<h3>Bandes \u00e9lastiques<\/h3>\n<p><img decoding=\"async\" class=\"alignnone size-full wp-image-20165\" src=\"\/wp-content\/uploads\/2022\/12\/ELASTIC-ROPES.jpg\" alt=\"\" width=\"800\" height=\"450\" srcset=\"https:\/\/noramproski.com\/wp-content\/uploads\/2022\/12\/ELASTIC-ROPES.jpg 800w, https:\/\/noramproski.com\/wp-content\/uploads\/2022\/12\/ELASTIC-ROPES-620x349.jpg 620w, https:\/\/noramproski.com\/wp-content\/uploads\/2022\/12\/ELASTIC-ROPES-300x169.jpg 300w, https:\/\/noramproski.com\/wp-content\/uploads\/2022\/12\/ELASTIC-ROPES-768x432.jpg 768w\" sizes=\"(max-width: 800px) 100vw, 800px\" \/><br \/>\nLe chariot du simulateur PRO SKI vient avec 6 bandes \u00e9lastiques se fixant \u00e0 la base. Ces bandes doivent \u00eatre ajust\u00e9es en fonction du poids de la personne qui s&#8217;entra\u00eene et du niveau de r\u00e9sistance d\u00e9sir\u00e9. Elles se d\u00e9tachent facilement et sont tout aussi faciles \u00e0 r\u00e9installer.<br \/>\n<\/div><\/div>\n<div class=\"su-column su-column-size-1-2 prod-col\"><div class=\"su-column-inner su-u-clearfix su-u-trim\">\n<h3>Cadre de base<\/h3>\n<p><img loading=\"lazy\" decoding=\"async\" class=\"alignnone size-full wp-image-20167\" src=\"\/wp-content\/uploads\/2022\/12\/BASIC-FRAME-2.jpg\" alt=\"\" width=\"800\" height=\"450\" srcset=\"https:\/\/noramproski.com\/wp-content\/uploads\/2022\/12\/BASIC-FRAME-2.jpg 800w, https:\/\/noramproski.com\/wp-content\/uploads\/2022\/12\/BASIC-FRAME-2-620x349.jpg 620w, https:\/\/noramproski.com\/wp-content\/uploads\/2022\/12\/BASIC-FRAME-2-300x169.jpg 300w, https:\/\/noramproski.com\/wp-content\/uploads\/2022\/12\/BASIC-FRAME-2-768x432.jpg 768w\" sizes=\"(max-width: 800px) 100vw, 800px\" \/><br \/>\nLe simulateur CLASSIC jouit d&#8217;un cadre de base solide avec rampe pouvant servir d&#8217;appuie-main. Les sportifs plus avanc\u00e9s peuvent l\u00e2cher la rampe et s&#8217;entra\u00eener au choix avec les mains libres ou avec des b\u00e2tons lest\u00e9s pour entra\u00eener les membres sup\u00e9rieurs.<br \/>\n<\/div><\/div>\n<\/div>\n<div class=\"su-row\">\n<div class=\"su-column su-column-size-1-2 prod-col\"><div class=\"su-column-inner su-u-clearfix su-u-trim\">\n<h3>Appuie-main<\/h3>\n<p><img loading=\"lazy\" decoding=\"async\" class=\"alignnone size-full wp-image-20169\" src=\"\/wp-content\/uploads\/2022\/12\/BASIC-HAND-HOLDER-1.jpg\" alt=\"\" width=\"800\" height=\"450\" srcset=\"https:\/\/noramproski.com\/wp-content\/uploads\/2022\/12\/BASIC-HAND-HOLDER-1.jpg 800w, https:\/\/noramproski.com\/wp-content\/uploads\/2022\/12\/BASIC-HAND-HOLDER-1-620x349.jpg 620w, https:\/\/noramproski.com\/wp-content\/uploads\/2022\/12\/BASIC-HAND-HOLDER-1-300x169.jpg 300w, https:\/\/noramproski.com\/wp-content\/uploads\/2022\/12\/BASIC-HAND-HOLDER-1-768x432.jpg 768w\" sizes=\"(max-width: 800px) 100vw, 800px\" \/><br \/>\nL&#8217;appuie-main fournit une prise ferme lors de l&#8217;entra\u00eenement et aide \u00e0 garder l&#8217;\u00e9quilibre. Vous pouvez modifier cet appui en y ajoutant un porte-bouteille et serviette ainsi qu&#8217;un porte-t\u00e9l\u00e9phone pour les entra\u00eenements longs. Les sportifs plus exp\u00e9riment\u00e9s peuvent choisir de l\u00e2cher cet appuie-main pendant l&#8217;entra\u00eenement.<br \/>\n<\/div><\/div>\n<div class=\"su-column su-column-size-1-2 prod-col\"><div class=\"su-column-inner su-u-clearfix su-u-trim\">\n<\/div><\/div>\n<\/div>\n<div class=\"prod-col\">\n<h3>Poids et dimensions apr\u00e8s assemblage<\/h3>\n<p>&nbsp;<\/p>\n<p><strong>Poids:<\/strong><\/p>\n<ul>\n<li>40 kg (88 lb)<\/li>\n<\/ul>\n<p><strong>Dimensions: <\/strong><\/p>\n<ul>\n<li>Longueur 173 cm\/69 po<\/li>\n<li>Largeur 68 cm\/26,5 po<\/li>\n<li>Hauteur 125 cm\/48,7 po<\/li>\n<\/ul>\n<\/div>\n","protected":false},"excerpt":{"rendered":"<p style=\"color: #2b94db;margin-bottom:20px;\"><strong>Livraison incluse au Canada entre 10 \u00e0 12 jours<\/strong><\/p>\n<ul>\n<li>Entra\u00eenement cardio et corps complet<\/li>\n<li>Pour le ski et les autres sports<\/li>\n<li>Module \u00e0 p\u00e9dales fixes\/espadrilles<\/li>\n<li>6 bandes \u00e9lastiques\/degr\u00e9s d\u2019intensit\u00e9<\/li>\n<\/ul>\n","protected":false},"featured_media":20159,"template":"","meta":[],"product_brand":[],"product_cat":[164],"product_tag":[168,167,66,169,165,166],"class_list":{"0":"post-20078","1":"product","2":"type-product","3":"status-publish","4":"has-post-thumbnail","6":"product_cat-simulateurs","7":"product_tag-cardio","8":"product_tag-entrainement","9":"product_tag-gym","10":"product_tag-musculation","11":"product_tag-simulateurs","12":"product_tag-ski","13":"product_shipping_class-free-shipping","14":"ts_product_brand-pro-ski-simulator","16":"first","17":"instock","18":"taxable","19":"shipping-taxable","20":"purchasable","21":"product-type-simple"},"bundled_by":[],"bundle_stock_status":"instock","bundle_stock_quantity":null,"bundle_virtual":false,"bundle_layout":"","bundle_add_to_cart_form_location":"","bundle_editable_in_cart":false,"bundle_sold_individually_context":"","bundle_item_grouping":"","bundle_min_size":"","bundle_max_size":"","bundle_price":[],"bundled_items":[],"bundle_sell_ids":[20522,20528,20531,20537],"yoast_head":"<!-- This site is optimized with the Yoast SEO plugin v27.3 - https:\/\/yoast.com\/product\/yoast-seo-wordpress\/ -->\n<title>Classic - Noram ProSki Simulator<\/title>\n<meta name=\"robots\" content=\"noindex, follow\" \/>\n<meta property=\"og:locale\" content=\"fr_CA\" \/>\n<meta property=\"og:type\" content=\"article\" \/>\n<meta property=\"og:title\" content=\"Classic - Noram ProSki Simulator\" \/>\n<meta property=\"og:description\" content=\"Livraison incluse au Canada entre 10 \u00e0 12 jours   Entra\u00eenement cardio et corps complet  Pour le ski et les autres sports  Module \u00e0 p\u00e9dales fixes\/espadrilles  6 bandes \u00e9lastiques\/degr\u00e9s d\u2019intensit\u00e9\" \/>\n<meta property=\"og:url\" content=\"https:\/\/noramproski.com\/fr\/produit\/simulateur-pro-ski-classic\/\" \/>\n<meta property=\"og:site_name\" content=\"Noram ProSki Simulator\" \/>\n<meta property=\"article:modified_time\" content=\"2026-03-17T00:36:12+00:00\" \/>\n<meta property=\"og:image\" content=\"https:\/\/noramproski.com\/wp-content\/uploads\/2022\/12\/Pro-Ski-Simulator-Classic-3.jpg\" \/>\n\t<meta property=\"og:image:width\" content=\"800\" \/>\n\t<meta property=\"og:image:height\" content=\"800\" \/>\n\t<meta property=\"og:image:type\" content=\"image\/jpeg\" \/>\n<meta name=\"twitter:card\" content=\"summary_large_image\" \/>\n<meta name=\"twitter:label1\" content=\"Estimation du temps de lecture\" \/>\n\t<meta name=\"twitter:data1\" content=\"4 minutes\" \/>\n<script type=\"application\/ld+json\" class=\"yoast-schema-graph\">{\"@context\":\"https:\\\/\\\/schema.org\",\"@graph\":[{\"@type\":\"WebPage\",\"@id\":\"https:\\\/\\\/noramproski.com\\\/fr\\\/produit\\\/simulateur-pro-ski-classic\\\/\",\"url\":\"https:\\\/\\\/noramproski.com\\\/fr\\\/produit\\\/simulateur-pro-ski-classic\\\/\",\"name\":\"Classic - Noram ProSki Simulator\",\"isPartOf\":{\"@id\":\"https:\\\/\\\/noramproski.com\\\/fr\\\/#website\"},\"primaryImageOfPage\":{\"@id\":\"https:\\\/\\\/noramproski.com\\\/fr\\\/produit\\\/simulateur-pro-ski-classic\\\/#primaryimage\"},\"image\":{\"@id\":\"https:\\\/\\\/noramproski.com\\\/fr\\\/produit\\\/simulateur-pro-ski-classic\\\/#primaryimage\"},\"thumbnailUrl\":\"https:\\\/\\\/noramproski.com\\\/wp-content\\\/uploads\\\/2022\\\/12\\\/Pro-Ski-Simulator-Classic-3.jpg\",\"datePublished\":\"2022-12-10T21:46:36+00:00\",\"dateModified\":\"2026-03-17T00:36:12+00:00\",\"breadcrumb\":{\"@id\":\"https:\\\/\\\/noramproski.com\\\/fr\\\/produit\\\/simulateur-pro-ski-classic\\\/#breadcrumb\"},\"inLanguage\":\"fr-CA\",\"potentialAction\":[{\"@type\":\"ReadAction\",\"target\":[\"https:\\\/\\\/noramproski.com\\\/fr\\\/produit\\\/simulateur-pro-ski-classic\\\/\"]}]},{\"@type\":\"ImageObject\",\"inLanguage\":\"fr-CA\",\"@id\":\"https:\\\/\\\/noramproski.com\\\/fr\\\/produit\\\/simulateur-pro-ski-classic\\\/#primaryimage\",\"url\":\"https:\\\/\\\/noramproski.com\\\/wp-content\\\/uploads\\\/2022\\\/12\\\/Pro-Ski-Simulator-Classic-3.jpg\",\"contentUrl\":\"https:\\\/\\\/noramproski.com\\\/wp-content\\\/uploads\\\/2022\\\/12\\\/Pro-Ski-Simulator-Classic-3.jpg\",\"width\":800,\"height\":800,\"caption\":\"Simulateur Pro Ski CLASSIC\"},{\"@type\":\"BreadcrumbList\",\"@id\":\"https:\\\/\\\/noramproski.com\\\/fr\\\/produit\\\/simulateur-pro-ski-classic\\\/#breadcrumb\",\"itemListElement\":[{\"@type\":\"ListItem\",\"position\":1,\"name\":\"Accueil\",\"item\":\"https:\\\/\\\/noramproski.com\\\/fr\\\/\"},{\"@type\":\"ListItem\",\"position\":2,\"name\":\"Boutique\",\"item\":\"https:\\\/\\\/noramproski.com\\\/boutique\\\/\"},{\"@type\":\"ListItem\",\"position\":3,\"name\":\"Classic\"}]},{\"@type\":\"WebSite\",\"@id\":\"https:\\\/\\\/noramproski.com\\\/fr\\\/#website\",\"url\":\"https:\\\/\\\/noramproski.com\\\/fr\\\/\",\"name\":\"Noram ProSki Simulator - Professional Ski Training - L\u2019entra\u00eenement de ski hors neige\",\"description\":\"Noram ProSki Simulator\",\"potentialAction\":[{\"@type\":\"SearchAction\",\"target\":{\"@type\":\"EntryPoint\",\"urlTemplate\":\"https:\\\/\\\/noramproski.com\\\/fr\\\/?s={search_term_string}\"},\"query-input\":{\"@type\":\"PropertyValueSpecification\",\"valueRequired\":true,\"valueName\":\"search_term_string\"}}],\"inLanguage\":\"fr-CA\"}]}<\/script>\n<!-- \/ Yoast SEO plugin. -->","yoast_head_json":{"title":"Classic - Noram ProSki Simulator","robots":{"index":"noindex","follow":"follow"},"og_locale":"fr_CA","og_type":"article","og_title":"Classic - Noram ProSki Simulator","og_description":"Livraison incluse au Canada entre 10 \u00e0 12 jours   Entra\u00eenement cardio et corps complet  Pour le ski et les autres sports  Module \u00e0 p\u00e9dales fixes\/espadrilles  6 bandes \u00e9lastiques\/degr\u00e9s d\u2019intensit\u00e9","og_url":"https:\/\/noramproski.com\/fr\/produit\/simulateur-pro-ski-classic\/","og_site_name":"Noram ProSki Simulator","article_modified_time":"2026-03-17T00:36:12+00:00","og_image":[{"width":800,"height":800,"url":"https:\/\/noramproski.com\/wp-content\/uploads\/2022\/12\/Pro-Ski-Simulator-Classic-3.jpg","type":"image\/jpeg"}],"twitter_card":"summary_large_image","twitter_misc":{"Estimation du temps de lecture":"4 minutes"},"schema":{"@context":"https:\/\/schema.org","@graph":[{"@type":"WebPage","@id":"https:\/\/noramproski.com\/fr\/produit\/simulateur-pro-ski-classic\/","url":"https:\/\/noramproski.com\/fr\/produit\/simulateur-pro-ski-classic\/","name":"Classic - Noram ProSki Simulator","isPartOf":{"@id":"https:\/\/noramproski.com\/fr\/#website"},"primaryImageOfPage":{"@id":"https:\/\/noramproski.com\/fr\/produit\/simulateur-pro-ski-classic\/#primaryimage"},"image":{"@id":"https:\/\/noramproski.com\/fr\/produit\/simulateur-pro-ski-classic\/#primaryimage"},"thumbnailUrl":"https:\/\/noramproski.com\/wp-content\/uploads\/2022\/12\/Pro-Ski-Simulator-Classic-3.jpg","datePublished":"2022-12-10T21:46:36+00:00","dateModified":"2026-03-17T00:36:12+00:00","breadcrumb":{"@id":"https:\/\/noramproski.com\/fr\/produit\/simulateur-pro-ski-classic\/#breadcrumb"},"inLanguage":"fr-CA","potentialAction":[{"@type":"ReadAction","target":["https:\/\/noramproski.com\/fr\/produit\/simulateur-pro-ski-classic\/"]}]},{"@type":"ImageObject","inLanguage":"fr-CA","@id":"https:\/\/noramproski.com\/fr\/produit\/simulateur-pro-ski-classic\/#primaryimage","url":"https:\/\/noramproski.com\/wp-content\/uploads\/2022\/12\/Pro-Ski-Simulator-Classic-3.jpg","contentUrl":"https:\/\/noramproski.com\/wp-content\/uploads\/2022\/12\/Pro-Ski-Simulator-Classic-3.jpg","width":800,"height":800,"caption":"Simulateur Pro Ski CLASSIC"},{"@type":"BreadcrumbList","@id":"https:\/\/noramproski.com\/fr\/produit\/simulateur-pro-ski-classic\/#breadcrumb","itemListElement":[{"@type":"ListItem","position":1,"name":"Accueil","item":"https:\/\/noramproski.com\/fr\/"},{"@type":"ListItem","position":2,"name":"Boutique","item":"https:\/\/noramproski.com\/boutique\/"},{"@type":"ListItem","position":3,"name":"Classic"}]},{"@type":"WebSite","@id":"https:\/\/noramproski.com\/fr\/#website","url":"https:\/\/noramproski.com\/fr\/","name":"Noram ProSki Simulator - Professional Ski Training - L\u2019entra\u00eenement de ski hors neige","description":"Noram ProSki Simulator","potentialAction":[{"@type":"SearchAction","target":{"@type":"EntryPoint","urlTemplate":"https:\/\/noramproski.com\/fr\/?s={search_term_string}"},"query-input":{"@type":"PropertyValueSpecification","valueRequired":true,"valueName":"search_term_string"}}],"inLanguage":"fr-CA"}]}},"_links":{"self":[{"href":"https:\/\/noramproski.com\/fr\/wp-json\/wp\/v2\/product\/20078","targetHints":{"allow":["GET"]}}],"collection":[{"href":"https:\/\/noramproski.com\/fr\/wp-json\/wp\/v2\/product"}],"about":[{"href":"https:\/\/noramproski.com\/fr\/wp-json\/wp\/v2\/types\/product"}],"wp:featuredmedia":[{"embeddable":true,"href":"https:\/\/noramproski.com\/fr\/wp-json\/wp\/v2\/media\/20159"}],"wp:attachment":[{"href":"https:\/\/noramproski.com\/fr\/wp-json\/wp\/v2\/media?parent=20078"}],"wp:term":[{"taxonomy":"product_brand","embeddable":true,"href":"https:\/\/noramproski.com\/fr\/wp-json\/wp\/v2\/product_brand?post=20078"},{"taxonomy":"product_cat","embeddable":true,"href":"https:\/\/noramproski.com\/fr\/wp-json\/wp\/v2\/product_cat?post=20078"},{"taxonomy":"product_tag","embeddable":true,"href":"https:\/\/noramproski.com\/fr\/wp-json\/wp\/v2\/product_tag?post=20078"}],"curies":[{"name":"wp","href":"https:\/\/api.w.org\/{rel}","templated":true}]}}