{"id":20363,"date":"2022-12-13T20:43:32","date_gmt":"2022-12-14T01:43:32","guid":{"rendered":"https:\/\/dev.proski.ca\/?post_type=product&#038;p=20363"},"modified":"2026-03-16T20:29:33","modified_gmt":"2026-03-17T00:29:33","slug":"simulateur-pro-ski-premium-ski","status":"publish","type":"product","link":"https:\/\/noramproski.com\/fr\/produit\/simulateur-pro-ski-premium-ski\/","title":{"rendered":"PREMIUM SKI"},"content":{"rendered":"<h3>L&#8217;entra\u00eenement complet pour performer au max dans votre sport pr\u00e9f\u00e9r\u00e9!<\/h3>\n<div class=\"su-row\">\n<div class=\"su-column su-column-size-1-2\"><div class=\"su-column-inner su-u-clearfix su-u-trim\">Le simulateur PREMIUM reprend les caract\u00e9ristiques gagnantes du CLASSIC, en plus d&#8217;inclure des roues de transport et un porte-t\u00e9l\u00e9phone pratique. \u00c0 vous d&#8217;y joindre le ou les modules que vous d\u00e9sirez selon que vous voulez vous entra\u00eener en souliers ou avec des bottes de ski ou une planche \u00e0 neige (modules non fournis). C&#8217;est l&#8217;appareil d\u2019entra\u00eenement ultra-cibl\u00e9 et pens\u00e9 pour les skieurs\/planchistes de tous niveaux, qui travaille les m\u00eames habilet\u00e9s n\u00e9cessaires aux adeptes de sports d\u2019impulsion de type \u00abStop &amp; Go\u00bb. Il convient aussi aux programmes de mise en forme, de maintien d&#8217;un poids sant\u00e9 et de r\u00e9habilitation de blessure. Gr\u00e2ce \u00e0 sa technologie \u00e0 faible impact, ses modules sp\u00e9cialis\u00e9s et son design compact, ce simulateur s&#8217;adresse \u00e0 l&#8217;athl\u00e8te d\u00e9butant ou avanc\u00e9 qui veut progresser rapidement dans son sport. Id\u00e9al pour l&#8217;espace gym \u00e0 la maison ou en entreprise.<\/div><\/div><div class=\"su-column su-column-size-1-2\"><div class=\"su-column-inner su-u-clearfix su-u-trim\">\n<div style=\"width: 640px;\" class=\"wp-video\"><!--[if lt IE 9]><script>document.createElement('video');<\/script><![endif]-->\n<video class=\"wp-video-shortcode\" id=\"video-20363-1\" width=\"640\" height=\"360\" preload=\"metadata\" controls=\"controls\"><source type=\"video\/mp4\" src=\"\/wp-content\/uploads\/2023\/01\/video2-compressed.mp4?_=1\" \/><a href=\"\/wp-content\/uploads\/2023\/01\/video2-compressed.mp4\">\/wp-content\/uploads\/2023\/01\/video2-compressed.mp4<\/a><\/video><\/div>\n<\/div><\/div><\/div>\n<h3>Avec 6 niveaux de r\u00e9sistance\/intensit\u00e9 faciles \u00e0 ajuster, PREMIUM est parfait pour:<\/h3>\n<ul>\n<li>Travailler le cardio et la musculation en m\u00eame temps<\/li>\n<li>Les skieurs et les planchistes qui veulent une simulation totale via les modules adaptables (non fournis)<\/li>\n<li>Br\u00fbler 800 kcal\/heure ou plus pour aider \u00e0 maintenir un poids sant\u00e9<\/li>\n<li>Les entra\u00eenements en intervalles \u00e0 haute intensit\u00e9 ou HIIT<\/li>\n<li>Les exercices ciblant les jambes et le core: fesses, abdominaux, hanches<\/li>\n<li>Les programmes full-body avec b\u00e2tons de ski lest\u00e9s (non fournis)<\/li>\n<\/ul>\n<p>&nbsp;<\/p>\n<h2>Caract\u00e9ristiques<\/h2>\n<div class=\"su-row\">\n<div class=\"su-column su-column-size-1-2 prod-col\"><div class=\"su-column-inner su-u-clearfix su-u-trim\">\n<h3>Chariot pour souliers<br \/>\n(Inclus)<\/h3>\n<p><img fetchpriority=\"high\" decoding=\"async\" class=\"alignnone wp-image-20368 size-full\" src=\"\/wp-content\/uploads\/2022\/12\/FOOT-CART.jpg\" alt=\"\" width=\"800\" height=\"450\" srcset=\"https:\/\/noramproski.com\/wp-content\/uploads\/2022\/12\/FOOT-CART.jpg 800w, https:\/\/noramproski.com\/wp-content\/uploads\/2022\/12\/FOOT-CART-620x349.jpg 620w, https:\/\/noramproski.com\/wp-content\/uploads\/2022\/12\/FOOT-CART-300x169.jpg 300w, https:\/\/noramproski.com\/wp-content\/uploads\/2022\/12\/FOOT-CART-768x432.jpg 768w\" sizes=\"(max-width: 800px) 100vw, 800px\" \/><br \/>\nModule pour souliers de course, id\u00e9al pour le multisports incluant le ski. Il offre la possibilit\u00e9 de r\u00e9gler les p\u00e9dales en deux positions au choix selon votre taille. Vous devez vous tenir debout sur les p\u00e9dales pendant l&#8217;entra\u00eenement. Il convient \u00e0 tous les sportifs de d\u00e9butants \u00e0 avanc\u00e9s. <\/div><\/div>\n<div class=\"su-column su-column-size-1-2 prod-col\"><div class=\"su-column-inner su-u-clearfix su-u-trim\">\n<h3>Module sp\u00e9cialis\u00e9 pour bottes de ski (inclus)<\/h3>\n<p><img decoding=\"async\" class=\"alignnone wp-image-20380 size-full\" src=\"\/wp-content\/uploads\/2022\/12\/SKI-CART-1-1.jpg\" alt=\"\" width=\"800\" height=\"450\" srcset=\"https:\/\/noramproski.com\/wp-content\/uploads\/2022\/12\/SKI-CART-1-1.jpg 800w, https:\/\/noramproski.com\/wp-content\/uploads\/2022\/12\/SKI-CART-1-1-620x349.jpg 620w, https:\/\/noramproski.com\/wp-content\/uploads\/2022\/12\/SKI-CART-1-1-300x169.jpg 300w, https:\/\/noramproski.com\/wp-content\/uploads\/2022\/12\/SKI-CART-1-1-768x432.jpg 768w\" sizes=\"(max-width: 800px) 100vw, 800px\" \/><br \/>\nModule sp\u00e9cialis\u00e9 <strong>en option<\/strong> pour bottes de ski \u00e0 l&#8217;intention des skieurs de d\u00e9butants \u00e0 avanc\u00e9s. Id\u00e9al pour cibler encore plus la m\u00e9moire musculaire en piste. <\/div><\/div>\n<\/div>\n<div class=\"su-row\">\n<div class=\"su-column su-column-size-1-2 prod-col\"><div class=\"su-column-inner su-u-clearfix su-u-trim\">\n<h3>Module sp\u00e9cialis\u00e9 pour planche (non inclus)<\/h3>\n<p><img decoding=\"async\" class=\"alignnone wp-image-20382 size-full\" src=\"\/wp-content\/uploads\/2022\/12\/BOARD-CART-1.jpg\" alt=\"\" width=\"800\" height=\"450\" srcset=\"https:\/\/noramproski.com\/wp-content\/uploads\/2022\/12\/BOARD-CART-1.jpg 800w, https:\/\/noramproski.com\/wp-content\/uploads\/2022\/12\/BOARD-CART-1-620x349.jpg 620w, https:\/\/noramproski.com\/wp-content\/uploads\/2022\/12\/BOARD-CART-1-300x169.jpg 300w, https:\/\/noramproski.com\/wp-content\/uploads\/2022\/12\/BOARD-CART-1-768x432.jpg 768w\" sizes=\"(max-width: 800px) 100vw, 800px\" \/><br \/>\nPlanche \u00e0 neige <strong>en option<\/strong> \u00e0 l&#8217;intention des planchistes de d\u00e9butants \u00e0 avanc\u00e9s. Id\u00e9al pour cibler encore plus la m\u00e9moire musculaire en planche.\u00a0<\/div><\/div>\n<div class=\"su-column su-column-size-1-2 prod-col\"><div class=\"su-column-inner su-u-clearfix su-u-trim\">\n<h3>Porte-t\u00e9l\u00e9phone (inclus)<\/h3>\n<p><img loading=\"lazy\" decoding=\"async\" class=\"alignnone wp-image-20370 size-full\" src=\"\/wp-content\/uploads\/2022\/12\/Phoneholder.jpg\" alt=\"\" width=\"800\" height=\"450\" srcset=\"https:\/\/noramproski.com\/wp-content\/uploads\/2022\/12\/Phoneholder.jpg 800w, https:\/\/noramproski.com\/wp-content\/uploads\/2022\/12\/Phoneholder-620x349.jpg 620w, https:\/\/noramproski.com\/wp-content\/uploads\/2022\/12\/Phoneholder-300x169.jpg 300w, https:\/\/noramproski.com\/wp-content\/uploads\/2022\/12\/Phoneholder-768x432.jpg 768w\" sizes=\"(max-width: 800px) 100vw, 800px\" \/><br \/>\nLe simulateur Premium inclut un porte-t\u00e9l\u00e9phone.<br \/>\n<\/div><\/div>\n<\/div>\n<div class=\"su-row\">\n<div class=\"su-column su-column-size-1-2 prod-col\"><div class=\"su-column-inner su-u-clearfix su-u-trim\">\n<h3>But\u00e9e de ski<\/h3>\n<p><img loading=\"lazy\" decoding=\"async\" class=\"alignnone size-full wp-image-20163\" src=\"\/wp-content\/uploads\/2022\/12\/EDGE-SKI-STOPPER.jpg\" alt=\"\" width=\"800\" height=\"450\" srcset=\"https:\/\/noramproski.com\/wp-content\/uploads\/2022\/12\/EDGE-SKI-STOPPER.jpg 800w, https:\/\/noramproski.com\/wp-content\/uploads\/2022\/12\/EDGE-SKI-STOPPER-620x349.jpg 620w, https:\/\/noramproski.com\/wp-content\/uploads\/2022\/12\/EDGE-SKI-STOPPER-300x169.jpg 300w, https:\/\/noramproski.com\/wp-content\/uploads\/2022\/12\/EDGE-SKI-STOPPER-768x432.jpg 768w\" sizes=\"(max-width: 800px) 100vw, 800px\" \/><br \/>\nLa but\u00e9e de ski \u00e9vite les chocs violents en fin de virage. Une protection anti-impact, cette but\u00e9e absorbe les chocs et vous assure un entra\u00eenement plus agr\u00e9able.<br \/>\n<\/div><\/div>\n<div class=\"su-column su-column-size-1-2 prod-col\"><div class=\"su-column-inner su-u-clearfix su-u-trim\">\n<h3>Bandes \u00e9lastiques<\/h3>\n<p><img loading=\"lazy\" decoding=\"async\" class=\"alignnone size-full wp-image-20165\" src=\"\/wp-content\/uploads\/2022\/12\/ELASTIC-ROPES.jpg\" alt=\"\" width=\"800\" height=\"450\" srcset=\"https:\/\/noramproski.com\/wp-content\/uploads\/2022\/12\/ELASTIC-ROPES.jpg 800w, https:\/\/noramproski.com\/wp-content\/uploads\/2022\/12\/ELASTIC-ROPES-620x349.jpg 620w, https:\/\/noramproski.com\/wp-content\/uploads\/2022\/12\/ELASTIC-ROPES-300x169.jpg 300w, https:\/\/noramproski.com\/wp-content\/uploads\/2022\/12\/ELASTIC-ROPES-768x432.jpg 768w\" sizes=\"(max-width: 800px) 100vw, 800px\" \/><br \/>\nLe chariot du simulateur PREMIUM vient avec 6 bandes \u00e9lastiques se fixant \u00e0 la base. Ces bandes doivent \u00eatre ajust\u00e9es en fonction du poids de la personne qui s&#8217;entra\u00eene. Elles se d\u00e9tachent facilement et sont tout aussi faciles \u00e0 r\u00e9installer.<br \/>\n<\/div><\/div>\n<\/div>\n<div class=\"prod-col\">\n<h3>Poids et dimensions apr\u00e8s assemblage<\/h3>\n<p>&nbsp;<\/p>\n<p><strong>Poids:<\/strong><\/p>\n<ul>\n<li>40 kg (88 lb)<\/li>\n<\/ul>\n<p><strong>Dimensions: <\/strong><\/p>\n<ul>\n<li>Longueur 173 cm\/69 po<\/li>\n<li>Largeur 68 cm\/26,5 po<\/li>\n<li>Hauteur 125 cm\/48,7 po<\/li>\n<\/ul>\n<\/div>\n","protected":false},"excerpt":{"rendered":"<p style=\"color: #2b94db; margin-bottom: 20px;\"><strong>Livraison incluse au Canada entre 10 \u00e0 12 jours<\/strong><\/p>\n<ul>\n<li>Chariot 3 en 1<\/li>\n<li>Mod\u00e8le avec chariot d\u2019entra\u00eenement en espadrilles<\/li>\n<li>Module avec fixations de bottes de ski Marker<\/li>\n<li>B\u00e2tons de ski fixes t\u00e9lescopiques<\/li>\n<li>Ensemble de roues pour facilit\u00e9 le d\u00e9placement du simulateur<\/li>\n<li>Porte-t\u00e9l\u00e9phone<\/li>\n<li>6 bandes \u00e9lastiques\/degr\u00e9s d\u2019intensit\u00e9<\/li>\n<\/ul>\n","protected":false},"featured_media":20437,"template":"","meta":[],"product_brand":[],"product_cat":[164],"product_tag":[168,167,66,169,165,166],"class_list":{"0":"post-20363","1":"product","2":"type-product","3":"status-publish","4":"has-post-thumbnail","6":"product_cat-simulateurs","7":"product_tag-cardio","8":"product_tag-entrainement","9":"product_tag-gym","10":"product_tag-musculation","11":"product_tag-simulateurs","12":"product_tag-ski","13":"product_shipping_class-free_shipping","14":"ts_product_brand-pro-ski-simulator","16":"first","17":"instock","18":"taxable","19":"shipping-taxable","20":"purchasable","21":"product-type-simple"},"bundled_by":[],"bundle_stock_status":"instock","bundle_stock_quantity":null,"bundle_virtual":false,"bundle_layout":"","bundle_add_to_cart_form_location":"","bundle_editable_in_cart":false,"bundle_sold_individually_context":"","bundle_item_grouping":"","bundle_min_size":"","bundle_max_size":"","bundle_price":[],"bundled_items":[],"bundle_sell_ids":[20520],"yoast_head":"<!-- This site is optimized with the Yoast SEO plugin v27.3 - https:\/\/yoast.com\/product\/yoast-seo-wordpress\/ -->\n<title>PREMIUM SKI - Noram ProSki Simulator<\/title>\n<meta name=\"robots\" content=\"noindex, follow\" \/>\n<meta property=\"og:locale\" content=\"fr_CA\" \/>\n<meta property=\"og:type\" content=\"article\" \/>\n<meta property=\"og:title\" content=\"PREMIUM SKI - Noram ProSki Simulator\" \/>\n<meta property=\"og:description\" content=\"Livraison incluse au Canada entre 10 \u00e0 12 jours    Chariot 3 en 1  Mod\u00e8le avec chariot d\u2019entra\u00eenement en espadrilles  Module avec fixations de bottes de ski Marker  B\u00e2tons de ski fixes t\u00e9lescopiques  Ensemble de roues pour facilit\u00e9 le d\u00e9placement du simulateur  Porte-t\u00e9l\u00e9phone  6 bandes \u00e9lastiques\/degr\u00e9s d\u2019intensit\u00e9\" \/>\n<meta property=\"og:url\" content=\"https:\/\/noramproski.com\/fr\/produit\/simulateur-pro-ski-premium-ski\/\" \/>\n<meta property=\"og:site_name\" content=\"Noram ProSki Simulator\" \/>\n<meta property=\"article:modified_time\" content=\"2026-03-17T00:29:33+00:00\" \/>\n<meta property=\"og:image\" content=\"https:\/\/noramproski.com\/wp-content\/uploads\/2022\/12\/Simulateur-Pro-SKi-Premium-bottes-de-ski.jpg\" \/>\n\t<meta property=\"og:image:width\" content=\"800\" \/>\n\t<meta property=\"og:image:height\" content=\"800\" \/>\n\t<meta property=\"og:image:type\" content=\"image\/jpeg\" \/>\n<meta name=\"twitter:card\" content=\"summary_large_image\" \/>\n<meta name=\"twitter:label1\" content=\"Estimation du temps de lecture\" \/>\n\t<meta name=\"twitter:data1\" content=\"4 minutes\" \/>\n<script type=\"application\/ld+json\" class=\"yoast-schema-graph\">{\"@context\":\"https:\\\/\\\/schema.org\",\"@graph\":[{\"@type\":\"WebPage\",\"@id\":\"https:\\\/\\\/noramproski.com\\\/fr\\\/produit\\\/simulateur-pro-ski-premium-ski\\\/\",\"url\":\"https:\\\/\\\/noramproski.com\\\/fr\\\/produit\\\/simulateur-pro-ski-premium-ski\\\/\",\"name\":\"PREMIUM SKI - Noram ProSki Simulator\",\"isPartOf\":{\"@id\":\"https:\\\/\\\/noramproski.com\\\/fr\\\/#website\"},\"primaryImageOfPage\":{\"@id\":\"https:\\\/\\\/noramproski.com\\\/fr\\\/produit\\\/simulateur-pro-ski-premium-ski\\\/#primaryimage\"},\"image\":{\"@id\":\"https:\\\/\\\/noramproski.com\\\/fr\\\/produit\\\/simulateur-pro-ski-premium-ski\\\/#primaryimage\"},\"thumbnailUrl\":\"https:\\\/\\\/noramproski.com\\\/wp-content\\\/uploads\\\/2022\\\/12\\\/Simulateur-Pro-SKi-Premium-bottes-de-ski.jpg\",\"datePublished\":\"2022-12-14T01:43:32+00:00\",\"dateModified\":\"2026-03-17T00:29:33+00:00\",\"breadcrumb\":{\"@id\":\"https:\\\/\\\/noramproski.com\\\/fr\\\/produit\\\/simulateur-pro-ski-premium-ski\\\/#breadcrumb\"},\"inLanguage\":\"fr-CA\",\"potentialAction\":[{\"@type\":\"ReadAction\",\"target\":[\"https:\\\/\\\/noramproski.com\\\/fr\\\/produit\\\/simulateur-pro-ski-premium-ski\\\/\"]}]},{\"@type\":\"ImageObject\",\"inLanguage\":\"fr-CA\",\"@id\":\"https:\\\/\\\/noramproski.com\\\/fr\\\/produit\\\/simulateur-pro-ski-premium-ski\\\/#primaryimage\",\"url\":\"https:\\\/\\\/noramproski.com\\\/wp-content\\\/uploads\\\/2022\\\/12\\\/Simulateur-Pro-SKi-Premium-bottes-de-ski.jpg\",\"contentUrl\":\"https:\\\/\\\/noramproski.com\\\/wp-content\\\/uploads\\\/2022\\\/12\\\/Simulateur-Pro-SKi-Premium-bottes-de-ski.jpg\",\"width\":800,\"height\":800,\"caption\":\"Simulateur-Pro-SKi-Premium-bottes-de-ski\"},{\"@type\":\"BreadcrumbList\",\"@id\":\"https:\\\/\\\/noramproski.com\\\/fr\\\/produit\\\/simulateur-pro-ski-premium-ski\\\/#breadcrumb\",\"itemListElement\":[{\"@type\":\"ListItem\",\"position\":1,\"name\":\"Accueil\",\"item\":\"https:\\\/\\\/noramproski.com\\\/fr\\\/\"},{\"@type\":\"ListItem\",\"position\":2,\"name\":\"Boutique\",\"item\":\"https:\\\/\\\/noramproski.com\\\/boutique\\\/\"},{\"@type\":\"ListItem\",\"position\":3,\"name\":\"PREMIUM SKI\"}]},{\"@type\":\"WebSite\",\"@id\":\"https:\\\/\\\/noramproski.com\\\/fr\\\/#website\",\"url\":\"https:\\\/\\\/noramproski.com\\\/fr\\\/\",\"name\":\"Noram ProSki Simulator - Professional Ski Training - L\u2019entra\u00eenement de ski hors neige\",\"description\":\"Noram ProSki Simulator\",\"potentialAction\":[{\"@type\":\"SearchAction\",\"target\":{\"@type\":\"EntryPoint\",\"urlTemplate\":\"https:\\\/\\\/noramproski.com\\\/fr\\\/?s={search_term_string}\"},\"query-input\":{\"@type\":\"PropertyValueSpecification\",\"valueRequired\":true,\"valueName\":\"search_term_string\"}}],\"inLanguage\":\"fr-CA\"}]}<\/script>\n<!-- \/ Yoast SEO plugin. -->","yoast_head_json":{"title":"PREMIUM SKI - Noram ProSki Simulator","robots":{"index":"noindex","follow":"follow"},"og_locale":"fr_CA","og_type":"article","og_title":"PREMIUM SKI - Noram ProSki Simulator","og_description":"Livraison incluse au Canada entre 10 \u00e0 12 jours    Chariot 3 en 1  Mod\u00e8le avec chariot d\u2019entra\u00eenement en espadrilles  Module avec fixations de bottes de ski Marker  B\u00e2tons de ski fixes t\u00e9lescopiques  Ensemble de roues pour facilit\u00e9 le d\u00e9placement du simulateur  Porte-t\u00e9l\u00e9phone  6 bandes \u00e9lastiques\/degr\u00e9s d\u2019intensit\u00e9","og_url":"https:\/\/noramproski.com\/fr\/produit\/simulateur-pro-ski-premium-ski\/","og_site_name":"Noram ProSki Simulator","article_modified_time":"2026-03-17T00:29:33+00:00","og_image":[{"width":800,"height":800,"url":"https:\/\/noramproski.com\/wp-content\/uploads\/2022\/12\/Simulateur-Pro-SKi-Premium-bottes-de-ski.jpg","type":"image\/jpeg"}],"twitter_card":"summary_large_image","twitter_misc":{"Estimation du temps de lecture":"4 minutes"},"schema":{"@context":"https:\/\/schema.org","@graph":[{"@type":"WebPage","@id":"https:\/\/noramproski.com\/fr\/produit\/simulateur-pro-ski-premium-ski\/","url":"https:\/\/noramproski.com\/fr\/produit\/simulateur-pro-ski-premium-ski\/","name":"PREMIUM SKI - Noram ProSki Simulator","isPartOf":{"@id":"https:\/\/noramproski.com\/fr\/#website"},"primaryImageOfPage":{"@id":"https:\/\/noramproski.com\/fr\/produit\/simulateur-pro-ski-premium-ski\/#primaryimage"},"image":{"@id":"https:\/\/noramproski.com\/fr\/produit\/simulateur-pro-ski-premium-ski\/#primaryimage"},"thumbnailUrl":"https:\/\/noramproski.com\/wp-content\/uploads\/2022\/12\/Simulateur-Pro-SKi-Premium-bottes-de-ski.jpg","datePublished":"2022-12-14T01:43:32+00:00","dateModified":"2026-03-17T00:29:33+00:00","breadcrumb":{"@id":"https:\/\/noramproski.com\/fr\/produit\/simulateur-pro-ski-premium-ski\/#breadcrumb"},"inLanguage":"fr-CA","potentialAction":[{"@type":"ReadAction","target":["https:\/\/noramproski.com\/fr\/produit\/simulateur-pro-ski-premium-ski\/"]}]},{"@type":"ImageObject","inLanguage":"fr-CA","@id":"https:\/\/noramproski.com\/fr\/produit\/simulateur-pro-ski-premium-ski\/#primaryimage","url":"https:\/\/noramproski.com\/wp-content\/uploads\/2022\/12\/Simulateur-Pro-SKi-Premium-bottes-de-ski.jpg","contentUrl":"https:\/\/noramproski.com\/wp-content\/uploads\/2022\/12\/Simulateur-Pro-SKi-Premium-bottes-de-ski.jpg","width":800,"height":800,"caption":"Simulateur-Pro-SKi-Premium-bottes-de-ski"},{"@type":"BreadcrumbList","@id":"https:\/\/noramproski.com\/fr\/produit\/simulateur-pro-ski-premium-ski\/#breadcrumb","itemListElement":[{"@type":"ListItem","position":1,"name":"Accueil","item":"https:\/\/noramproski.com\/fr\/"},{"@type":"ListItem","position":2,"name":"Boutique","item":"https:\/\/noramproski.com\/boutique\/"},{"@type":"ListItem","position":3,"name":"PREMIUM SKI"}]},{"@type":"WebSite","@id":"https:\/\/noramproski.com\/fr\/#website","url":"https:\/\/noramproski.com\/fr\/","name":"Noram ProSki Simulator - Professional Ski Training - L\u2019entra\u00eenement de ski hors neige","description":"Noram ProSki Simulator","potentialAction":[{"@type":"SearchAction","target":{"@type":"EntryPoint","urlTemplate":"https:\/\/noramproski.com\/fr\/?s={search_term_string}"},"query-input":{"@type":"PropertyValueSpecification","valueRequired":true,"valueName":"search_term_string"}}],"inLanguage":"fr-CA"}]}},"_links":{"self":[{"href":"https:\/\/noramproski.com\/fr\/wp-json\/wp\/v2\/product\/20363","targetHints":{"allow":["GET"]}}],"collection":[{"href":"https:\/\/noramproski.com\/fr\/wp-json\/wp\/v2\/product"}],"about":[{"href":"https:\/\/noramproski.com\/fr\/wp-json\/wp\/v2\/types\/product"}],"wp:featuredmedia":[{"embeddable":true,"href":"https:\/\/noramproski.com\/fr\/wp-json\/wp\/v2\/media\/20437"}],"wp:attachment":[{"href":"https:\/\/noramproski.com\/fr\/wp-json\/wp\/v2\/media?parent=20363"}],"wp:term":[{"taxonomy":"product_brand","embeddable":true,"href":"https:\/\/noramproski.com\/fr\/wp-json\/wp\/v2\/product_brand?post=20363"},{"taxonomy":"product_cat","embeddable":true,"href":"https:\/\/noramproski.com\/fr\/wp-json\/wp\/v2\/product_cat?post=20363"},{"taxonomy":"product_tag","embeddable":true,"href":"https:\/\/noramproski.com\/fr\/wp-json\/wp\/v2\/product_tag?post=20363"}],"curies":[{"name":"wp","href":"https:\/\/api.w.org\/{rel}","templated":true}]}}