{"id":20451,"date":"2022-12-13T22:57:19","date_gmt":"2022-12-14T03:57:19","guid":{"rendered":"https:\/\/dev.proski.ca\/?post_type=product&#038;p=20451"},"modified":"2026-03-16T20:26:35","modified_gmt":"2026-03-17T00:26:35","slug":"simulateur-pro-ski-professional","status":"publish","type":"product","link":"https:\/\/noramproski.com\/fr\/produit\/simulateur-pro-ski-professional\/","title":{"rendered":"PROFESSIONAL"},"content":{"rendered":"<h3>Am\u00e9liorez votre technique de ski \u00e0 la vitesse Force G!<\/h3>\n<div class=\"su-row\">\n<div class=\"su-column su-column-size-1-2\"><div class=\"su-column-inner su-u-clearfix su-u-trim\">Le simulateur PROFESSIONAL est l&#8217;appareil d\u2019entra\u00eenement le plus performant et exigeant dans sa cat\u00e9gorie et s&#8217;adresse aux skieurs avanc\u00e9s. Son ch\u00e2ssis en pente avec un chariot de base pour souliers de course est muni de fixations pour les b\u00e2tons de ski. Ce simulateur convient aussi aux athl\u00e8tes haute performance voulant travailler les m\u00eames habilet\u00e9s requises par les sports d\u2019impulsion de type \u00abStop &amp; Go\u00bb. Il inclut 6 niveaux de r\u00e9sistance pour simuler les descentes \u00e0 grande vitesse. Gr\u00e2ce \u00e0 sa technologie \u00e0 faible impact, ce simulateur fournit un entra\u00eenement cross-training pour tous ceux qui pratiquent un sport \u00e0 fort impact et qui souhaitent prot\u00e9ger leurs articulations. Son design plus allong\u00e9 mais compact est pens\u00e9 pour l&#8217;espace gym \u00e0 la maison ou en entreprise. Id\u00e9al pour acc\u00e9l\u00e9rer la puissance et le d\u00e9veloppement de la m\u00e9moire musculaire.<\/div><\/div><div class=\"su-column su-column-size-1-2\"><div class=\"su-column-inner su-u-clearfix su-u-trim\">\n<div style=\"width: 640px;\" class=\"wp-video\"><!--[if lt IE 9]><script>document.createElement('video');<\/script><![endif]-->\n<video class=\"wp-video-shortcode\" id=\"video-20451-1\" width=\"640\" height=\"360\" preload=\"metadata\" controls=\"controls\"><source type=\"video\/mp4\" src=\"\/wp-content\/uploads\/2023\/01\/video2-compressed.mp4?_=1\" \/><a href=\"\/wp-content\/uploads\/2023\/01\/video2-compressed.mp4\">\/wp-content\/uploads\/2023\/01\/video2-compressed.mp4<\/a><\/video><\/div>\n<\/div><\/div><\/div>\n<h3>Avec 8 niveaux de r\u00e9sistance\/intensit\u00e9 faciles \u00e0 ajuster, PROFESSIONAL est parfait pour:<\/h3>\n<ul>\n<li>Travailler le cardio et la puissance tout-en-un<\/li>\n<li>Cibler les muscles sollicit\u00e9s par les sports de glisse et Stop &amp; Go<\/li>\n<li>D\u00e9velopper une amplitude de mouvement optimale<\/li>\n<li>Les entra\u00eenements en intervalles \u00e0 haute intensit\u00e9 ou HIIT<\/li>\n<li>Les exercices ciblant les jambes et le core: fesses, abdominaux, hanches<\/li>\n<li>Les programmes full-body avec b\u00e2tons de ski lest\u00e9s (non fournis)<\/li>\n<\/ul>\n<p>&nbsp;<\/p>\n<h2>Caract\u00e9ristiques<\/h2>\n<div class=\"su-row\">\n<div class=\"su-column su-column-size-1-2 prod-col\"><div class=\"su-column-inner su-u-clearfix su-u-trim\">\n<h3>Chariot mobile pour souliers<\/h3>\n<p><img fetchpriority=\"high\" decoding=\"async\" class=\"alignnone wp-image-20454 size-full\" src=\"\/wp-content\/uploads\/2022\/12\/SKI-SIMULATOR-CART-1.jpg\" alt=\"\" width=\"800\" height=\"450\" srcset=\"https:\/\/noramproski.com\/wp-content\/uploads\/2022\/12\/SKI-SIMULATOR-CART-1.jpg 800w, https:\/\/noramproski.com\/wp-content\/uploads\/2022\/12\/SKI-SIMULATOR-CART-1-620x349.jpg 620w, https:\/\/noramproski.com\/wp-content\/uploads\/2022\/12\/SKI-SIMULATOR-CART-1-300x169.jpg 300w, https:\/\/noramproski.com\/wp-content\/uploads\/2022\/12\/SKI-SIMULATOR-CART-1-768x432.jpg 768w\" sizes=\"(max-width: 800px) 100vw, 800px\" \/><br \/>\nLe chariot mobile inclus est con\u00e7u pour les skieurs de d\u00e9butants \u00e0 avanc\u00e9s. Il offre la possibilit\u00e9 de r\u00e9gler les p\u00e9dales en deux positions au choix, selon votre taille. Vous devez vous tenir debout sur les p\u00e9dales pendant l&#8217;entra\u00eenement. Un total de 8 bandes \u00e9lastiques peuvent \u00eatre fix\u00e9es au bas du chariot et ajust\u00e9es en fonction de votre poids.<\/div><\/div>\n<div class=\"su-column su-column-size-1-2 prod-col\"><div class=\"su-column-inner su-u-clearfix su-u-trim\">\n<h3>But\u00e9e de ski<\/h3>\n<p><img decoding=\"async\" class=\"alignnone size-full wp-image-20163\" src=\"\/wp-content\/uploads\/2022\/12\/EDGE-SKI-STOPPER.jpg\" alt=\"\" width=\"800\" height=\"450\" srcset=\"https:\/\/noramproski.com\/wp-content\/uploads\/2022\/12\/EDGE-SKI-STOPPER.jpg 800w, https:\/\/noramproski.com\/wp-content\/uploads\/2022\/12\/EDGE-SKI-STOPPER-620x349.jpg 620w, https:\/\/noramproski.com\/wp-content\/uploads\/2022\/12\/EDGE-SKI-STOPPER-300x169.jpg 300w, https:\/\/noramproski.com\/wp-content\/uploads\/2022\/12\/EDGE-SKI-STOPPER-768x432.jpg 768w\" sizes=\"(max-width: 800px) 100vw, 800px\" \/><br \/>\nLa but\u00e9e de ski \u00e9vite les chocs violents en fin de virage. Une protection anti-impact, cette but\u00e9e absorbe les chocs et vous assure un entra\u00eenement plus agr\u00e9able.<br \/>\n<\/div><\/div><\/div>\n<div class=\"su-row\">\n<div class=\"su-column su-column-size-1-2 prod-col\"><div class=\"su-column-inner su-u-clearfix su-u-trim\">\n<h3>Bandes \u00e9lastiques<\/h3>\n<p><img decoding=\"async\" class=\"alignnone size-full wp-image-20165\" src=\"\/wp-content\/uploads\/2022\/12\/ELASTIC-ROPES.jpg\" alt=\"\" width=\"800\" height=\"450\" srcset=\"https:\/\/noramproski.com\/wp-content\/uploads\/2022\/12\/ELASTIC-ROPES.jpg 800w, https:\/\/noramproski.com\/wp-content\/uploads\/2022\/12\/ELASTIC-ROPES-620x349.jpg 620w, https:\/\/noramproski.com\/wp-content\/uploads\/2022\/12\/ELASTIC-ROPES-300x169.jpg 300w, https:\/\/noramproski.com\/wp-content\/uploads\/2022\/12\/ELASTIC-ROPES-768x432.jpg 768w\" sizes=\"(max-width: 800px) 100vw, 800px\" \/><br \/>\nLe chariot du simulateur PROFESSIONAL vient avec 8 bandes \u00e9lastiques ajustables et trois autres se fixant \u00e0 la base. Ces bandes doivent \u00eatre ajust\u00e9es en fonction du poids de la personne qui s&#8217;entra\u00eene. Elles se d\u00e9tachent facilement et sont tout aussi faciles \u00e0 r\u00e9installer.<br \/>\n<\/div><\/div>\n<div class=\"su-column su-column-size-1-2 prod-col\"><div class=\"su-column-inner su-u-clearfix su-u-trim\">\n<h3>Cadre de base en pente<strong><br \/>\n<\/strong><\/h3>\n<p><img loading=\"lazy\" decoding=\"async\" class=\"alignnone wp-image-20456 size-full\" src=\"\/wp-content\/uploads\/2022\/12\/POWER-FRAME.jpg\" alt=\"\" width=\"800\" height=\"450\" srcset=\"https:\/\/noramproski.com\/wp-content\/uploads\/2022\/12\/POWER-FRAME.jpg 800w, https:\/\/noramproski.com\/wp-content\/uploads\/2022\/12\/POWER-FRAME-620x349.jpg 620w, https:\/\/noramproski.com\/wp-content\/uploads\/2022\/12\/POWER-FRAME-300x169.jpg 300w, https:\/\/noramproski.com\/wp-content\/uploads\/2022\/12\/POWER-FRAME-768x432.jpg 768w\" sizes=\"(max-width: 800px) 100vw, 800px\" \/><br \/>\nLe cadre en pente avec ses rails de construction solide est destin\u00e9 aux skieurs avanc\u00e9s et aux athl\u00e8tes de comp\u00e9tition. Avec son design allong\u00e9 de 50 cm (19,7 po) et ses 8 r\u00e9glages de puissance au choix, ce cadre convient \u00e0 l&#8217;entra\u00eenement ana\u00e9robique\/a\u00e9robique ainsi qu&#8217;aux bodypump\/bodystep. Attention! Convient seulement aux personnes mesurant 1,8 m (5 pi 9 po) et plus, jusqu&#8217;\u00e0 un poids maximal de 150 kg (330 lb).<\/div><\/div>\n<\/div>\n<div class=\"su-row\">\n<div class=\"su-column su-column-size-1-2 prod-col\"><div class=\"su-column-inner su-u-clearfix su-u-trim\">\n<h3>Appuie-main<\/h3>\n<p><img loading=\"lazy\" decoding=\"async\" class=\"alignnone wp-image-20458 size-full\" src=\"\/wp-content\/uploads\/2022\/12\/PROFESSIONAL-HAND-HOLDER.jpg\" alt=\"\" width=\"800\" height=\"450\" srcset=\"https:\/\/noramproski.com\/wp-content\/uploads\/2022\/12\/PROFESSIONAL-HAND-HOLDER.jpg 800w, https:\/\/noramproski.com\/wp-content\/uploads\/2022\/12\/PROFESSIONAL-HAND-HOLDER-620x349.jpg 620w, https:\/\/noramproski.com\/wp-content\/uploads\/2022\/12\/PROFESSIONAL-HAND-HOLDER-300x169.jpg 300w, https:\/\/noramproski.com\/wp-content\/uploads\/2022\/12\/PROFESSIONAL-HAND-HOLDER-768x432.jpg 768w\" sizes=\"(max-width: 800px) 100vw, 800px\" \/><br \/>\nThe professional Hand holder is available for Professional Ski simulator \u2013 it is attached to rotation platform but is moving with person during the workout. Control computer can be attached to professional hand holder. <\/div><\/div>\n<div class=\"su-column su-column-size-1-2 prod-col\"><div class=\"su-column-inner su-u-clearfix su-u-trim\">\n<h3>Plate-forme rotative<strong><br \/>\n<\/strong><\/h3>\n<p><img loading=\"lazy\" decoding=\"async\" class=\"alignnone wp-image-20460 size-full\" src=\"\/wp-content\/uploads\/2022\/12\/ROTATION-PLATFORM-1.jpg\" alt=\"\" width=\"800\" height=\"450\" srcset=\"https:\/\/noramproski.com\/wp-content\/uploads\/2022\/12\/ROTATION-PLATFORM-1.jpg 800w, https:\/\/noramproski.com\/wp-content\/uploads\/2022\/12\/ROTATION-PLATFORM-1-620x349.jpg 620w, https:\/\/noramproski.com\/wp-content\/uploads\/2022\/12\/ROTATION-PLATFORM-1-300x169.jpg 300w, https:\/\/noramproski.com\/wp-content\/uploads\/2022\/12\/ROTATION-PLATFORM-1-768x432.jpg 768w\" sizes=\"(max-width: 800px) 100vw, 800px\" \/><br \/>\n\u00c0 l&#8217;image d&#8217;une vraie piste de ski, la plate-forme rotative sur son cadre en pente est capable d&#8217;imiter parfaitement un virage en carving. Il peut tourner \u00e0 gauche et \u00e0 droite et permet des rotations du corps jusqu&#8217;\u00e0 90\u00b0 pour mieux simuler l&#8217;exp\u00e9rience en piste. Des ouvertures \u00e0 la base du simulateur sont pr\u00e9vues pour y fixer les b\u00e2tons de ski.<\/div><\/div>\n<\/div>\n<div class=\"prod-col\">\n<h3>Poids et dimensions apr\u00e8s assemblage<\/h3>\n<p>&nbsp;<\/p>\n<p><strong>Poids:<\/strong><\/p>\n<ul>\n<li>175 kg (315 lb)<\/li>\n<\/ul>\n<p><strong>Dimensions: <\/strong><\/p>\n<ul>\n<li>Longueur 192 cm\/74,8 po<\/li>\n<li>Largeur 130 cm\/50,7 po<\/li>\n<li>Hauteur 110 cm\/43 po<\/li>\n<\/ul>\n<\/div>\n","protected":false},"excerpt":{"rendered":"<p style=\"color: #2b94db;margin-bottom:20px;\"><strong>Livraison non incluse<\/strong><\/p>\n<ul>\n<li>Plateforme inclin\u00e9e pour reproduire la pente du ski<\/li>\n<li>Module fixe pour entra\u00eenement en espadrilles seulement<\/li>\n<li>2 ajustements de tension: 6 bandes \u00e9lastiques parall\u00e8les pour les mouvements de c\u00f4t\u00e9 \u00e0 c\u00f4t\u00e9 et 3 bandes \u00e9lastiques pour la rotation du haut du corps<\/li>\n<li>B\u00e2tons de ski fix\u00e9s \u00e0 la base pour am\u00e9liorer l\u2019\u00e9quilibre<\/li>\n<li>Deux modes d\u2019entra\u00eenement Slalom et Slalom G\u00e9ant<\/li>\n<\/ul>\n","protected":false},"featured_media":20452,"template":"","meta":[],"product_brand":[],"product_cat":[164],"product_tag":[168,167,66,169,165,194],"class_list":{"0":"post-20451","1":"product","2":"type-product","3":"status-publish","4":"has-post-thumbnail","6":"product_cat-simulateurs","7":"product_tag-cardio","8":"product_tag-entrainement","9":"product_tag-gym","10":"product_tag-musculation","11":"product_tag-simulateurs","12":"product_tag-ski-dentrainement-a-haute-intensite","13":"product_shipping_class-free-shipping","14":"ts_product_brand-pro-ski-simulator","16":"first","17":"instock","18":"taxable","19":"shipping-taxable","20":"purchasable","21":"product-type-simple"},"bundled_by":[],"bundle_stock_status":"instock","bundle_stock_quantity":null,"bundle_virtual":false,"bundle_layout":"","bundle_add_to_cart_form_location":"","bundle_editable_in_cart":false,"bundle_sold_individually_context":"","bundle_item_grouping":"","bundle_min_size":"","bundle_max_size":"","bundle_price":[],"bundled_items":[],"bundle_sell_ids":[],"yoast_head":"<!-- This site is optimized with the Yoast SEO plugin v27.3 - https:\/\/yoast.com\/product\/yoast-seo-wordpress\/ -->\n<title>PROFESSIONAL - Noram ProSki Simulator<\/title>\n<meta name=\"robots\" content=\"noindex, follow\" \/>\n<meta property=\"og:locale\" content=\"fr_CA\" \/>\n<meta property=\"og:type\" content=\"article\" \/>\n<meta property=\"og:title\" content=\"PROFESSIONAL - Noram ProSki Simulator\" \/>\n<meta property=\"og:description\" content=\"Livraison non incluse   Plateforme inclin\u00e9e pour reproduire la pente du ski  Module fixe pour entra\u00eenement en espadrilles seulement  2 ajustements de tension: 6 bandes \u00e9lastiques parall\u00e8les pour les mouvements de c\u00f4t\u00e9 \u00e0 c\u00f4t\u00e9 et 3 bandes \u00e9lastiques pour la rotation du haut du corps  B\u00e2tons de ski fix\u00e9s \u00e0 la base pour am\u00e9liorer l\u2019\u00e9quilibre  Deux modes d\u2019entra\u00eenement Slalom et Slalom G\u00e9ant\" \/>\n<meta property=\"og:url\" content=\"https:\/\/noramproski.com\/fr\/produit\/simulateur-pro-ski-professional\/\" \/>\n<meta property=\"og:site_name\" content=\"Noram ProSki Simulator\" \/>\n<meta property=\"article:modified_time\" content=\"2026-03-17T00:26:35+00:00\" \/>\n<meta property=\"og:image\" content=\"https:\/\/noramproski.com\/wp-content\/uploads\/2022\/12\/Simulateur-PRO-EXTREME.jpg\" \/>\n\t<meta property=\"og:image:width\" content=\"800\" \/>\n\t<meta property=\"og:image:height\" content=\"800\" \/>\n\t<meta property=\"og:image:type\" content=\"image\/jpeg\" \/>\n<meta name=\"twitter:card\" content=\"summary_large_image\" \/>\n<meta name=\"twitter:label1\" content=\"Estimation du temps de lecture\" \/>\n\t<meta name=\"twitter:data1\" content=\"5 minutes\" \/>\n<script type=\"application\/ld+json\" class=\"yoast-schema-graph\">{\"@context\":\"https:\\\/\\\/schema.org\",\"@graph\":[{\"@type\":\"WebPage\",\"@id\":\"https:\\\/\\\/noramproski.com\\\/fr\\\/produit\\\/simulateur-pro-ski-professional\\\/\",\"url\":\"https:\\\/\\\/noramproski.com\\\/fr\\\/produit\\\/simulateur-pro-ski-professional\\\/\",\"name\":\"PROFESSIONAL - Noram ProSki Simulator\",\"isPartOf\":{\"@id\":\"https:\\\/\\\/noramproski.com\\\/fr\\\/#website\"},\"primaryImageOfPage\":{\"@id\":\"https:\\\/\\\/noramproski.com\\\/fr\\\/produit\\\/simulateur-pro-ski-professional\\\/#primaryimage\"},\"image\":{\"@id\":\"https:\\\/\\\/noramproski.com\\\/fr\\\/produit\\\/simulateur-pro-ski-professional\\\/#primaryimage\"},\"thumbnailUrl\":\"https:\\\/\\\/noramproski.com\\\/wp-content\\\/uploads\\\/2022\\\/12\\\/Simulateur-PRO-EXTREME.jpg\",\"datePublished\":\"2022-12-14T03:57:19+00:00\",\"dateModified\":\"2026-03-17T00:26:35+00:00\",\"breadcrumb\":{\"@id\":\"https:\\\/\\\/noramproski.com\\\/fr\\\/produit\\\/simulateur-pro-ski-professional\\\/#breadcrumb\"},\"inLanguage\":\"fr-CA\",\"potentialAction\":[{\"@type\":\"ReadAction\",\"target\":[\"https:\\\/\\\/noramproski.com\\\/fr\\\/produit\\\/simulateur-pro-ski-professional\\\/\"]}]},{\"@type\":\"ImageObject\",\"inLanguage\":\"fr-CA\",\"@id\":\"https:\\\/\\\/noramproski.com\\\/fr\\\/produit\\\/simulateur-pro-ski-professional\\\/#primaryimage\",\"url\":\"https:\\\/\\\/noramproski.com\\\/wp-content\\\/uploads\\\/2022\\\/12\\\/Simulateur-PRO-EXTREME.jpg\",\"contentUrl\":\"https:\\\/\\\/noramproski.com\\\/wp-content\\\/uploads\\\/2022\\\/12\\\/Simulateur-PRO-EXTREME.jpg\",\"width\":800,\"height\":800,\"caption\":\"Simulateur-PRO-EXTREME\"},{\"@type\":\"BreadcrumbList\",\"@id\":\"https:\\\/\\\/noramproski.com\\\/fr\\\/produit\\\/simulateur-pro-ski-professional\\\/#breadcrumb\",\"itemListElement\":[{\"@type\":\"ListItem\",\"position\":1,\"name\":\"Accueil\",\"item\":\"https:\\\/\\\/noramproski.com\\\/fr\\\/\"},{\"@type\":\"ListItem\",\"position\":2,\"name\":\"Boutique\",\"item\":\"https:\\\/\\\/noramproski.com\\\/boutique\\\/\"},{\"@type\":\"ListItem\",\"position\":3,\"name\":\"PROFESSIONAL\"}]},{\"@type\":\"WebSite\",\"@id\":\"https:\\\/\\\/noramproski.com\\\/fr\\\/#website\",\"url\":\"https:\\\/\\\/noramproski.com\\\/fr\\\/\",\"name\":\"Noram ProSki Simulator - Professional Ski Training - L\u2019entra\u00eenement de ski hors neige\",\"description\":\"Noram ProSki Simulator\",\"potentialAction\":[{\"@type\":\"SearchAction\",\"target\":{\"@type\":\"EntryPoint\",\"urlTemplate\":\"https:\\\/\\\/noramproski.com\\\/fr\\\/?s={search_term_string}\"},\"query-input\":{\"@type\":\"PropertyValueSpecification\",\"valueRequired\":true,\"valueName\":\"search_term_string\"}}],\"inLanguage\":\"fr-CA\"}]}<\/script>\n<!-- \/ Yoast SEO plugin. -->","yoast_head_json":{"title":"PROFESSIONAL - Noram ProSki Simulator","robots":{"index":"noindex","follow":"follow"},"og_locale":"fr_CA","og_type":"article","og_title":"PROFESSIONAL - Noram ProSki Simulator","og_description":"Livraison non incluse   Plateforme inclin\u00e9e pour reproduire la pente du ski  Module fixe pour entra\u00eenement en espadrilles seulement  2 ajustements de tension: 6 bandes \u00e9lastiques parall\u00e8les pour les mouvements de c\u00f4t\u00e9 \u00e0 c\u00f4t\u00e9 et 3 bandes \u00e9lastiques pour la rotation du haut du corps  B\u00e2tons de ski fix\u00e9s \u00e0 la base pour am\u00e9liorer l\u2019\u00e9quilibre  Deux modes d\u2019entra\u00eenement Slalom et Slalom G\u00e9ant","og_url":"https:\/\/noramproski.com\/fr\/produit\/simulateur-pro-ski-professional\/","og_site_name":"Noram ProSki Simulator","article_modified_time":"2026-03-17T00:26:35+00:00","og_image":[{"width":800,"height":800,"url":"https:\/\/noramproski.com\/wp-content\/uploads\/2022\/12\/Simulateur-PRO-EXTREME.jpg","type":"image\/jpeg"}],"twitter_card":"summary_large_image","twitter_misc":{"Estimation du temps de lecture":"5 minutes"},"schema":{"@context":"https:\/\/schema.org","@graph":[{"@type":"WebPage","@id":"https:\/\/noramproski.com\/fr\/produit\/simulateur-pro-ski-professional\/","url":"https:\/\/noramproski.com\/fr\/produit\/simulateur-pro-ski-professional\/","name":"PROFESSIONAL - Noram ProSki Simulator","isPartOf":{"@id":"https:\/\/noramproski.com\/fr\/#website"},"primaryImageOfPage":{"@id":"https:\/\/noramproski.com\/fr\/produit\/simulateur-pro-ski-professional\/#primaryimage"},"image":{"@id":"https:\/\/noramproski.com\/fr\/produit\/simulateur-pro-ski-professional\/#primaryimage"},"thumbnailUrl":"https:\/\/noramproski.com\/wp-content\/uploads\/2022\/12\/Simulateur-PRO-EXTREME.jpg","datePublished":"2022-12-14T03:57:19+00:00","dateModified":"2026-03-17T00:26:35+00:00","breadcrumb":{"@id":"https:\/\/noramproski.com\/fr\/produit\/simulateur-pro-ski-professional\/#breadcrumb"},"inLanguage":"fr-CA","potentialAction":[{"@type":"ReadAction","target":["https:\/\/noramproski.com\/fr\/produit\/simulateur-pro-ski-professional\/"]}]},{"@type":"ImageObject","inLanguage":"fr-CA","@id":"https:\/\/noramproski.com\/fr\/produit\/simulateur-pro-ski-professional\/#primaryimage","url":"https:\/\/noramproski.com\/wp-content\/uploads\/2022\/12\/Simulateur-PRO-EXTREME.jpg","contentUrl":"https:\/\/noramproski.com\/wp-content\/uploads\/2022\/12\/Simulateur-PRO-EXTREME.jpg","width":800,"height":800,"caption":"Simulateur-PRO-EXTREME"},{"@type":"BreadcrumbList","@id":"https:\/\/noramproski.com\/fr\/produit\/simulateur-pro-ski-professional\/#breadcrumb","itemListElement":[{"@type":"ListItem","position":1,"name":"Accueil","item":"https:\/\/noramproski.com\/fr\/"},{"@type":"ListItem","position":2,"name":"Boutique","item":"https:\/\/noramproski.com\/boutique\/"},{"@type":"ListItem","position":3,"name":"PROFESSIONAL"}]},{"@type":"WebSite","@id":"https:\/\/noramproski.com\/fr\/#website","url":"https:\/\/noramproski.com\/fr\/","name":"Noram ProSki Simulator - Professional Ski Training - L\u2019entra\u00eenement de ski hors neige","description":"Noram ProSki Simulator","potentialAction":[{"@type":"SearchAction","target":{"@type":"EntryPoint","urlTemplate":"https:\/\/noramproski.com\/fr\/?s={search_term_string}"},"query-input":{"@type":"PropertyValueSpecification","valueRequired":true,"valueName":"search_term_string"}}],"inLanguage":"fr-CA"}]}},"_links":{"self":[{"href":"https:\/\/noramproski.com\/fr\/wp-json\/wp\/v2\/product\/20451","targetHints":{"allow":["GET"]}}],"collection":[{"href":"https:\/\/noramproski.com\/fr\/wp-json\/wp\/v2\/product"}],"about":[{"href":"https:\/\/noramproski.com\/fr\/wp-json\/wp\/v2\/types\/product"}],"wp:featuredmedia":[{"embeddable":true,"href":"https:\/\/noramproski.com\/fr\/wp-json\/wp\/v2\/media\/20452"}],"wp:attachment":[{"href":"https:\/\/noramproski.com\/fr\/wp-json\/wp\/v2\/media?parent=20451"}],"wp:term":[{"taxonomy":"product_brand","embeddable":true,"href":"https:\/\/noramproski.com\/fr\/wp-json\/wp\/v2\/product_brand?post=20451"},{"taxonomy":"product_cat","embeddable":true,"href":"https:\/\/noramproski.com\/fr\/wp-json\/wp\/v2\/product_cat?post=20451"},{"taxonomy":"product_tag","embeddable":true,"href":"https:\/\/noramproski.com\/fr\/wp-json\/wp\/v2\/product_tag?post=20451"}],"curies":[{"name":"wp","href":"https:\/\/api.w.org\/{rel}","templated":true}]}}