{"id":20519,"date":"2022-12-19T22:14:58","date_gmt":"2022-12-20T03:14:58","guid":{"rendered":"https:\/\/dev.proski.ca\/?post_type=product&#038;p=20519"},"modified":"2025-12-01T12:01:11","modified_gmt":"2025-12-01T17:01:11","slug":"module-specialise-pour-bottes-de-ski","status":"publish","type":"product","link":"https:\/\/noramproski.com\/fr\/produit\/module-specialise-pour-bottes-de-ski\/","title":{"rendered":"Module sp\u00e9cialis\u00e9 pour bottes de ski"},"content":{"rendered":"<p>Module sp\u00e9cialis\u00e9 pour bottes de ski \u00e0 l&#8217;intention des skieurs de d\u00e9butants \u00e0 avanc\u00e9s. Id\u00e9al pour cibler encore plus la m\u00e9moire musculaire en piste.<\/p>\n","protected":false},"excerpt":{"rendered":"<p>Avec fixation Marker Fastrack III<\/p>\n","protected":false},"featured_media":20515,"template":"","meta":[],"product_brand":[],"product_cat":[175],"product_tag":[],"class_list":{"0":"post-20519","1":"product","2":"type-product","3":"status-publish","4":"has-post-thumbnail","6":"product_cat-accessoires","7":"product_shipping_class-invoice-later","8":"ts_product_brand-pro-ski-simulator","10":"first","11":"instock","12":"taxable","13":"shipping-taxable","14":"purchasable","15":"product-type-simple"},"bundled_by":["21944","22205"],"bundle_stock_status":"instock","bundle_stock_quantity":null,"bundle_virtual":false,"bundle_layout":"","bundle_add_to_cart_form_location":"","bundle_editable_in_cart":false,"bundle_sold_individually_context":"","bundle_item_grouping":"","bundle_min_size":"","bundle_max_size":"","bundle_price":[],"bundled_items":[],"bundle_sell_ids":[],"yoast_head":"<!-- This site is optimized with the Yoast SEO plugin v27.3 - https:\/\/yoast.com\/product\/yoast-seo-wordpress\/ -->\n<title>Module sp\u00e9cialis\u00e9 pour bottes de ski - Noram ProSki Simulator<\/title>\n<meta name=\"robots\" content=\"noindex, follow\" \/>\n<meta property=\"og:locale\" content=\"fr_CA\" \/>\n<meta property=\"og:type\" content=\"article\" \/>\n<meta property=\"og:title\" content=\"Module sp\u00e9cialis\u00e9 pour bottes de ski - Noram ProSki Simulator\" \/>\n<meta property=\"og:description\" content=\"Avec fixation Marker Fastrack III\" \/>\n<meta property=\"og:url\" content=\"https:\/\/noramproski.com\/fr\/produit\/module-specialise-pour-bottes-de-ski\/\" \/>\n<meta property=\"og:site_name\" content=\"Noram ProSki Simulator\" \/>\n<meta property=\"article:modified_time\" content=\"2025-12-01T17:01:11+00:00\" \/>\n<meta property=\"og:image\" content=\"https:\/\/noramproski.com\/wp-content\/uploads\/2022\/12\/fixation-bottes.jpg\" \/>\n\t<meta property=\"og:image:width\" content=\"800\" \/>\n\t<meta property=\"og:image:height\" content=\"800\" \/>\n\t<meta property=\"og:image:type\" content=\"image\/jpeg\" \/>\n<meta name=\"twitter:card\" content=\"summary_large_image\" \/>\n<meta name=\"twitter:label1\" content=\"Estimation du temps de lecture\" \/>\n\t<meta name=\"twitter:data1\" content=\"1 minute\" \/>\n<script type=\"application\/ld+json\" class=\"yoast-schema-graph\">{\"@context\":\"https:\\\/\\\/schema.org\",\"@graph\":[{\"@type\":\"WebPage\",\"@id\":\"https:\\\/\\\/noramproski.com\\\/fr\\\/produit\\\/module-specialise-pour-bottes-de-ski\\\/\",\"url\":\"https:\\\/\\\/noramproski.com\\\/fr\\\/produit\\\/module-specialise-pour-bottes-de-ski\\\/\",\"name\":\"Module sp\u00e9cialis\u00e9 pour bottes de ski - Noram ProSki Simulator\",\"isPartOf\":{\"@id\":\"https:\\\/\\\/noramproski.com\\\/fr\\\/#website\"},\"primaryImageOfPage\":{\"@id\":\"https:\\\/\\\/noramproski.com\\\/fr\\\/produit\\\/module-specialise-pour-bottes-de-ski\\\/#primaryimage\"},\"image\":{\"@id\":\"https:\\\/\\\/noramproski.com\\\/fr\\\/produit\\\/module-specialise-pour-bottes-de-ski\\\/#primaryimage\"},\"thumbnailUrl\":\"https:\\\/\\\/noramproski.com\\\/wp-content\\\/uploads\\\/2022\\\/12\\\/fixation-bottes.jpg\",\"datePublished\":\"2022-12-20T03:14:58+00:00\",\"dateModified\":\"2025-12-01T17:01:11+00:00\",\"breadcrumb\":{\"@id\":\"https:\\\/\\\/noramproski.com\\\/fr\\\/produit\\\/module-specialise-pour-bottes-de-ski\\\/#breadcrumb\"},\"inLanguage\":\"fr-CA\",\"potentialAction\":[{\"@type\":\"ReadAction\",\"target\":[\"https:\\\/\\\/noramproski.com\\\/fr\\\/produit\\\/module-specialise-pour-bottes-de-ski\\\/\"]}]},{\"@type\":\"ImageObject\",\"inLanguage\":\"fr-CA\",\"@id\":\"https:\\\/\\\/noramproski.com\\\/fr\\\/produit\\\/module-specialise-pour-bottes-de-ski\\\/#primaryimage\",\"url\":\"https:\\\/\\\/noramproski.com\\\/wp-content\\\/uploads\\\/2022\\\/12\\\/fixation-bottes.jpg\",\"contentUrl\":\"https:\\\/\\\/noramproski.com\\\/wp-content\\\/uploads\\\/2022\\\/12\\\/fixation-bottes.jpg\",\"width\":800,\"height\":800},{\"@type\":\"BreadcrumbList\",\"@id\":\"https:\\\/\\\/noramproski.com\\\/fr\\\/produit\\\/module-specialise-pour-bottes-de-ski\\\/#breadcrumb\",\"itemListElement\":[{\"@type\":\"ListItem\",\"position\":1,\"name\":\"Accueil\",\"item\":\"https:\\\/\\\/noramproski.com\\\/fr\\\/\"},{\"@type\":\"ListItem\",\"position\":2,\"name\":\"Boutique\",\"item\":\"https:\\\/\\\/noramproski.com\\\/boutique\\\/\"},{\"@type\":\"ListItem\",\"position\":3,\"name\":\"Module sp\u00e9cialis\u00e9 pour bottes de ski\"}]},{\"@type\":\"WebSite\",\"@id\":\"https:\\\/\\\/noramproski.com\\\/fr\\\/#website\",\"url\":\"https:\\\/\\\/noramproski.com\\\/fr\\\/\",\"name\":\"Noram ProSki Simulator - Professional Ski Training - L\u2019entra\u00eenement de ski hors neige\",\"description\":\"Noram ProSki Simulator\",\"potentialAction\":[{\"@type\":\"SearchAction\",\"target\":{\"@type\":\"EntryPoint\",\"urlTemplate\":\"https:\\\/\\\/noramproski.com\\\/fr\\\/?s={search_term_string}\"},\"query-input\":{\"@type\":\"PropertyValueSpecification\",\"valueRequired\":true,\"valueName\":\"search_term_string\"}}],\"inLanguage\":\"fr-CA\"}]}<\/script>\n<!-- \/ Yoast SEO plugin. -->","yoast_head_json":{"title":"Module sp\u00e9cialis\u00e9 pour bottes de ski - Noram ProSki Simulator","robots":{"index":"noindex","follow":"follow"},"og_locale":"fr_CA","og_type":"article","og_title":"Module sp\u00e9cialis\u00e9 pour bottes de ski - Noram ProSki Simulator","og_description":"Avec fixation Marker Fastrack III","og_url":"https:\/\/noramproski.com\/fr\/produit\/module-specialise-pour-bottes-de-ski\/","og_site_name":"Noram ProSki Simulator","article_modified_time":"2025-12-01T17:01:11+00:00","og_image":[{"width":800,"height":800,"url":"https:\/\/noramproski.com\/wp-content\/uploads\/2022\/12\/fixation-bottes.jpg","type":"image\/jpeg"}],"twitter_card":"summary_large_image","twitter_misc":{"Estimation du temps de lecture":"1 minute"},"schema":{"@context":"https:\/\/schema.org","@graph":[{"@type":"WebPage","@id":"https:\/\/noramproski.com\/fr\/produit\/module-specialise-pour-bottes-de-ski\/","url":"https:\/\/noramproski.com\/fr\/produit\/module-specialise-pour-bottes-de-ski\/","name":"Module sp\u00e9cialis\u00e9 pour bottes de ski - Noram ProSki Simulator","isPartOf":{"@id":"https:\/\/noramproski.com\/fr\/#website"},"primaryImageOfPage":{"@id":"https:\/\/noramproski.com\/fr\/produit\/module-specialise-pour-bottes-de-ski\/#primaryimage"},"image":{"@id":"https:\/\/noramproski.com\/fr\/produit\/module-specialise-pour-bottes-de-ski\/#primaryimage"},"thumbnailUrl":"https:\/\/noramproski.com\/wp-content\/uploads\/2022\/12\/fixation-bottes.jpg","datePublished":"2022-12-20T03:14:58+00:00","dateModified":"2025-12-01T17:01:11+00:00","breadcrumb":{"@id":"https:\/\/noramproski.com\/fr\/produit\/module-specialise-pour-bottes-de-ski\/#breadcrumb"},"inLanguage":"fr-CA","potentialAction":[{"@type":"ReadAction","target":["https:\/\/noramproski.com\/fr\/produit\/module-specialise-pour-bottes-de-ski\/"]}]},{"@type":"ImageObject","inLanguage":"fr-CA","@id":"https:\/\/noramproski.com\/fr\/produit\/module-specialise-pour-bottes-de-ski\/#primaryimage","url":"https:\/\/noramproski.com\/wp-content\/uploads\/2022\/12\/fixation-bottes.jpg","contentUrl":"https:\/\/noramproski.com\/wp-content\/uploads\/2022\/12\/fixation-bottes.jpg","width":800,"height":800},{"@type":"BreadcrumbList","@id":"https:\/\/noramproski.com\/fr\/produit\/module-specialise-pour-bottes-de-ski\/#breadcrumb","itemListElement":[{"@type":"ListItem","position":1,"name":"Accueil","item":"https:\/\/noramproski.com\/fr\/"},{"@type":"ListItem","position":2,"name":"Boutique","item":"https:\/\/noramproski.com\/boutique\/"},{"@type":"ListItem","position":3,"name":"Module sp\u00e9cialis\u00e9 pour bottes de ski"}]},{"@type":"WebSite","@id":"https:\/\/noramproski.com\/fr\/#website","url":"https:\/\/noramproski.com\/fr\/","name":"Noram ProSki Simulator - Professional Ski Training - L\u2019entra\u00eenement de ski hors neige","description":"Noram ProSki Simulator","potentialAction":[{"@type":"SearchAction","target":{"@type":"EntryPoint","urlTemplate":"https:\/\/noramproski.com\/fr\/?s={search_term_string}"},"query-input":{"@type":"PropertyValueSpecification","valueRequired":true,"valueName":"search_term_string"}}],"inLanguage":"fr-CA"}]}},"_links":{"self":[{"href":"https:\/\/noramproski.com\/fr\/wp-json\/wp\/v2\/product\/20519","targetHints":{"allow":["GET"]}}],"collection":[{"href":"https:\/\/noramproski.com\/fr\/wp-json\/wp\/v2\/product"}],"about":[{"href":"https:\/\/noramproski.com\/fr\/wp-json\/wp\/v2\/types\/product"}],"wp:featuredmedia":[{"embeddable":true,"href":"https:\/\/noramproski.com\/fr\/wp-json\/wp\/v2\/media\/20515"}],"wp:attachment":[{"href":"https:\/\/noramproski.com\/fr\/wp-json\/wp\/v2\/media?parent=20519"}],"wp:term":[{"taxonomy":"product_brand","embeddable":true,"href":"https:\/\/noramproski.com\/fr\/wp-json\/wp\/v2\/product_brand?post=20519"},{"taxonomy":"product_cat","embeddable":true,"href":"https:\/\/noramproski.com\/fr\/wp-json\/wp\/v2\/product_cat?post=20519"},{"taxonomy":"product_tag","embeddable":true,"href":"https:\/\/noramproski.com\/fr\/wp-json\/wp\/v2\/product_tag?post=20519"}],"curies":[{"name":"wp","href":"https:\/\/api.w.org\/{rel}","templated":true}]}}