{"id":20534,"date":"2022-12-19T22:39:16","date_gmt":"2022-12-20T03:39:16","guid":{"rendered":"https:\/\/dev.proski.ca\/?post_type=product&#038;p=20534"},"modified":"2025-12-01T11:58:54","modified_gmt":"2025-12-01T16:58:54","slug":"batons-dentrainement-a-mains-libres-pro-ski","status":"publish","type":"product","link":"https:\/\/noramproski.com\/fr\/produit\/batons-dentrainement-a-mains-libres-pro-ski\/","title":{"rendered":"B\u00e2tons d\u2019entra\u00eenement \u00e0 mains libres t\u00e9lescopiques"},"content":{"rendered":"","protected":false},"excerpt":{"rendered":"<ul>\n<li>Convient \u00e0 tous les simulateurs sauf PROFESSIONAL<\/li>\n<li>Essentiels pour mieux simuler la position de ski<\/li>\n<li>Longueur ajustable<\/li>\n<li>Avec extr\u00e9mit\u00e9s en caoutchouc pour prot\u00e9ger le plancher<\/li>\n<\/ul>\n","protected":false},"featured_media":20535,"template":"","meta":[],"product_brand":[],"product_cat":[175],"product_tag":[],"class_list":{"0":"post-20534","1":"product","2":"type-product","3":"status-publish","4":"has-post-thumbnail","6":"product_cat-accessoires","7":"product_shipping_class-invoice-later","8":"ts_product_brand-pro-ski-simulator","10":"first","11":"instock","12":"taxable","13":"shipping-taxable","14":"purchasable","15":"product-type-simple"},"bundled_by":[],"bundle_stock_status":"instock","bundle_stock_quantity":null,"bundle_virtual":false,"bundle_layout":"","bundle_add_to_cart_form_location":"","bundle_editable_in_cart":false,"bundle_sold_individually_context":"","bundle_item_grouping":"","bundle_min_size":"","bundle_max_size":"","bundle_price":[],"bundled_items":[],"bundle_sell_ids":[],"yoast_head":"<!-- This site is optimized with the Yoast SEO plugin v27.3 - https:\/\/yoast.com\/product\/yoast-seo-wordpress\/ -->\n<title>B\u00e2tons d\u2019entra\u00eenement \u00e0 mains libres t\u00e9lescopiques - Noram ProSki Simulator<\/title>\n<meta name=\"robots\" content=\"noindex, follow\" \/>\n<meta property=\"og:locale\" content=\"fr_CA\" \/>\n<meta property=\"og:type\" content=\"article\" \/>\n<meta property=\"og:title\" content=\"B\u00e2tons d\u2019entra\u00eenement \u00e0 mains libres t\u00e9lescopiques - Noram ProSki Simulator\" \/>\n<meta property=\"og:description\" content=\"Convient \u00e0 tous les simulateurs sauf PROFESSIONAL  Essentiels pour mieux simuler la position de ski  Longueur ajustable  Avec extr\u00e9mit\u00e9s en caoutchouc pour prot\u00e9ger le plancher\" \/>\n<meta property=\"og:url\" content=\"https:\/\/noramproski.com\/fr\/produit\/batons-dentrainement-a-mains-libres-pro-ski\/\" \/>\n<meta property=\"og:site_name\" content=\"Noram ProSki Simulator\" \/>\n<meta property=\"article:modified_time\" content=\"2025-12-01T16:58:54+00:00\" \/>\n<meta property=\"og:image\" content=\"https:\/\/noramproski.com\/wp-content\/uploads\/2022\/12\/batons.jpg\" \/>\n\t<meta property=\"og:image:width\" content=\"800\" \/>\n\t<meta property=\"og:image:height\" content=\"800\" \/>\n\t<meta property=\"og:image:type\" content=\"image\/jpeg\" \/>\n<meta name=\"twitter:card\" content=\"summary_large_image\" \/>\n<script type=\"application\/ld+json\" class=\"yoast-schema-graph\">{\"@context\":\"https:\\\/\\\/schema.org\",\"@graph\":[{\"@type\":\"WebPage\",\"@id\":\"https:\\\/\\\/noramproski.com\\\/fr\\\/produit\\\/batons-dentrainement-a-mains-libres-pro-ski\\\/\",\"url\":\"https:\\\/\\\/noramproski.com\\\/fr\\\/produit\\\/batons-dentrainement-a-mains-libres-pro-ski\\\/\",\"name\":\"B\u00e2tons d\u2019entra\u00eenement \u00e0 mains libres t\u00e9lescopiques - Noram ProSki Simulator\",\"isPartOf\":{\"@id\":\"https:\\\/\\\/noramproski.com\\\/fr\\\/#website\"},\"primaryImageOfPage\":{\"@id\":\"https:\\\/\\\/noramproski.com\\\/fr\\\/produit\\\/batons-dentrainement-a-mains-libres-pro-ski\\\/#primaryimage\"},\"image\":{\"@id\":\"https:\\\/\\\/noramproski.com\\\/fr\\\/produit\\\/batons-dentrainement-a-mains-libres-pro-ski\\\/#primaryimage\"},\"thumbnailUrl\":\"https:\\\/\\\/noramproski.com\\\/wp-content\\\/uploads\\\/2022\\\/12\\\/batons.jpg\",\"datePublished\":\"2022-12-20T03:39:16+00:00\",\"dateModified\":\"2025-12-01T16:58:54+00:00\",\"breadcrumb\":{\"@id\":\"https:\\\/\\\/noramproski.com\\\/fr\\\/produit\\\/batons-dentrainement-a-mains-libres-pro-ski\\\/#breadcrumb\"},\"inLanguage\":\"fr-CA\",\"potentialAction\":[{\"@type\":\"ReadAction\",\"target\":[\"https:\\\/\\\/noramproski.com\\\/fr\\\/produit\\\/batons-dentrainement-a-mains-libres-pro-ski\\\/\"]}]},{\"@type\":\"ImageObject\",\"inLanguage\":\"fr-CA\",\"@id\":\"https:\\\/\\\/noramproski.com\\\/fr\\\/produit\\\/batons-dentrainement-a-mains-libres-pro-ski\\\/#primaryimage\",\"url\":\"https:\\\/\\\/noramproski.com\\\/wp-content\\\/uploads\\\/2022\\\/12\\\/batons.jpg\",\"contentUrl\":\"https:\\\/\\\/noramproski.com\\\/wp-content\\\/uploads\\\/2022\\\/12\\\/batons.jpg\",\"width\":800,\"height\":800},{\"@type\":\"BreadcrumbList\",\"@id\":\"https:\\\/\\\/noramproski.com\\\/fr\\\/produit\\\/batons-dentrainement-a-mains-libres-pro-ski\\\/#breadcrumb\",\"itemListElement\":[{\"@type\":\"ListItem\",\"position\":1,\"name\":\"Accueil\",\"item\":\"https:\\\/\\\/noramproski.com\\\/fr\\\/\"},{\"@type\":\"ListItem\",\"position\":2,\"name\":\"Boutique\",\"item\":\"https:\\\/\\\/noramproski.com\\\/boutique\\\/\"},{\"@type\":\"ListItem\",\"position\":3,\"name\":\"B\u00e2tons d\u2019entra\u00eenement \u00e0 mains libres t\u00e9lescopiques\"}]},{\"@type\":\"WebSite\",\"@id\":\"https:\\\/\\\/noramproski.com\\\/fr\\\/#website\",\"url\":\"https:\\\/\\\/noramproski.com\\\/fr\\\/\",\"name\":\"Noram ProSki Simulator - Professional Ski Training - L\u2019entra\u00eenement de ski hors neige\",\"description\":\"Noram ProSki Simulator\",\"potentialAction\":[{\"@type\":\"SearchAction\",\"target\":{\"@type\":\"EntryPoint\",\"urlTemplate\":\"https:\\\/\\\/noramproski.com\\\/fr\\\/?s={search_term_string}\"},\"query-input\":{\"@type\":\"PropertyValueSpecification\",\"valueRequired\":true,\"valueName\":\"search_term_string\"}}],\"inLanguage\":\"fr-CA\"}]}<\/script>\n<!-- \/ Yoast SEO plugin. -->","yoast_head_json":{"title":"B\u00e2tons d\u2019entra\u00eenement \u00e0 mains libres t\u00e9lescopiques - Noram ProSki Simulator","robots":{"index":"noindex","follow":"follow"},"og_locale":"fr_CA","og_type":"article","og_title":"B\u00e2tons d\u2019entra\u00eenement \u00e0 mains libres t\u00e9lescopiques - Noram ProSki Simulator","og_description":"Convient \u00e0 tous les simulateurs sauf PROFESSIONAL  Essentiels pour mieux simuler la position de ski  Longueur ajustable  Avec extr\u00e9mit\u00e9s en caoutchouc pour prot\u00e9ger le plancher","og_url":"https:\/\/noramproski.com\/fr\/produit\/batons-dentrainement-a-mains-libres-pro-ski\/","og_site_name":"Noram ProSki Simulator","article_modified_time":"2025-12-01T16:58:54+00:00","og_image":[{"width":800,"height":800,"url":"https:\/\/noramproski.com\/wp-content\/uploads\/2022\/12\/batons.jpg","type":"image\/jpeg"}],"twitter_card":"summary_large_image","schema":{"@context":"https:\/\/schema.org","@graph":[{"@type":"WebPage","@id":"https:\/\/noramproski.com\/fr\/produit\/batons-dentrainement-a-mains-libres-pro-ski\/","url":"https:\/\/noramproski.com\/fr\/produit\/batons-dentrainement-a-mains-libres-pro-ski\/","name":"B\u00e2tons d\u2019entra\u00eenement \u00e0 mains libres t\u00e9lescopiques - Noram ProSki Simulator","isPartOf":{"@id":"https:\/\/noramproski.com\/fr\/#website"},"primaryImageOfPage":{"@id":"https:\/\/noramproski.com\/fr\/produit\/batons-dentrainement-a-mains-libres-pro-ski\/#primaryimage"},"image":{"@id":"https:\/\/noramproski.com\/fr\/produit\/batons-dentrainement-a-mains-libres-pro-ski\/#primaryimage"},"thumbnailUrl":"https:\/\/noramproski.com\/wp-content\/uploads\/2022\/12\/batons.jpg","datePublished":"2022-12-20T03:39:16+00:00","dateModified":"2025-12-01T16:58:54+00:00","breadcrumb":{"@id":"https:\/\/noramproski.com\/fr\/produit\/batons-dentrainement-a-mains-libres-pro-ski\/#breadcrumb"},"inLanguage":"fr-CA","potentialAction":[{"@type":"ReadAction","target":["https:\/\/noramproski.com\/fr\/produit\/batons-dentrainement-a-mains-libres-pro-ski\/"]}]},{"@type":"ImageObject","inLanguage":"fr-CA","@id":"https:\/\/noramproski.com\/fr\/produit\/batons-dentrainement-a-mains-libres-pro-ski\/#primaryimage","url":"https:\/\/noramproski.com\/wp-content\/uploads\/2022\/12\/batons.jpg","contentUrl":"https:\/\/noramproski.com\/wp-content\/uploads\/2022\/12\/batons.jpg","width":800,"height":800},{"@type":"BreadcrumbList","@id":"https:\/\/noramproski.com\/fr\/produit\/batons-dentrainement-a-mains-libres-pro-ski\/#breadcrumb","itemListElement":[{"@type":"ListItem","position":1,"name":"Accueil","item":"https:\/\/noramproski.com\/fr\/"},{"@type":"ListItem","position":2,"name":"Boutique","item":"https:\/\/noramproski.com\/boutique\/"},{"@type":"ListItem","position":3,"name":"B\u00e2tons d\u2019entra\u00eenement \u00e0 mains libres t\u00e9lescopiques"}]},{"@type":"WebSite","@id":"https:\/\/noramproski.com\/fr\/#website","url":"https:\/\/noramproski.com\/fr\/","name":"Noram ProSki Simulator - Professional Ski Training - L\u2019entra\u00eenement de ski hors neige","description":"Noram ProSki Simulator","potentialAction":[{"@type":"SearchAction","target":{"@type":"EntryPoint","urlTemplate":"https:\/\/noramproski.com\/fr\/?s={search_term_string}"},"query-input":{"@type":"PropertyValueSpecification","valueRequired":true,"valueName":"search_term_string"}}],"inLanguage":"fr-CA"}]}},"_links":{"self":[{"href":"https:\/\/noramproski.com\/fr\/wp-json\/wp\/v2\/product\/20534","targetHints":{"allow":["GET"]}}],"collection":[{"href":"https:\/\/noramproski.com\/fr\/wp-json\/wp\/v2\/product"}],"about":[{"href":"https:\/\/noramproski.com\/fr\/wp-json\/wp\/v2\/types\/product"}],"wp:featuredmedia":[{"embeddable":true,"href":"https:\/\/noramproski.com\/fr\/wp-json\/wp\/v2\/media\/20535"}],"wp:attachment":[{"href":"https:\/\/noramproski.com\/fr\/wp-json\/wp\/v2\/media?parent=20534"}],"wp:term":[{"taxonomy":"product_brand","embeddable":true,"href":"https:\/\/noramproski.com\/fr\/wp-json\/wp\/v2\/product_brand?post=20534"},{"taxonomy":"product_cat","embeddable":true,"href":"https:\/\/noramproski.com\/fr\/wp-json\/wp\/v2\/product_cat?post=20534"},{"taxonomy":"product_tag","embeddable":true,"href":"https:\/\/noramproski.com\/fr\/wp-json\/wp\/v2\/product_tag?post=20534"}],"curies":[{"name":"wp","href":"https:\/\/api.w.org\/{rel}","templated":true}]}}