{"id":21932,"date":"2025-06-09T13:17:18","date_gmt":"2025-06-09T17:17:18","guid":{"rendered":"https:\/\/dev.proski.ca\/?post_type=product&#038;p=21932"},"modified":"2026-03-16T20:26:10","modified_gmt":"2026-03-17T00:26:10","slug":"power-xl-snowboard","status":"publish","type":"product","link":"https:\/\/noramproski.com\/fr\/produit\/power-xl-snowboard\/","title":{"rendered":"POWER XL SNOWBOARD"},"content":{"rendered":"<h3>\u00c9levez votre technique de ski et votre performance multisports \u00e0 un niveau sup\u00e9rieur!<\/h3>\n<div class=\"su-row\">\n<div class=\"su-column su-column-size-1-2\"><div class=\"su-column-inner su-u-clearfix su-u-trim\">Le simulateur POWER XL est l&#8217;appareil d\u2019entra\u00eenement le plus professionnel de sa cat\u00e9gorie et s&#8217;adresse aux skieurs d&#8217;avanc\u00e9s \u00e0 \u00e9lite. Il imite les virages en carving et les techniques de virage en Slalom et Slalom g\u00e9ant. Muni d&#8217;un chariot mobile dot\u00e9 de <strong>fixations Marker Fastrak III<\/strong>, il est con\u00e7u exclusivement pour l&#8217;entra\u00eenement avec bottes de ski. Son design compact est pens\u00e9 pour l&#8217;espace gym \u00e0 la maison ou en entreprise. Id\u00e9al pour acc\u00e9l\u00e9rer la puissance et d\u00e9velopper un rythme de mouvement instinctif en piste.<\/div><\/div><div class=\"su-column su-column-size-1-2\"><div class=\"su-column-inner su-u-clearfix su-u-trim\">\n<div style=\"width: 640px;\" class=\"wp-video\"><!--[if lt IE 9]><script>document.createElement('video');<\/script><![endif]-->\n<video class=\"wp-video-shortcode\" id=\"video-21932-1\" width=\"640\" height=\"360\" preload=\"metadata\" controls=\"controls\"><source type=\"video\/mp4\" src=\"\/wp-content\/uploads\/2023\/01\/video2-compressed.mp4?_=1\" \/><a href=\"\/wp-content\/uploads\/2023\/01\/video2-compressed.mp4\">\/wp-content\/uploads\/2023\/01\/video2-compressed.mp4<\/a><\/video><\/div>\n<\/div><\/div><\/div>\n<h3>Avec 8 niveaux de r\u00e9sistance\/intensit\u00e9 faciles \u00e0 ajuster, POWER XL est parfait pour:<\/h3>\n<ul>\n<li>Travailler le cardio et la puissance requis d&#8217;un athl\u00e8te de haut niveau<\/li>\n<li>Simuler les techniques de virage en Slalom et Slalom g\u00e9ant<\/li>\n<li>Cibler les muscles sollicit\u00e9s par les virages en sports de glisse et Stop &amp; Go<\/li>\n<li>D\u00e9velopper une posture, une agilit\u00e9 et un \u00e9quilibre optimaux<\/li>\n<li>Les entra\u00eenements en intervalles \u00e0 haute intensit\u00e9 ou HIIT<\/li>\n<li>Les exercices ciblant les jambes et le core: fesses, abdominaux, hanches<\/li>\n<li>Les programmes full-body avec b\u00e2tons de ski lest\u00e9s (non fournis)<\/li>\n<\/ul>\n<h2>Caract\u00e9ristiques<\/h2>\n<div class=\"su-row\">\n<div class=\"su-column su-column-size-1-2 prod-col\"><div class=\"su-column-inner su-u-clearfix su-u-trim\">\n<h3>Module sp\u00e9cialis\u00e9 pour bottes de ski (non inclus)<\/h3>\n<p><img fetchpriority=\"high\" decoding=\"async\" class=\"alignnone wp-image-20380 size-full\" src=\"\/wp-content\/uploads\/2022\/12\/SKI-CART-1-1.jpg\" alt=\"\" width=\"800\" height=\"450\" srcset=\"https:\/\/noramproski.com\/wp-content\/uploads\/2022\/12\/SKI-CART-1-1.jpg 800w, https:\/\/noramproski.com\/wp-content\/uploads\/2022\/12\/SKI-CART-1-1-620x349.jpg 620w, https:\/\/noramproski.com\/wp-content\/uploads\/2022\/12\/SKI-CART-1-1-300x169.jpg 300w, https:\/\/noramproski.com\/wp-content\/uploads\/2022\/12\/SKI-CART-1-1-768x432.jpg 768w\" sizes=\"(max-width: 800px) 100vw, 800px\" \/><br \/>\nCe module <strong>(non inclus)<\/strong> s&#8217;installe sur le chariot mobile et convient \u00e0 toutes les tailles de bottes de ski. Il est muni de fixations MARKER Fastrak III faciles \u00e0 installer et \u00e0 utiliser, un gros plus pour les bottes de location. Il offre une sensation optimale dans toutes les parties d&#8217;un virage en ski avec un mouvement longitudinal innovant. Sa fabrication de qualit\u00e9 sup\u00e9rieure inclut une protection contre le glissement. Le choix id\u00e9al pour cibler encore plus la m\u00e9moire musculaire en piste. <\/div><\/div>\n<div class=\"su-column su-column-size-1-2 prod-col\"><div class=\"su-column-inner su-u-clearfix su-u-trim\">\n<h3>Module sp\u00e9cialis\u00e9 pour planche (inclus)<\/h3>\n<p><img decoding=\"async\" class=\"alignnone wp-image-20382 size-full\" src=\"\/wp-content\/uploads\/2022\/12\/BOARD-CART-1.jpg\" alt=\"\" width=\"800\" height=\"450\" srcset=\"https:\/\/noramproski.com\/wp-content\/uploads\/2022\/12\/BOARD-CART-1.jpg 800w, https:\/\/noramproski.com\/wp-content\/uploads\/2022\/12\/BOARD-CART-1-620x349.jpg 620w, https:\/\/noramproski.com\/wp-content\/uploads\/2022\/12\/BOARD-CART-1-300x169.jpg 300w, https:\/\/noramproski.com\/wp-content\/uploads\/2022\/12\/BOARD-CART-1-768x432.jpg 768w\" sizes=\"(max-width: 800px) 100vw, 800px\" \/><br \/>\nPlanche \u00e0 neige \u00e0 l&#8217;intention des planchistes de d\u00e9butants \u00e0 avanc\u00e9s. Id\u00e9al pour cibler encore plus la m\u00e9moire musculaire en planche.\u00a0<\/div><\/div>\n<\/div><div class=\"su-row\">\n<div class=\"su-column su-column-size-1-2 prod-col\"><div class=\"su-column-inner su-u-clearfix su-u-trim\">\n<h3>Bandes \u00e9lastiques<\/h3>\n<p><img decoding=\"async\" class=\"alignnone size-full wp-image-20165\" src=\"\/wp-content\/uploads\/2022\/12\/ELASTIC-ROPES.jpg\" alt=\"\" width=\"800\" height=\"450\" srcset=\"https:\/\/noramproski.com\/wp-content\/uploads\/2022\/12\/ELASTIC-ROPES.jpg 800w, https:\/\/noramproski.com\/wp-content\/uploads\/2022\/12\/ELASTIC-ROPES-620x349.jpg 620w, https:\/\/noramproski.com\/wp-content\/uploads\/2022\/12\/ELASTIC-ROPES-300x169.jpg 300w, https:\/\/noramproski.com\/wp-content\/uploads\/2022\/12\/ELASTIC-ROPES-768x432.jpg 768w\" sizes=\"(max-width: 800px) 100vw, 800px\" \/><br \/>\nLe chariot du simulateur POWER XL vient avec 8 bandes \u00e9lastiques se fixant \u00e0 la base. Ces bandes doivent \u00eatre ajust\u00e9es en fonction du poids de la personne qui s&#8217;entra\u00eene et du niveau de r\u00e9sistance\/intensit\u00e9 d\u00e9sir\u00e9. Elles se d\u00e9tachent facilement et sont tout aussi faciles \u00e0 r\u00e9installer.<br \/>\n<\/div><\/div><div class=\"su-column su-column-size-1-2 prod-col\"><div class=\"su-column-inner su-u-clearfix su-u-trim\">\n<h3>Cadre de base XL<\/h3>\n<p><img loading=\"lazy\" decoding=\"async\" class=\"alignnone wp-image-20444 size-full\" src=\"\/wp-content\/uploads\/2022\/12\/a.png\" alt=\"\" width=\"800\" height=\"450\" srcset=\"https:\/\/noramproski.com\/wp-content\/uploads\/2022\/12\/a.png 800w, https:\/\/noramproski.com\/wp-content\/uploads\/2022\/12\/a-620x349.png 620w, https:\/\/noramproski.com\/wp-content\/uploads\/2022\/12\/a-300x169.png 300w, https:\/\/noramproski.com\/wp-content\/uploads\/2022\/12\/a-768x432.png 768w\" sizes=\"(max-width: 800px) 100vw, 800px\" \/><br \/>\nLe ch\u00e2ssis POWER XL s&#8217;adresse aux skieurs moyens \u00e0 avanc\u00e9s et aux athl\u00e8tes de haut niveau. Plus long que le mod\u00e8le CLASSIC, il inclut 8 niveaux de r\u00e9glages pour les exercices a\u00e9robiques\/ana\u00e9robiques, bodypump et bodystep. D&#8217;une plus grande amplitude que les autres mod\u00e8les, il simule les virages de ski en carving, Slalom et Slalom g\u00e9ant. Attention! Convient seulement aux personnes mesurant 1,8 m (5 pi 9 po) et plus, jusqu&#8217;\u00e0 un poids maximal de 150 kg (330 lb).<\/div><\/div>\n<\/div><div class=\"su-row\"><div class=\"su-column su-column-size-1-2 prod-col\"><div class=\"su-column-inner su-u-clearfix su-u-trim\">\n<h3>Appuie-main<\/h3>\n<p><img loading=\"lazy\" decoding=\"async\" class=\"alignnone wp-image-20442 size-full\" src=\"\/wp-content\/uploads\/2022\/12\/STANDARD-HAND-HOLDER.jpg\" alt=\"\" width=\"800\" height=\"450\" srcset=\"https:\/\/noramproski.com\/wp-content\/uploads\/2022\/12\/STANDARD-HAND-HOLDER.jpg 800w, https:\/\/noramproski.com\/wp-content\/uploads\/2022\/12\/STANDARD-HAND-HOLDER-620x349.jpg 620w, https:\/\/noramproski.com\/wp-content\/uploads\/2022\/12\/STANDARD-HAND-HOLDER-300x169.jpg 300w, https:\/\/noramproski.com\/wp-content\/uploads\/2022\/12\/STANDARD-HAND-HOLDER-768x432.jpg 768w\" sizes=\"(max-width: 800px) 100vw, 800px\" \/><br \/>\nL&#8217;appuie-main fournit une prise ferme lors de l&#8217;entra\u00eenement et aide \u00e0 garder l&#8217;\u00e9quilibre. Vous pouvez modifier cet appui en y ajoutant un porte-bouteille et serviette ainsi qu&#8217;un porte-t\u00e9l\u00e9phone pour les entra\u00eenements longs. Les sportifs plus exp\u00e9riment\u00e9s peuvent choisir de l\u00e2cher cet appuie-main pendant l&#8217;entra\u00eenement. <\/div><\/div>\n<div class=\"su-column su-column-size-1-2 prod-col\"><div class=\"su-column-inner su-u-clearfix su-u-trim\">\n<h3>But\u00e9e de ski<\/h3>\n<p><img loading=\"lazy\" decoding=\"async\" class=\"alignnone size-full wp-image-20163\" src=\"\/wp-content\/uploads\/2022\/12\/EDGE-SKI-STOPPER.jpg\" alt=\"\" width=\"800\" height=\"450\" srcset=\"https:\/\/noramproski.com\/wp-content\/uploads\/2022\/12\/EDGE-SKI-STOPPER.jpg 800w, https:\/\/noramproski.com\/wp-content\/uploads\/2022\/12\/EDGE-SKI-STOPPER-620x349.jpg 620w, https:\/\/noramproski.com\/wp-content\/uploads\/2022\/12\/EDGE-SKI-STOPPER-300x169.jpg 300w, https:\/\/noramproski.com\/wp-content\/uploads\/2022\/12\/EDGE-SKI-STOPPER-768x432.jpg 768w\" sizes=\"(max-width: 800px) 100vw, 800px\" \/><br \/>\nLa but\u00e9e de ski \u00e9vite les chocs violents en fin de virage. Une protection anti-impact, cette but\u00e9e absorbe les chocs et vous assure un entra\u00eenement plus agr\u00e9able.<br \/>\n<\/div><\/div>\n<\/div>\n<div class=\"prod-col\">\n<h3><\/h3>\n<h3>Poids et dimensions apr\u00e8s assemblage<\/h3>\n<p>&nbsp;<\/p>\n<p><strong>Poids:<\/strong><\/p>\n<ul>\n<li>143 kg (88 lb)<\/li>\n<\/ul>\n<p><strong>Dimensions: <\/strong><\/p>\n<ul>\n<li>Longueur 192 cm\/74,8 po<\/li>\n<li>Largeur 130 cm\/50,7 po<\/li>\n<li>Hauteur 110 cm\/43 po<\/li>\n<\/ul>\n<\/div>\n","protected":false},"excerpt":{"rendered":"<p style=\"color: #2b94db; margin-bottom: 20px;\"><strong>Livraison incluse au Canada entre 10 \u00e0 12 jours<\/strong><\/p>\n<ul>\n<li>Chariot 3 en 1<\/li>\n<li>Module avec chariot d\u2019entra\u00eenement en espadrilles<\/li>\n<li>Module snowboard<\/li>\n<li>Ensemble de roues pour facilit\u00e9 le d\u00e9placement du simulateur<\/li>\n<li>Porte-t\u00e9l\u00e9phone<\/li>\n<li>8 bandes \u00e9lastiques \/ degr\u00e9s d\u2019intensit\u00e9<\/li>\n<\/ul>\n","protected":false},"featured_media":21935,"template":"","meta":[],"product_brand":[],"product_cat":[164],"product_tag":[168,195,167,66,169,165],"class_list":{"0":"post-21932","1":"product","2":"type-product","3":"status-publish","4":"has-post-thumbnail","6":"product_cat-simulateurs","7":"product_tag-cardio","8":"product_tag-entrainement-de-ski-en-ligne","9":"product_tag-entrainement","10":"product_tag-gym","11":"product_tag-musculation","12":"product_tag-simulateurs","13":"product_shipping_class-free-shipping","14":"ts_product_brand-pro-ski-simulator","16":"first","17":"instock","18":"taxable","19":"shipping-taxable","20":"purchasable","21":"product-type-simple"},"bundled_by":[],"bundle_stock_status":"instock","bundle_stock_quantity":null,"bundle_virtual":false,"bundle_layout":"","bundle_add_to_cart_form_location":"","bundle_editable_in_cart":false,"bundle_sold_individually_context":"","bundle_item_grouping":"","bundle_min_size":"","bundle_max_size":"","bundle_price":[],"bundled_items":[],"bundle_sell_ids":[20519,20528,20531,20525],"yoast_head":"<!-- This site is optimized with the Yoast SEO plugin v27.3 - https:\/\/yoast.com\/product\/yoast-seo-wordpress\/ -->\n<title>POWER XL SNOWBOARD - Noram ProSki Simulator<\/title>\n<meta name=\"robots\" content=\"noindex, follow\" \/>\n<meta property=\"og:locale\" content=\"fr_CA\" \/>\n<meta property=\"og:type\" content=\"article\" \/>\n<meta property=\"og:title\" content=\"POWER XL SNOWBOARD - Noram ProSki Simulator\" \/>\n<meta property=\"og:description\" content=\"Livraison incluse au Canada entre 10 \u00e0 12 jours    Chariot 3 en 1  Module avec chariot d\u2019entra\u00eenement en espadrilles  Module snowboard  Ensemble de roues pour facilit\u00e9 le d\u00e9placement du simulateur  Porte-t\u00e9l\u00e9phone  8 bandes \u00e9lastiques \/ degr\u00e9s d\u2019intensit\u00e9\" \/>\n<meta property=\"og:url\" content=\"https:\/\/noramproski.com\/fr\/produit\/power-xl-snowboard\/\" \/>\n<meta property=\"og:site_name\" content=\"Noram ProSki Simulator\" \/>\n<meta property=\"article:modified_time\" content=\"2026-03-17T00:26:10+00:00\" \/>\n<meta property=\"og:image\" content=\"https:\/\/noramproski.com\/wp-content\/uploads\/2025\/06\/ski-snowboard-scaled.png\" \/>\n\t<meta property=\"og:image:width\" content=\"2560\" \/>\n\t<meta property=\"og:image:height\" content=\"1439\" \/>\n\t<meta property=\"og:image:type\" content=\"image\/png\" \/>\n<meta name=\"twitter:card\" content=\"summary_large_image\" \/>\n<meta name=\"twitter:label1\" content=\"Estimation du temps de lecture\" \/>\n\t<meta name=\"twitter:data1\" content=\"4 minutes\" \/>\n<script type=\"application\/ld+json\" class=\"yoast-schema-graph\">{\"@context\":\"https:\\\/\\\/schema.org\",\"@graph\":[{\"@type\":\"WebPage\",\"@id\":\"https:\\\/\\\/noramproski.com\\\/fr\\\/produit\\\/power-xl-snowboard\\\/\",\"url\":\"https:\\\/\\\/noramproski.com\\\/fr\\\/produit\\\/power-xl-snowboard\\\/\",\"name\":\"POWER XL SNOWBOARD - Noram ProSki Simulator\",\"isPartOf\":{\"@id\":\"https:\\\/\\\/noramproski.com\\\/fr\\\/#website\"},\"primaryImageOfPage\":{\"@id\":\"https:\\\/\\\/noramproski.com\\\/fr\\\/produit\\\/power-xl-snowboard\\\/#primaryimage\"},\"image\":{\"@id\":\"https:\\\/\\\/noramproski.com\\\/fr\\\/produit\\\/power-xl-snowboard\\\/#primaryimage\"},\"thumbnailUrl\":\"https:\\\/\\\/noramproski.com\\\/wp-content\\\/uploads\\\/2025\\\/06\\\/ski-snowboard-scaled.png\",\"datePublished\":\"2025-06-09T17:17:18+00:00\",\"dateModified\":\"2026-03-17T00:26:10+00:00\",\"breadcrumb\":{\"@id\":\"https:\\\/\\\/noramproski.com\\\/fr\\\/produit\\\/power-xl-snowboard\\\/#breadcrumb\"},\"inLanguage\":\"fr-CA\",\"potentialAction\":[{\"@type\":\"ReadAction\",\"target\":[\"https:\\\/\\\/noramproski.com\\\/fr\\\/produit\\\/power-xl-snowboard\\\/\"]}]},{\"@type\":\"ImageObject\",\"inLanguage\":\"fr-CA\",\"@id\":\"https:\\\/\\\/noramproski.com\\\/fr\\\/produit\\\/power-xl-snowboard\\\/#primaryimage\",\"url\":\"https:\\\/\\\/noramproski.com\\\/wp-content\\\/uploads\\\/2025\\\/06\\\/ski-snowboard-scaled.png\",\"contentUrl\":\"https:\\\/\\\/noramproski.com\\\/wp-content\\\/uploads\\\/2025\\\/06\\\/ski-snowboard-scaled.png\",\"width\":2560,\"height\":1439},{\"@type\":\"BreadcrumbList\",\"@id\":\"https:\\\/\\\/noramproski.com\\\/fr\\\/produit\\\/power-xl-snowboard\\\/#breadcrumb\",\"itemListElement\":[{\"@type\":\"ListItem\",\"position\":1,\"name\":\"Accueil\",\"item\":\"https:\\\/\\\/noramproski.com\\\/fr\\\/\"},{\"@type\":\"ListItem\",\"position\":2,\"name\":\"Boutique\",\"item\":\"https:\\\/\\\/noramproski.com\\\/boutique\\\/\"},{\"@type\":\"ListItem\",\"position\":3,\"name\":\"POWER XL SNOWBOARD\"}]},{\"@type\":\"WebSite\",\"@id\":\"https:\\\/\\\/noramproski.com\\\/fr\\\/#website\",\"url\":\"https:\\\/\\\/noramproski.com\\\/fr\\\/\",\"name\":\"Noram ProSki Simulator - Professional Ski Training - L\u2019entra\u00eenement de ski hors neige\",\"description\":\"Noram ProSki Simulator\",\"potentialAction\":[{\"@type\":\"SearchAction\",\"target\":{\"@type\":\"EntryPoint\",\"urlTemplate\":\"https:\\\/\\\/noramproski.com\\\/fr\\\/?s={search_term_string}\"},\"query-input\":{\"@type\":\"PropertyValueSpecification\",\"valueRequired\":true,\"valueName\":\"search_term_string\"}}],\"inLanguage\":\"fr-CA\"}]}<\/script>\n<!-- \/ Yoast SEO plugin. -->","yoast_head_json":{"title":"POWER XL SNOWBOARD - Noram ProSki Simulator","robots":{"index":"noindex","follow":"follow"},"og_locale":"fr_CA","og_type":"article","og_title":"POWER XL SNOWBOARD - Noram ProSki Simulator","og_description":"Livraison incluse au Canada entre 10 \u00e0 12 jours    Chariot 3 en 1  Module avec chariot d\u2019entra\u00eenement en espadrilles  Module snowboard  Ensemble de roues pour facilit\u00e9 le d\u00e9placement du simulateur  Porte-t\u00e9l\u00e9phone  8 bandes \u00e9lastiques \/ degr\u00e9s d\u2019intensit\u00e9","og_url":"https:\/\/noramproski.com\/fr\/produit\/power-xl-snowboard\/","og_site_name":"Noram ProSki Simulator","article_modified_time":"2026-03-17T00:26:10+00:00","og_image":[{"width":2560,"height":1439,"url":"https:\/\/noramproski.com\/wp-content\/uploads\/2025\/06\/ski-snowboard-scaled.png","type":"image\/png"}],"twitter_card":"summary_large_image","twitter_misc":{"Estimation du temps de lecture":"4 minutes"},"schema":{"@context":"https:\/\/schema.org","@graph":[{"@type":"WebPage","@id":"https:\/\/noramproski.com\/fr\/produit\/power-xl-snowboard\/","url":"https:\/\/noramproski.com\/fr\/produit\/power-xl-snowboard\/","name":"POWER XL SNOWBOARD - Noram ProSki Simulator","isPartOf":{"@id":"https:\/\/noramproski.com\/fr\/#website"},"primaryImageOfPage":{"@id":"https:\/\/noramproski.com\/fr\/produit\/power-xl-snowboard\/#primaryimage"},"image":{"@id":"https:\/\/noramproski.com\/fr\/produit\/power-xl-snowboard\/#primaryimage"},"thumbnailUrl":"https:\/\/noramproski.com\/wp-content\/uploads\/2025\/06\/ski-snowboard-scaled.png","datePublished":"2025-06-09T17:17:18+00:00","dateModified":"2026-03-17T00:26:10+00:00","breadcrumb":{"@id":"https:\/\/noramproski.com\/fr\/produit\/power-xl-snowboard\/#breadcrumb"},"inLanguage":"fr-CA","potentialAction":[{"@type":"ReadAction","target":["https:\/\/noramproski.com\/fr\/produit\/power-xl-snowboard\/"]}]},{"@type":"ImageObject","inLanguage":"fr-CA","@id":"https:\/\/noramproski.com\/fr\/produit\/power-xl-snowboard\/#primaryimage","url":"https:\/\/noramproski.com\/wp-content\/uploads\/2025\/06\/ski-snowboard-scaled.png","contentUrl":"https:\/\/noramproski.com\/wp-content\/uploads\/2025\/06\/ski-snowboard-scaled.png","width":2560,"height":1439},{"@type":"BreadcrumbList","@id":"https:\/\/noramproski.com\/fr\/produit\/power-xl-snowboard\/#breadcrumb","itemListElement":[{"@type":"ListItem","position":1,"name":"Accueil","item":"https:\/\/noramproski.com\/fr\/"},{"@type":"ListItem","position":2,"name":"Boutique","item":"https:\/\/noramproski.com\/boutique\/"},{"@type":"ListItem","position":3,"name":"POWER XL SNOWBOARD"}]},{"@type":"WebSite","@id":"https:\/\/noramproski.com\/fr\/#website","url":"https:\/\/noramproski.com\/fr\/","name":"Noram ProSki Simulator - Professional Ski Training - L\u2019entra\u00eenement de ski hors neige","description":"Noram ProSki Simulator","potentialAction":[{"@type":"SearchAction","target":{"@type":"EntryPoint","urlTemplate":"https:\/\/noramproski.com\/fr\/?s={search_term_string}"},"query-input":{"@type":"PropertyValueSpecification","valueRequired":true,"valueName":"search_term_string"}}],"inLanguage":"fr-CA"}]}},"_links":{"self":[{"href":"https:\/\/noramproski.com\/fr\/wp-json\/wp\/v2\/product\/21932","targetHints":{"allow":["GET"]}}],"collection":[{"href":"https:\/\/noramproski.com\/fr\/wp-json\/wp\/v2\/product"}],"about":[{"href":"https:\/\/noramproski.com\/fr\/wp-json\/wp\/v2\/types\/product"}],"wp:featuredmedia":[{"embeddable":true,"href":"https:\/\/noramproski.com\/fr\/wp-json\/wp\/v2\/media\/21935"}],"wp:attachment":[{"href":"https:\/\/noramproski.com\/fr\/wp-json\/wp\/v2\/media?parent=21932"}],"wp:term":[{"taxonomy":"product_brand","embeddable":true,"href":"https:\/\/noramproski.com\/fr\/wp-json\/wp\/v2\/product_brand?post=21932"},{"taxonomy":"product_cat","embeddable":true,"href":"https:\/\/noramproski.com\/fr\/wp-json\/wp\/v2\/product_cat?post=21932"},{"taxonomy":"product_tag","embeddable":true,"href":"https:\/\/noramproski.com\/fr\/wp-json\/wp\/v2\/product_tag?post=21932"}],"curies":[{"name":"wp","href":"https:\/\/api.w.org\/{rel}","templated":true}]}}