{"id":21947,"date":"2025-06-09T14:28:37","date_gmt":"2025-06-09T18:28:37","guid":{"rendered":"https:\/\/dev.proski.ca\/?post_type=product&#038;p=21947"},"modified":"2026-03-16T20:25:29","modified_gmt":"2026-03-17T00:25:29","slug":"sim-pre-v","status":"publish","type":"product","link":"https:\/\/noramproski.com\/fr\/produit\/sim-pre-v\/","title":{"rendered":"PREMIUM SKI 360 VIRTUEL"},"content":{"rendered":"<h3>Pour une exp\u00e9rience de ski virtuelle, compl\u00e8te \u00e0 la maison<\/h3>\n<p>Apportez les pistes directement dans votre salon. L&#8217;entra\u00eenement au ski n&#8217;a jamais \u00e9t\u00e9 aussi amusant !<br \/>\nLes jeux Pro Ski fonctionnent <strong>via un c\u00e2ble USB<\/strong> connect\u00e9 \u00e0 votre ordinateur personnel. <strong>Pas de connexion Bluetooth !<\/strong><\/p>\n<ul>\n<li>Conviens <strong>aux d\u00e9butants<\/strong> et <strong>aux skieurs interm\u00e9diaires<\/strong><\/li>\n<li>Installation <strong>rapide et facile<\/strong> des positions des pieds et diff\u00e9rentes options de chaussures (chaussures de sport, chaussures de ski)<\/li>\n<li>Utilisation en <strong>mode mono<\/strong> ou r\u00e9glage possible de <strong>l&#8217;\u00e9cartement entre les jambes<\/strong> (jambe int\u00e9rieure \u00e0 jambe ext\u00e9rieure)<\/li>\n<li>Exercice \u00e0 <strong>faible impact<\/strong>, con\u00e7u pour vous <strong>pr\u00e9parer \u00e0 la saison de ski<\/strong><\/li>\n<li>Se concentre sur les <strong>jambes et le tronc<\/strong>, entra\u00eenement complet du corps<\/li>\n<li><strong>Appareil portable<\/strong>, destin\u00e9 uniquement \u00e0 une utilisation <strong>\u00e0 domicile<\/strong><\/li>\n<li>R\u00e9sistance <strong>enti\u00e8rement r\u00e9glable<\/strong>, avec <strong>6 niveaux d\u2019intensit\u00e9<\/strong><\/li>\n<\/ul>\n<p>Le <strong>simulateur de ski Basic Home 360<\/strong> permet aux utilisateurs de tester leurs comp\u00e9tences en <strong>descente, slalom, slalom g\u00e9ant<\/strong>, etc. Il est facile et rapide \u00e0 installer, et vous pouvez choisir entre porter des <strong>chaussures de sport<\/strong> pour le confort ou vos <strong>chaussures de ski<\/strong> pour une exp\u00e9rience plus r\u00e9aliste. Le Basic Home 360 r\u00e9pond aux besoins m\u00eame des skieurs les plus ambitieux.<\/p>\n<p>Le <strong>Basic Home 360<\/strong> inclut diff\u00e9rentes pistes de ski avec <strong>divers niveaux d&#8217;entra\u00eenement<\/strong> et types de comp\u00e9titions. Cette machine comprend le<strong> PRO GAME SET 360<\/strong> avec <strong>slalom g\u00e9ant, slalom, pente infinie, pistes interactives<\/strong>, etc.<\/p>\n<p>En plus d\u2019am\u00e9liorer votre <strong>endurance<\/strong> et votre <strong>technique<\/strong>, s\u2019entra\u00eener avec ce simulateur est une excellente fa\u00e7on de <strong>perdre quelques kilos<\/strong> tout en relevant le d\u00e9fi des pistes virtuelles. Vous pouvez optimiser vos s\u00e9ances avec diff\u00e9rents r\u00e9glages. Il est recommand\u00e9 pour <strong>toute la famille<\/strong>, quel que soit <strong>le niveau<\/strong>, la taille ou <strong>l\u2019\u00e2ge<\/strong> de l\u2019utilisateur.<\/p>\n<p>C\u2019est une <strong>solution TOUT-EN-UN<\/strong>, car l\u2019achat permet une <strong>s\u00e9lection gratuite des modules<\/strong> : vous pouvez choisir uniquement ceux dont vous avez besoin pour poursuivre votre entra\u00eenement. Il vous aide \u00e0 activer les m\u00eames groupes musculaires que ceux sollicit\u00e9s en ski. De plus, l&#8217;exercice sur le<strong> Basic Home 360 Ski Simulator<\/strong> vous aidera \u00e0 d\u00e9velopper votre \u00e9quilibre, votre coordination, votre agilit\u00e9 et \u00e0 vous pr\u00e9parer pour la saison de ski.<\/p>\n<p>Cette machine est sp\u00e9cialement con\u00e7ue pour <strong>tous ceux qui souhaitent am\u00e9liorer leurs mouvements<\/strong> et vivre une <strong>exp\u00e9rience de comp\u00e9tition<\/strong> semblable \u00e0 celle d\u2019un skieur professionnel. Sur ce simulateur, vous effectuerez automatiquement les <strong>bons virages<\/strong> et les <strong>bons mouvements corporels<\/strong>. Une <strong>force ad\u00e9quate<\/strong>, une <strong>bonne technique<\/strong> et un <strong>\u00e9quilibre ma\u00eetris\u00e9<\/strong> <strong>r\u00e9duiront<\/strong> \u00e9galement consid\u00e9rablement le <strong>risque de blessure<\/strong>. L\u2019entra\u00eenement cible principalement les m\u00eames muscles que ceux sollicit\u00e9s sur les pieds.<\/p>\n<h3>Avec 6 niveaux de r\u00e9sistance\/intensit\u00e9 faciles \u00e0 ajuster, PREMIUM est parfait pour:<\/h3>\n<ul>\n<li>Travailler le cardio et la musculation en m\u00eame temps<\/li>\n<li>Les skieurs et les planchistes qui veulent une simulation totale via les modules adaptables (non fournis)<\/li>\n<li>Br\u00fbler 800 kcal\/heure ou plus pour aider \u00e0 maintenir un poids sant\u00e9<\/li>\n<li>Les entra\u00eenements en intervalles \u00e0 haute intensit\u00e9 ou HIIT<\/li>\n<li>Les exercices ciblant les jambes et le core: fesses, abdominaux, hanches<\/li>\n<li>Les programmes full-body avec b\u00e2tons de ski lest\u00e9s (non fournis)<\/li>\n<\/ul>\n<div class=\"prod-col\">\n<h3>Poids et dimensions apr\u00e8s assemblage<\/h3>\n<p><strong>Poids:<\/strong><\/p>\n<ul>\n<li>40 kg (88 lb)<\/li>\n<\/ul>\n<p><strong>Dimensions: <\/strong><\/p>\n<ul>\n<li>Longueur 173 cm\/69 po<\/li>\n<li>Largeur 68 cm\/26,5 po<\/li>\n<li>Hauteur 125 cm\/48,7 po<\/li>\n<\/ul>\n<div class=\"su-youtube su-u-responsive-media-yes\"><iframe width=\"600\" height=\"400\" src=\"https:\/\/www.youtube.com\/embed\/39QGnQSCQYI?\" frameborder=\"0\" allowfullscreen allow=\"autoplay; encrypted-media; picture-in-picture\" title=\"\"><\/iframe><\/div>\n<\/div>\n","protected":false},"excerpt":{"rendered":"<p style=\"color: #2b94db; margin-bottom: 20px;\"><strong>Livraison incluse au Canada entre 10 \u00e0 12 jours<\/strong><\/p>\n<ul>\n<li>Cadre E-Radical solidifi\u00e9<\/li>\n<li>Chariot et module p\u00e9dales fixes\/espadrilles 2.0<\/li>\n<li>Ordinateur\/appareil de mesure<\/li>\n<li>Clavier<\/li>\n<li>Logiciels de jeux et de pistes de ski<\/li>\n<li>Cable d\u2019alimentation et c\u00e2ble HDMI<\/li>\n<li>6 bandes \u00e9lastiques<\/li>\n<li>\u00c9cran non inclus<\/li>\n<li>Possibilit\u00e9 de changer en option le chariot et module p\u00e9dales fixes\/espadrilles pour le chariot 3 en 1 avec 2 modules \u00e0 p\u00e9dales\/espadrilles et fixations bottes de ski<\/li>\n<\/ul>\n","protected":false},"featured_media":20159,"template":"","meta":[],"product_brand":[],"product_cat":[164],"product_tag":[168,167,66,169,165,166],"class_list":{"0":"post-21947","1":"product","2":"type-product","3":"status-publish","4":"has-post-thumbnail","6":"product_cat-simulateurs","7":"product_tag-cardio","8":"product_tag-entrainement","9":"product_tag-gym","10":"product_tag-musculation","11":"product_tag-simulateurs","12":"product_tag-ski","13":"product_shipping_class-free-shipping","14":"ts_product_brand-pro-ski-simulator","16":"first","17":"instock","18":"taxable","19":"shipping-taxable","20":"purchasable","21":"product-type-simple"},"bundled_by":[],"bundle_stock_status":"instock","bundle_stock_quantity":null,"bundle_virtual":false,"bundle_layout":"","bundle_add_to_cart_form_location":"","bundle_editable_in_cart":false,"bundle_sold_individually_context":"","bundle_item_grouping":"","bundle_min_size":"","bundle_max_size":"","bundle_price":[],"bundled_items":[],"bundle_sell_ids":[20520,20528,20531,20525],"yoast_head":"<!-- This site is optimized with the Yoast SEO plugin v27.3 - https:\/\/yoast.com\/product\/yoast-seo-wordpress\/ -->\n<title>PREMIUM SKI 360 VIRTUEL - Noram ProSki Simulator<\/title>\n<meta name=\"robots\" content=\"noindex, follow\" \/>\n<meta property=\"og:locale\" content=\"fr_CA\" \/>\n<meta property=\"og:type\" content=\"article\" \/>\n<meta property=\"og:title\" content=\"PREMIUM SKI 360 VIRTUEL - Noram ProSki Simulator\" \/>\n<meta property=\"og:description\" content=\"Livraison incluse au Canada entre 10 \u00e0 12 jours    Cadre E-Radical solidifi\u00e9  Chariot et module p\u00e9dales fixes\/espadrilles 2.0  Ordinateur\/appareil de mesure  Clavier  Logiciels de jeux et de pistes de ski  Cable d\u2019alimentation et c\u00e2ble HDMI  6 bandes \u00e9lastiques  \u00c9cran non inclus  Possibilit\u00e9 de changer en option le chariot et module p\u00e9dales fixes\/espadrilles pour le chariot 3 en 1 avec 2 modules \u00e0 p\u00e9dales\/espadrilles et fixations bottes de ski\" \/>\n<meta property=\"og:url\" content=\"https:\/\/noramproski.com\/fr\/produit\/sim-pre-v\/\" \/>\n<meta property=\"og:site_name\" content=\"Noram ProSki Simulator\" \/>\n<meta property=\"article:modified_time\" content=\"2026-03-17T00:25:29+00:00\" \/>\n<meta property=\"og:image\" content=\"https:\/\/noramproski.com\/wp-content\/uploads\/2022\/12\/Pro-Ski-Simulator-Classic-3.jpg\" \/>\n\t<meta property=\"og:image:width\" content=\"800\" \/>\n\t<meta property=\"og:image:height\" content=\"800\" \/>\n\t<meta property=\"og:image:type\" content=\"image\/jpeg\" \/>\n<meta name=\"twitter:card\" content=\"summary_large_image\" \/>\n<meta name=\"twitter:label1\" content=\"Estimation du temps de lecture\" \/>\n\t<meta name=\"twitter:data1\" content=\"3 minutes\" \/>\n<script type=\"application\/ld+json\" class=\"yoast-schema-graph\">{\"@context\":\"https:\\\/\\\/schema.org\",\"@graph\":[{\"@type\":\"WebPage\",\"@id\":\"https:\\\/\\\/noramproski.com\\\/fr\\\/produit\\\/sim-pre-v\\\/\",\"url\":\"https:\\\/\\\/noramproski.com\\\/fr\\\/produit\\\/sim-pre-v\\\/\",\"name\":\"PREMIUM SKI 360 VIRTUEL - Noram ProSki Simulator\",\"isPartOf\":{\"@id\":\"https:\\\/\\\/noramproski.com\\\/fr\\\/#website\"},\"primaryImageOfPage\":{\"@id\":\"https:\\\/\\\/noramproski.com\\\/fr\\\/produit\\\/sim-pre-v\\\/#primaryimage\"},\"image\":{\"@id\":\"https:\\\/\\\/noramproski.com\\\/fr\\\/produit\\\/sim-pre-v\\\/#primaryimage\"},\"thumbnailUrl\":\"https:\\\/\\\/noramproski.com\\\/wp-content\\\/uploads\\\/2022\\\/12\\\/Pro-Ski-Simulator-Classic-3.jpg\",\"datePublished\":\"2025-06-09T18:28:37+00:00\",\"dateModified\":\"2026-03-17T00:25:29+00:00\",\"breadcrumb\":{\"@id\":\"https:\\\/\\\/noramproski.com\\\/fr\\\/produit\\\/sim-pre-v\\\/#breadcrumb\"},\"inLanguage\":\"fr-CA\",\"potentialAction\":[{\"@type\":\"ReadAction\",\"target\":[\"https:\\\/\\\/noramproski.com\\\/fr\\\/produit\\\/sim-pre-v\\\/\"]}]},{\"@type\":\"ImageObject\",\"inLanguage\":\"fr-CA\",\"@id\":\"https:\\\/\\\/noramproski.com\\\/fr\\\/produit\\\/sim-pre-v\\\/#primaryimage\",\"url\":\"https:\\\/\\\/noramproski.com\\\/wp-content\\\/uploads\\\/2022\\\/12\\\/Pro-Ski-Simulator-Classic-3.jpg\",\"contentUrl\":\"https:\\\/\\\/noramproski.com\\\/wp-content\\\/uploads\\\/2022\\\/12\\\/Pro-Ski-Simulator-Classic-3.jpg\",\"width\":800,\"height\":800,\"caption\":\"Simulateur Pro Ski CLASSIC\"},{\"@type\":\"BreadcrumbList\",\"@id\":\"https:\\\/\\\/noramproski.com\\\/fr\\\/produit\\\/sim-pre-v\\\/#breadcrumb\",\"itemListElement\":[{\"@type\":\"ListItem\",\"position\":1,\"name\":\"Accueil\",\"item\":\"https:\\\/\\\/noramproski.com\\\/fr\\\/\"},{\"@type\":\"ListItem\",\"position\":2,\"name\":\"Boutique\",\"item\":\"https:\\\/\\\/noramproski.com\\\/boutique\\\/\"},{\"@type\":\"ListItem\",\"position\":3,\"name\":\"PREMIUM SKI 360 VIRTUEL\"}]},{\"@type\":\"WebSite\",\"@id\":\"https:\\\/\\\/noramproski.com\\\/fr\\\/#website\",\"url\":\"https:\\\/\\\/noramproski.com\\\/fr\\\/\",\"name\":\"Noram ProSki Simulator - Professional Ski Training - L\u2019entra\u00eenement de ski hors neige\",\"description\":\"Noram ProSki Simulator\",\"potentialAction\":[{\"@type\":\"SearchAction\",\"target\":{\"@type\":\"EntryPoint\",\"urlTemplate\":\"https:\\\/\\\/noramproski.com\\\/fr\\\/?s={search_term_string}\"},\"query-input\":{\"@type\":\"PropertyValueSpecification\",\"valueRequired\":true,\"valueName\":\"search_term_string\"}}],\"inLanguage\":\"fr-CA\"}]}<\/script>\n<!-- \/ Yoast SEO plugin. -->","yoast_head_json":{"title":"PREMIUM SKI 360 VIRTUEL - Noram ProSki Simulator","robots":{"index":"noindex","follow":"follow"},"og_locale":"fr_CA","og_type":"article","og_title":"PREMIUM SKI 360 VIRTUEL - Noram ProSki Simulator","og_description":"Livraison incluse au Canada entre 10 \u00e0 12 jours    Cadre E-Radical solidifi\u00e9  Chariot et module p\u00e9dales fixes\/espadrilles 2.0  Ordinateur\/appareil de mesure  Clavier  Logiciels de jeux et de pistes de ski  Cable d\u2019alimentation et c\u00e2ble HDMI  6 bandes \u00e9lastiques  \u00c9cran non inclus  Possibilit\u00e9 de changer en option le chariot et module p\u00e9dales fixes\/espadrilles pour le chariot 3 en 1 avec 2 modules \u00e0 p\u00e9dales\/espadrilles et fixations bottes de ski","og_url":"https:\/\/noramproski.com\/fr\/produit\/sim-pre-v\/","og_site_name":"Noram ProSki Simulator","article_modified_time":"2026-03-17T00:25:29+00:00","og_image":[{"width":800,"height":800,"url":"https:\/\/noramproski.com\/wp-content\/uploads\/2022\/12\/Pro-Ski-Simulator-Classic-3.jpg","type":"image\/jpeg"}],"twitter_card":"summary_large_image","twitter_misc":{"Estimation du temps de lecture":"3 minutes"},"schema":{"@context":"https:\/\/schema.org","@graph":[{"@type":"WebPage","@id":"https:\/\/noramproski.com\/fr\/produit\/sim-pre-v\/","url":"https:\/\/noramproski.com\/fr\/produit\/sim-pre-v\/","name":"PREMIUM SKI 360 VIRTUEL - Noram ProSki Simulator","isPartOf":{"@id":"https:\/\/noramproski.com\/fr\/#website"},"primaryImageOfPage":{"@id":"https:\/\/noramproski.com\/fr\/produit\/sim-pre-v\/#primaryimage"},"image":{"@id":"https:\/\/noramproski.com\/fr\/produit\/sim-pre-v\/#primaryimage"},"thumbnailUrl":"https:\/\/noramproski.com\/wp-content\/uploads\/2022\/12\/Pro-Ski-Simulator-Classic-3.jpg","datePublished":"2025-06-09T18:28:37+00:00","dateModified":"2026-03-17T00:25:29+00:00","breadcrumb":{"@id":"https:\/\/noramproski.com\/fr\/produit\/sim-pre-v\/#breadcrumb"},"inLanguage":"fr-CA","potentialAction":[{"@type":"ReadAction","target":["https:\/\/noramproski.com\/fr\/produit\/sim-pre-v\/"]}]},{"@type":"ImageObject","inLanguage":"fr-CA","@id":"https:\/\/noramproski.com\/fr\/produit\/sim-pre-v\/#primaryimage","url":"https:\/\/noramproski.com\/wp-content\/uploads\/2022\/12\/Pro-Ski-Simulator-Classic-3.jpg","contentUrl":"https:\/\/noramproski.com\/wp-content\/uploads\/2022\/12\/Pro-Ski-Simulator-Classic-3.jpg","width":800,"height":800,"caption":"Simulateur Pro Ski CLASSIC"},{"@type":"BreadcrumbList","@id":"https:\/\/noramproski.com\/fr\/produit\/sim-pre-v\/#breadcrumb","itemListElement":[{"@type":"ListItem","position":1,"name":"Accueil","item":"https:\/\/noramproski.com\/fr\/"},{"@type":"ListItem","position":2,"name":"Boutique","item":"https:\/\/noramproski.com\/boutique\/"},{"@type":"ListItem","position":3,"name":"PREMIUM SKI 360 VIRTUEL"}]},{"@type":"WebSite","@id":"https:\/\/noramproski.com\/fr\/#website","url":"https:\/\/noramproski.com\/fr\/","name":"Noram ProSki Simulator - Professional Ski Training - L\u2019entra\u00eenement de ski hors neige","description":"Noram ProSki Simulator","potentialAction":[{"@type":"SearchAction","target":{"@type":"EntryPoint","urlTemplate":"https:\/\/noramproski.com\/fr\/?s={search_term_string}"},"query-input":{"@type":"PropertyValueSpecification","valueRequired":true,"valueName":"search_term_string"}}],"inLanguage":"fr-CA"}]}},"_links":{"self":[{"href":"https:\/\/noramproski.com\/fr\/wp-json\/wp\/v2\/product\/21947","targetHints":{"allow":["GET"]}}],"collection":[{"href":"https:\/\/noramproski.com\/fr\/wp-json\/wp\/v2\/product"}],"about":[{"href":"https:\/\/noramproski.com\/fr\/wp-json\/wp\/v2\/types\/product"}],"wp:featuredmedia":[{"embeddable":true,"href":"https:\/\/noramproski.com\/fr\/wp-json\/wp\/v2\/media\/20159"}],"wp:attachment":[{"href":"https:\/\/noramproski.com\/fr\/wp-json\/wp\/v2\/media?parent=21947"}],"wp:term":[{"taxonomy":"product_brand","embeddable":true,"href":"https:\/\/noramproski.com\/fr\/wp-json\/wp\/v2\/product_brand?post=21947"},{"taxonomy":"product_cat","embeddable":true,"href":"https:\/\/noramproski.com\/fr\/wp-json\/wp\/v2\/product_cat?post=21947"},{"taxonomy":"product_tag","embeddable":true,"href":"https:\/\/noramproski.com\/fr\/wp-json\/wp\/v2\/product_tag?post=21947"}],"curies":[{"name":"wp","href":"https:\/\/api.w.org\/{rel}","templated":true}]}}