{"id":21993,"date":"2026-03-16T10:10:17","date_gmt":"2026-03-16T14:10:17","guid":{"rendered":"https:\/\/dev.proski.ca\/?post_type=product&#038;p=21993"},"modified":"2026-03-16T21:02:22","modified_gmt":"2026-03-17T01:02:22","slug":"pro-set-360-virtuel","status":"publish","type":"product","link":"https:\/\/noramproski.com\/fr\/produit\/pro-set-360-virtuel\/","title":{"rendered":"Pro Set 360 Virtuel"},"content":{"rendered":"<h2>NOUVEAU<\/h2>\n<h3>Pour une exp\u00e9rience de ski virtuelle, compl\u00e8te \u00e0 la maison! Les pistes directement dans votre salon. L\u2019entra\u00eenement de ski n\u2019a jamais \u00e9t\u00e9 aussi amusant!<\/h3>\n<p>Optimisation technologique de votre simulateur PRO SKI<\/p>\n<p>Les jeux et pistes de interactive Pro Ski fonctionnent via un c\u00e2ble USB connect\u00e9 \u00e0 votre ordinateur<\/p>\n<p>Logiciel de jeux et de pistes de ski<\/p>\n<p>Cable d\u2019alimentation HDMI<\/p>\n<p>Aucune connexion Bluetooth requise<\/p>\n<ul>\n<li>Conviens aux d\u00e9butants et aux skieurs experts<\/li>\n<li>Installation rapide et facile des positions des pieds et diff\u00e9rentes options de chaussures (chaussures de sport, chaussures de ski)<\/li>\n<li>\u00c9cran non inclus<\/li>\n<\/ul>\n","protected":false},"excerpt":{"rendered":"<p><strong>NOUVEAU<\/strong><\/p>\n<ul>\n<li>Optimisation technologique de votre simulateur PRO SKI<\/li>\n<\/ul>\n","protected":false},"featured_media":21959,"template":"","meta":[],"product_brand":[],"product_cat":[175],"product_tag":[],"class_list":{"0":"post-21993","1":"product","2":"type-product","3":"status-publish","4":"has-post-thumbnail","6":"product_cat-accessoires","7":"product_shipping_class-invoice-later","9":"first","10":"instock","11":"taxable","12":"shipping-taxable","13":"purchasable","14":"product-type-simple"},"bundled_by":[],"bundle_stock_status":"instock","bundle_stock_quantity":null,"bundle_virtual":false,"bundle_layout":"","bundle_add_to_cart_form_location":"","bundle_editable_in_cart":false,"bundle_sold_individually_context":"","bundle_item_grouping":"","bundle_min_size":"","bundle_max_size":"","bundle_price":[],"bundled_items":[],"bundle_sell_ids":[],"yoast_head":"<!-- This site is optimized with the Yoast SEO plugin v27.3 - https:\/\/yoast.com\/product\/yoast-seo-wordpress\/ -->\n<title>Pro Set 360 Virtuel - Noram ProSki Simulator<\/title>\n<meta name=\"robots\" content=\"noindex, follow\" \/>\n<meta property=\"og:locale\" content=\"fr_CA\" \/>\n<meta property=\"og:type\" content=\"article\" \/>\n<meta property=\"og:title\" content=\"Pro Set 360 Virtuel - Noram ProSki Simulator\" \/>\n<meta property=\"og:description\" content=\"NOUVEAU   Optimisation technologique de votre simulateur PRO SKI\" \/>\n<meta property=\"og:url\" content=\"https:\/\/noramproski.com\/fr\/produit\/pro-set-360-virtuel\/\" \/>\n<meta property=\"og:site_name\" content=\"Noram ProSki Simulator\" \/>\n<meta property=\"article:modified_time\" content=\"2026-03-17T01:02:22+00:00\" \/>\n<meta property=\"og:image\" content=\"https:\/\/noramproski.com\/wp-content\/uploads\/2025\/06\/kit-360.png\" \/>\n\t<meta property=\"og:image:width\" content=\"1552\" \/>\n\t<meta property=\"og:image:height\" content=\"576\" \/>\n\t<meta property=\"og:image:type\" content=\"image\/png\" \/>\n<meta name=\"twitter:card\" content=\"summary_large_image\" \/>\n<meta name=\"twitter:label1\" content=\"Estimation du temps de lecture\" \/>\n\t<meta name=\"twitter:data1\" content=\"1 minute\" \/>\n<script type=\"application\/ld+json\" class=\"yoast-schema-graph\">{\"@context\":\"https:\\\/\\\/schema.org\",\"@graph\":[{\"@type\":\"WebPage\",\"@id\":\"https:\\\/\\\/noramproski.com\\\/fr\\\/produit\\\/pro-set-360-virtuel\\\/\",\"url\":\"https:\\\/\\\/noramproski.com\\\/fr\\\/produit\\\/pro-set-360-virtuel\\\/\",\"name\":\"Pro Set 360 Virtuel - Noram ProSki Simulator\",\"isPartOf\":{\"@id\":\"https:\\\/\\\/noramproski.com\\\/fr\\\/#website\"},\"primaryImageOfPage\":{\"@id\":\"https:\\\/\\\/noramproski.com\\\/fr\\\/produit\\\/pro-set-360-virtuel\\\/#primaryimage\"},\"image\":{\"@id\":\"https:\\\/\\\/noramproski.com\\\/fr\\\/produit\\\/pro-set-360-virtuel\\\/#primaryimage\"},\"thumbnailUrl\":\"https:\\\/\\\/noramproski.com\\\/wp-content\\\/uploads\\\/2025\\\/06\\\/kit-360.png\",\"datePublished\":\"2026-03-16T14:10:17+00:00\",\"dateModified\":\"2026-03-17T01:02:22+00:00\",\"breadcrumb\":{\"@id\":\"https:\\\/\\\/noramproski.com\\\/fr\\\/produit\\\/pro-set-360-virtuel\\\/#breadcrumb\"},\"inLanguage\":\"fr-CA\",\"potentialAction\":[{\"@type\":\"ReadAction\",\"target\":[\"https:\\\/\\\/noramproski.com\\\/fr\\\/produit\\\/pro-set-360-virtuel\\\/\"]}]},{\"@type\":\"ImageObject\",\"inLanguage\":\"fr-CA\",\"@id\":\"https:\\\/\\\/noramproski.com\\\/fr\\\/produit\\\/pro-set-360-virtuel\\\/#primaryimage\",\"url\":\"https:\\\/\\\/noramproski.com\\\/wp-content\\\/uploads\\\/2025\\\/06\\\/kit-360.png\",\"contentUrl\":\"https:\\\/\\\/noramproski.com\\\/wp-content\\\/uploads\\\/2025\\\/06\\\/kit-360.png\",\"width\":1552,\"height\":576},{\"@type\":\"BreadcrumbList\",\"@id\":\"https:\\\/\\\/noramproski.com\\\/fr\\\/produit\\\/pro-set-360-virtuel\\\/#breadcrumb\",\"itemListElement\":[{\"@type\":\"ListItem\",\"position\":1,\"name\":\"Accueil\",\"item\":\"https:\\\/\\\/noramproski.com\\\/fr\\\/\"},{\"@type\":\"ListItem\",\"position\":2,\"name\":\"Boutique\",\"item\":\"https:\\\/\\\/noramproski.com\\\/boutique\\\/\"},{\"@type\":\"ListItem\",\"position\":3,\"name\":\"Pro Set 360 Virtuel\"}]},{\"@type\":\"WebSite\",\"@id\":\"https:\\\/\\\/noramproski.com\\\/fr\\\/#website\",\"url\":\"https:\\\/\\\/noramproski.com\\\/fr\\\/\",\"name\":\"Noram ProSki Simulator - Professional Ski Training - L\u2019entra\u00eenement de ski hors neige\",\"description\":\"Noram ProSki Simulator\",\"potentialAction\":[{\"@type\":\"SearchAction\",\"target\":{\"@type\":\"EntryPoint\",\"urlTemplate\":\"https:\\\/\\\/noramproski.com\\\/fr\\\/?s={search_term_string}\"},\"query-input\":{\"@type\":\"PropertyValueSpecification\",\"valueRequired\":true,\"valueName\":\"search_term_string\"}}],\"inLanguage\":\"fr-CA\"}]}<\/script>\n<!-- \/ Yoast SEO plugin. -->","yoast_head_json":{"title":"Pro Set 360 Virtuel - Noram ProSki Simulator","robots":{"index":"noindex","follow":"follow"},"og_locale":"fr_CA","og_type":"article","og_title":"Pro Set 360 Virtuel - Noram ProSki Simulator","og_description":"NOUVEAU   Optimisation technologique de votre simulateur PRO SKI","og_url":"https:\/\/noramproski.com\/fr\/produit\/pro-set-360-virtuel\/","og_site_name":"Noram ProSki Simulator","article_modified_time":"2026-03-17T01:02:22+00:00","og_image":[{"width":1552,"height":576,"url":"https:\/\/noramproski.com\/wp-content\/uploads\/2025\/06\/kit-360.png","type":"image\/png"}],"twitter_card":"summary_large_image","twitter_misc":{"Estimation du temps de lecture":"1 minute"},"schema":{"@context":"https:\/\/schema.org","@graph":[{"@type":"WebPage","@id":"https:\/\/noramproski.com\/fr\/produit\/pro-set-360-virtuel\/","url":"https:\/\/noramproski.com\/fr\/produit\/pro-set-360-virtuel\/","name":"Pro Set 360 Virtuel - Noram ProSki Simulator","isPartOf":{"@id":"https:\/\/noramproski.com\/fr\/#website"},"primaryImageOfPage":{"@id":"https:\/\/noramproski.com\/fr\/produit\/pro-set-360-virtuel\/#primaryimage"},"image":{"@id":"https:\/\/noramproski.com\/fr\/produit\/pro-set-360-virtuel\/#primaryimage"},"thumbnailUrl":"https:\/\/noramproski.com\/wp-content\/uploads\/2025\/06\/kit-360.png","datePublished":"2026-03-16T14:10:17+00:00","dateModified":"2026-03-17T01:02:22+00:00","breadcrumb":{"@id":"https:\/\/noramproski.com\/fr\/produit\/pro-set-360-virtuel\/#breadcrumb"},"inLanguage":"fr-CA","potentialAction":[{"@type":"ReadAction","target":["https:\/\/noramproski.com\/fr\/produit\/pro-set-360-virtuel\/"]}]},{"@type":"ImageObject","inLanguage":"fr-CA","@id":"https:\/\/noramproski.com\/fr\/produit\/pro-set-360-virtuel\/#primaryimage","url":"https:\/\/noramproski.com\/wp-content\/uploads\/2025\/06\/kit-360.png","contentUrl":"https:\/\/noramproski.com\/wp-content\/uploads\/2025\/06\/kit-360.png","width":1552,"height":576},{"@type":"BreadcrumbList","@id":"https:\/\/noramproski.com\/fr\/produit\/pro-set-360-virtuel\/#breadcrumb","itemListElement":[{"@type":"ListItem","position":1,"name":"Accueil","item":"https:\/\/noramproski.com\/fr\/"},{"@type":"ListItem","position":2,"name":"Boutique","item":"https:\/\/noramproski.com\/boutique\/"},{"@type":"ListItem","position":3,"name":"Pro Set 360 Virtuel"}]},{"@type":"WebSite","@id":"https:\/\/noramproski.com\/fr\/#website","url":"https:\/\/noramproski.com\/fr\/","name":"Noram ProSki Simulator - Professional Ski Training - L\u2019entra\u00eenement de ski hors neige","description":"Noram ProSki Simulator","potentialAction":[{"@type":"SearchAction","target":{"@type":"EntryPoint","urlTemplate":"https:\/\/noramproski.com\/fr\/?s={search_term_string}"},"query-input":{"@type":"PropertyValueSpecification","valueRequired":true,"valueName":"search_term_string"}}],"inLanguage":"fr-CA"}]}},"_links":{"self":[{"href":"https:\/\/noramproski.com\/fr\/wp-json\/wp\/v2\/product\/21993","targetHints":{"allow":["GET"]}}],"collection":[{"href":"https:\/\/noramproski.com\/fr\/wp-json\/wp\/v2\/product"}],"about":[{"href":"https:\/\/noramproski.com\/fr\/wp-json\/wp\/v2\/types\/product"}],"wp:featuredmedia":[{"embeddable":true,"href":"https:\/\/noramproski.com\/fr\/wp-json\/wp\/v2\/media\/21959"}],"wp:attachment":[{"href":"https:\/\/noramproski.com\/fr\/wp-json\/wp\/v2\/media?parent=21993"}],"wp:term":[{"taxonomy":"product_brand","embeddable":true,"href":"https:\/\/noramproski.com\/fr\/wp-json\/wp\/v2\/product_brand?post=21993"},{"taxonomy":"product_cat","embeddable":true,"href":"https:\/\/noramproski.com\/fr\/wp-json\/wp\/v2\/product_cat?post=21993"},{"taxonomy":"product_tag","embeddable":true,"href":"https:\/\/noramproski.com\/fr\/wp-json\/wp\/v2\/product_tag?post=21993"}],"curies":[{"name":"wp","href":"https:\/\/api.w.org\/{rel}","templated":true}]}}